{"id":1001,"date":"2021-07-15T17:03:36","date_gmt":"2021-07-16T01:03:36","guid":{"rendered":"https:\/\/lidaglassware.com\/?post_type=product&#038;p=1001"},"modified":"2024-01-16T17:36:55","modified_gmt":"2024-01-17T01:36:55","slug":"skull-shot-glasses-1-5oz-45ml","status":"publish","type":"product","link":"https:\/\/lidaglassware.com\/pt\/produto\/oculos-de-tiro-de-caveira-1-5oz-45ml\/","title":{"rendered":"Copos de shot de caveira 1,5 on\u00e7as \/ 45 ml"},"content":{"rendered":"<h2>Copos de shot de caveira 1,5 on\u00e7as \/ 45 ml<\/h2>\n<p>Estes copos exclusivos t\u00eam formato de caveira, que \u00e9 o estilo mais popular de copos. A Lida Glassware tem a capacidade de fornecer solu\u00e7\u00f5es OEM com sua opini\u00e3o sobre os \u00f3culos. S\u00f3 pensando, voc\u00ea obter\u00e1 um plano que combina perfeitamente com a satisfa\u00e7\u00e3o de seus clientes.<\/p>\n<p>Estes copos de shot oferecem um formato cl\u00e1ssico de vidro canelado, perfeito para uma medida legal de sua bebida favorita. N\u00e3o h\u00e1 necessidade de mexer em v\u00e1rias medidas de dedal tentando obter uma dose exata, basta despejar direto neste copo de base pesada para servir uma \u00fanica dose.<\/p>\n<p><strong>Copos de tiro de caveira<\/strong> s\u00e3o uma adi\u00e7\u00e3o \u00fanica e atraente a qualquer cole\u00e7\u00e3o de utens\u00edlios de bar, perfeitas para festas tem\u00e1ticas, ocasi\u00f5es especiais ou para adicionar um toque de ousadia \u00e0 sua decora\u00e7\u00e3o. Aqui est\u00e3o algumas caracter\u00edsticas principais do produto dos \u00f3culos Skull Shot:<\/p>\n<ol>\n<li><strong>Design \u00fanico:<\/strong> Cada copo tem o formato de uma caveira, proporcionando uma apar\u00eancia marcante e distinta que certamente iniciar\u00e1 conversas e chamar\u00e1 a aten\u00e7\u00e3o dos convidados.<\/li>\n<li><strong>Material de alta qualidade:<\/strong> Normalmente feito de vidro ou cristal espesso e dur\u00e1vel para garantir longevidade e resistir \u00e0 quebra.<\/li>\n<li><strong>Uso vers\u00e1til:<\/strong> Ideal para servir shots de suas bebidas favoritas, degustar diferentes licores ou at\u00e9 mesmo usar como forma criativa para apresentar mini sobremesas ou aperitivos.<\/li>\n<li><strong>Confort\u00e1vel de segurar:<\/strong> Apesar do seu formato \u00fanico, estes copos foram concebidos para serem f\u00e1ceis e confort\u00e1veis de segurar, garantindo uma experi\u00eancia de bebida agrad\u00e1vel.<\/li>\n<li><strong>Perfeito para eventos tem\u00e1ticos:<\/strong> Um sucesso em festas de Halloween, eventos com tem\u00e1tica de piratas ou qualquer reuni\u00e3o onde se deseja um toque ousado e inusitado.<\/li>\n<li><strong>Tamanho compacto:<\/strong> Os \u00f3culos Skull Shot s\u00e3o geralmente compactos e f\u00e1ceis de guardar, o que os torna um complemento pr\u00e1tico para qualquer \u00e1rea de cozinha ou bar.<\/li>\n<li><strong>F\u00e1cil de limpar:<\/strong> A maioria dos \u00f3culos Skull Shot podem ser lavados na m\u00e1quina de lavar lou\u00e7a, o que os torna t\u00e3o convenientes quanto elegantes.<\/li>\n<li><strong>Potencial de presente:<\/strong> Esses \u00f3culos s\u00e3o um presente memor\u00e1vel e \u00fanico, perfeito para quem aprecia utens\u00edlios de bar diferenciados ou tem uma queda por estilos g\u00f3ticos ou alternativos.<\/li>\n<li><strong>Capacidade:<\/strong> Eles normalmente mant\u00eam o volume padr\u00e3o da dose, garantindo que voc\u00ea possa desfrutar do seu esp\u00edrito com modera\u00e7\u00e3o enquanto aprecia a apresenta\u00e7\u00e3o \u00fanica.<\/li>\n<li><strong>Natureza colecion\u00e1vel:<\/strong> Frequentemente procurados por colecionadores e entusiastas, esses \u00f3culos podem fazer parte de uma cole\u00e7\u00e3o tem\u00e1tica ou uma pe\u00e7a de destaque em exposi\u00e7\u00e3o.<\/li>\n<\/ol>\n<p><img fetchpriority=\"high\" decoding=\"async\" class=\"aligncenter size-full wp-image-4104\" src=\"https:\/\/lidaglassware.com\/wp-content\/uploads\/2021\/07\/skull-shot-glasses.jpg\" alt=\"\u00f3culos de tiro de caveira\" width=\"807\" height=\"420\" srcset=\"https:\/\/lidaglassware.com\/wp-content\/uploads\/2021\/07\/skull-shot-glasses.jpg 807w, https:\/\/lidaglassware.com\/wp-content\/uploads\/2021\/07\/skull-shot-glasses-300x156.jpg 300w, https:\/\/lidaglassware.com\/wp-content\/uploads\/2021\/07\/skull-shot-glasses-768x400.jpg 768w, https:\/\/lidaglassware.com\/wp-content\/uploads\/2021\/07\/skull-shot-glasses-18x9.jpg 18w, https:\/\/lidaglassware.com\/wp-content\/uploads\/2021\/07\/skull-shot-glasses-600x312.jpg 600w\" sizes=\"(max-width: 807px) 100vw, 807px\" \/><\/p>\n<p><img decoding=\"async\" class=\"aligncenter size-full wp-image-4103\" src=\"https:\/\/lidaglassware.com\/wp-content\/uploads\/2021\/07\/skull-shot-glasses-2.jpg\" alt=\"\u00f3culos de tiro de caveira\" width=\"800\" height=\"459\" srcset=\"https:\/\/lidaglassware.com\/wp-content\/uploads\/2021\/07\/skull-shot-glasses-2.jpg 800w, https:\/\/lidaglassware.com\/wp-content\/uploads\/2021\/07\/skull-shot-glasses-2-300x172.jpg 300w, https:\/\/lidaglassware.com\/wp-content\/uploads\/2021\/07\/skull-shot-glasses-2-768x441.jpg 768w, https:\/\/lidaglassware.com\/wp-content\/uploads\/2021\/07\/skull-shot-glasses-2-18x10.jpg 18w, https:\/\/lidaglassware.com\/wp-content\/uploads\/2021\/07\/skull-shot-glasses-2-600x344.jpg 600w\" sizes=\"(max-width: 800px) 100vw, 800px\" \/><\/p>\n<h1 id=\"firstHeading\" class=\"firstHeading\" lang=\"en\"><span style=\"color: #000000;\">Vidro de tiro<\/span><\/h1>\n<div id=\"bodyContent\" class=\"mw-body-content\">\n<div id=\"siteSub\"><span style=\"color: #000000;\">Da Wikip\u00e9dia, a enciclop\u00e9dia livre<\/span><\/div>\n<div id=\"contentSub\"><\/div>\n<div id=\"jump-to-nav\" class=\"mw-jump\"><\/div>\n<div id=\"mw-content-text\" class=\"mw-content-ltr\" dir=\"ltr\" lang=\"en\">\n<div class=\"thumb tright\">\n<div class=\"thumbinner\">\n<p><span style=\"color: #000000;\"><a class=\"image\" style=\"color: #000000;\" href=\"https:\/\/en.wikipedia.org\/wiki\/File:Three_shotglasses.jpg\" target=\"_blank\" rel=\"noopener\"><img decoding=\"async\" class=\"thumbimage\" src=\"https:\/\/upload.wikimedia.org\/wikipedia\/commons\/thumb\/f\/fb\/Three_shotglasses.jpg\/220px-Three_shotglasses.jpg\" srcset=\"\/\/upload.wikimedia.org\/wikipedia\/commons\/thumb\/f\/fb\/Three_shotglasses.jpg\/330px-Three_shotglasses.jpg 1.5x, \/\/upload.wikimedia.org\/wikipedia\/commons\/thumb\/f\/fb\/Three_shotglasses.jpg\/440px-Three_shotglasses.jpg 2x\" alt=\"\" width=\"220\" height=\"174\" data-file-width=\"3136\" data-file-height=\"2480\"><\/a><\/span><\/p>\n<div class=\"thumbcaption\">\n<div class=\"magnify\"><\/div>\n<p><span style=\"color: #000000;\">Tr\u00eas copos de shot de formatos e tamanhos variados<\/span><\/p>\n<\/div>\n<\/div>\n<\/div>\n<div class=\"thumb tright\">\n<div class=\"thumbinner\">\n<p><span style=\"color: #000000;\"><a class=\"image\" style=\"color: #000000;\" href=\"https:\/\/en.wikipedia.org\/wiki\/File:Novelty_Shot_Glasses.JPG\" target=\"_blank\" rel=\"noopener\"><img loading=\"lazy\" decoding=\"async\" class=\"thumbimage\" src=\"https:\/\/upload.wikimedia.org\/wikipedia\/commons\/thumb\/0\/0b\/Novelty_Shot_Glasses.JPG\/220px-Novelty_Shot_Glasses.JPG\" srcset=\"\/\/upload.wikimedia.org\/wikipedia\/commons\/thumb\/0\/0b\/Novelty_Shot_Glasses.JPG\/330px-Novelty_Shot_Glasses.JPG 1.5x, \/\/upload.wikimedia.org\/wikipedia\/commons\/thumb\/0\/0b\/Novelty_Shot_Glasses.JPG\/440px-Novelty_Shot_Glasses.JPG 2x\" alt=\"\" width=\"220\" height=\"121\" data-file-width=\"3048\" data-file-height=\"1683\"><\/a><\/span><\/p>\n<div class=\"thumbcaption\">\n<div class=\"magnify\"><\/div>\n<p><span style=\"color: #000000;\">Copos shot com diversos designs. Copos de shot como esses costumam ser coletados como novidades.<\/span><\/p>\n<\/div>\n<\/div>\n<\/div>\n<p><span style=\"color: #000000;\">A <b>vidro de tiro<\/b> \u00e9 um pequeno <a class=\"mw-redirect\" style=\"color: #000000;\" title=\"Copo (copos)\" href=\"https:\/\/en.wikipedia.org\/wiki\/Glass_(drinkware)\" target=\"_blank\" rel=\"nofollow noopener\">vidro<\/a> projetado para segurar ou medir <a style=\"color: #000000;\" title=\"Bebida destilada\" href=\"https:\/\/en.wikipedia.org\/wiki\/Distilled_beverage\" target=\"_blank\" rel=\"nofollow noopener\">bebidas espirituosas ou licor<\/a>, que pode ser bebido direto do copo (\u201cuma dose\u201d) ou servido em um <a style=\"color: #000000;\" title=\"Coquetel\" href=\"https:\/\/en.wikipedia.org\/wiki\/Cocktail\" target=\"_blank\" rel=\"nofollow noopener\">coquetel<\/a>. Uma \u201cdose\u201d de bebida alco\u00f3lica n\u00e3o \u00e9 o mesmo que uma \u201c<a style=\"color: #000000;\" title=\"Atirador (bebida)\" href=\"https:\/\/en.wikipedia.org\/wiki\/Shooter_(drink)\" target=\"_blank\" rel=\"nofollow noopener\">atirador<\/a>&#8220;.<\/span><\/p>\n<p><span style=\"color: #000000;\">Copos de shot decorados com uma grande variedade de <a style=\"color: #000000;\" title=\"Brinde (honra)\" href=\"https:\/\/en.wikipedia.org\/wiki\/Toast_(honor)\" target=\"_blank\" rel=\"nofollow noopener\">Torradas<\/a>, an\u00fancios e imagens humor\u00edsticas s\u00e3o populares <a style=\"color: #000000;\" title=\"Lembran\u00e7a\" href=\"https:\/\/en.wikipedia.org\/wiki\/Souvenir\" target=\"_blank\" rel=\"nofollow noopener\">recorda\u00e7\u00f5es<\/a> e <a style=\"color: #000000;\" title=\"Cervejeira\" href=\"https:\/\/en.wikipedia.org\/wiki\/Breweriana\" target=\"_blank\" rel=\"nofollow noopener\">colecion\u00e1veis<\/a>.<\/span><\/p>\n<\/div>\n<\/div>","protected":false},"excerpt":{"rendered":"<p>O Copo Skull Shot \u00e9 uma escolha ousada e diferenciada para servir shots, combinando um toque macabro com um toque l\u00fadico. Ideais para festas tem\u00e1ticas, ocasi\u00f5es especiais ou como um complemento exclusivo para qualquer cole\u00e7\u00e3o de bar, esses \u00f3culos foram projetados para se assemelhar a um cr\u00e2nio humano, oferecendo uma maneira visualmente impressionante de saborear suas bebidas destiladas favoritas. Seja para uma celebra\u00e7\u00e3o de Halloween, um evento com tema de piratas ou simplesmente para adicionar algum personagem ao seu bar, os \u00f3culos Skull Shot certamente ser\u00e3o um ponto de partida para uma conversa.<\/p>","protected":false},"featured_media":4067,"comment_status":"closed","ping_status":"closed","template":"","meta":[],"class_list":["post-1001","product","type-product","status-publish","has-post-thumbnail","hentry","product_cat-branded-glasses","product_cat-shot-glasses","product_tag-branded-glasses","product_tag-shot-glasses"],"_links":{"self":[{"href":"https:\/\/lidaglassware.com\/pt\/wp-json\/wp\/v2\/product\/1001","targetHints":{"allow":["GET"]}}],"collection":[{"href":"https:\/\/lidaglassware.com\/pt\/wp-json\/wp\/v2\/product"}],"about":[{"href":"https:\/\/lidaglassware.com\/pt\/wp-json\/wp\/v2\/types\/product"}],"replies":[{"embeddable":true,"href":"https:\/\/lidaglassware.com\/pt\/wp-json\/wp\/v2\/comments?post=1001"}],"wp:featuredmedia":[{"embeddable":true,"href":"https:\/\/lidaglassware.com\/pt\/wp-json\/wp\/v2\/media\/4067"}],"wp:attachment":[{"href":"https:\/\/lidaglassware.com\/pt\/wp-json\/wp\/v2\/media?parent=1001"}],"curies":[{"name":"wp","href":"https:\/\/api.w.org\/{rel}","templated":true}]}}