{"id":1030,"date":"2021-07-15T17:08:16","date_gmt":"2021-07-16T01:08:16","guid":{"rendered":"https:\/\/lidaglassware.com\/?post_type=product&#038;p=1030"},"modified":"2021-07-18T23:42:24","modified_gmt":"2021-07-19T07:42:24","slug":"blue-colored-mason-jar-mug-16oz-453ml","status":"publish","type":"product","link":"https:\/\/lidaglassware.com\/pt\/produto\/caneca-frasco-de-pedreiro-de-cor-azul-16oz-453ml\/","title":{"rendered":"Caneca Mason Jar de cor azul 16 on\u00e7as \/ 453 ml"},"content":{"rendered":"<h4><span style=\"color: #333333;\"><strong>Caracter\u00edsticas:<\/strong><\/span><\/h4>\n<ul>\n<li>Caneca colorida Mason Jar<\/li>\n<li>Material: vidro de cal sodada<\/li>\n<li>Cor: De acordo com Pantone<\/li>\n<li>Acess\u00f3rio: tampa e canudo para caneca de vidro<\/li>\n<li>Logotipo em relevo mut\u00e1vel<\/li>\n<li>Pode ser lavado na m\u00e1quina de lavar lou\u00e7a<\/li>\n<li>Caixa de presente dispon\u00edvel<\/li>\n<\/ul>","protected":false},"excerpt":{"rendered":"<p>Um belo lembrete dos dias quentes de ver\u00e3o, esta caneca em frasco de vidro remonta aos bons velhos tempos. \u00c9 \u00f3timo para o uso di\u00e1rio e \u00e9 a base perfeita para presentes e artesanato sazonais.<\/p>","protected":false},"featured_media":1158,"comment_status":"closed","ping_status":"closed","template":"","meta":[],"class_list":["post-1030","product","type-product","status-publish","has-post-thumbnail","hentry","product_cat-bottles-and-jars","product_cat-colored-glasses","product_tag-colored-glass","product_tag-mason-jar-mug","product_tag-pint-glass","product_tag-sprayed-glass"],"_links":{"self":[{"href":"https:\/\/lidaglassware.com\/pt\/wp-json\/wp\/v2\/product\/1030","targetHints":{"allow":["GET"]}}],"collection":[{"href":"https:\/\/lidaglassware.com\/pt\/wp-json\/wp\/v2\/product"}],"about":[{"href":"https:\/\/lidaglassware.com\/pt\/wp-json\/wp\/v2\/types\/product"}],"replies":[{"embeddable":true,"href":"https:\/\/lidaglassware.com\/pt\/wp-json\/wp\/v2\/comments?post=1030"}],"wp:featuredmedia":[{"embeddable":true,"href":"https:\/\/lidaglassware.com\/pt\/wp-json\/wp\/v2\/media\/1158"}],"wp:attachment":[{"href":"https:\/\/lidaglassware.com\/pt\/wp-json\/wp\/v2\/media?parent=1030"}],"curies":[{"name":"wp","href":"https:\/\/api.w.org\/{rel}","templated":true}]}}