{"id":1034,"date":"2021-07-15T17:08:52","date_gmt":"2021-07-16T01:08:52","guid":{"rendered":"https:\/\/lidaglassware.com\/?post_type=product&#038;p=1034"},"modified":"2021-07-18T23:47:40","modified_gmt":"2021-07-19T07:47:40","slug":"gradient-colored-mason-jar-mug-16oz-453ml","status":"publish","type":"product","link":"https:\/\/lidaglassware.com\/pt\/produto\/caneca-frasco-de-pedreiro-colorido-gradiente-16oz-453ml\/","title":{"rendered":"Caneca Mason Jar de cor gradiente 16 on\u00e7as \/ 453 ml"},"content":{"rendered":"<p>Um belo lembrete dos dias quentes de ver\u00e3o, esta caneca em frasco de vidro remonta aos bons velhos tempos. \u00c9 \u00f3timo para o uso di\u00e1rio e \u00e9 a base perfeita para presentes e artesanato sazonais.<\/p>","protected":false},"excerpt":{"rendered":"<p>Um belo lembrete dos dias quentes de ver\u00e3o, esta caneca em frasco de vidro remonta aos bons velhos tempos. \u00c9 \u00f3timo para o uso di\u00e1rio e \u00e9 a base perfeita para presentes e artesanato sazonais.<\/p>","protected":false},"featured_media":1163,"comment_status":"closed","ping_status":"closed","template":"","meta":[],"class_list":["post-1034","product","type-product","status-publish","has-post-thumbnail","hentry","product_cat-bottles-and-jars","product_cat-colored-glasses","product_tag-colored-glass","product_tag-mason-jar-mug","product_tag-pint-glass","product_tag-sprayed-glass"],"_links":{"self":[{"href":"https:\/\/lidaglassware.com\/pt\/wp-json\/wp\/v2\/product\/1034","targetHints":{"allow":["GET"]}}],"collection":[{"href":"https:\/\/lidaglassware.com\/pt\/wp-json\/wp\/v2\/product"}],"about":[{"href":"https:\/\/lidaglassware.com\/pt\/wp-json\/wp\/v2\/types\/product"}],"replies":[{"embeddable":true,"href":"https:\/\/lidaglassware.com\/pt\/wp-json\/wp\/v2\/comments?post=1034"}],"wp:featuredmedia":[{"embeddable":true,"href":"https:\/\/lidaglassware.com\/pt\/wp-json\/wp\/v2\/media\/1163"}],"wp:attachment":[{"href":"https:\/\/lidaglassware.com\/pt\/wp-json\/wp\/v2\/media?parent=1034"}],"curies":[{"name":"wp","href":"https:\/\/api.w.org\/{rel}","templated":true}]}}