{"id":1038,"date":"2021-07-15T17:09:28","date_gmt":"2021-07-16T01:09:28","guid":{"rendered":"https:\/\/lidaglassware.com\/?post_type=product&#038;p=1038"},"modified":"2021-07-18T23:44:18","modified_gmt":"2021-07-19T07:44:18","slug":"cocktail-shaker-lid-with-silicone-seals-for-regular-mouth-mason-ball-canning-jars-stainless-steel","status":"publish","type":"product","link":"https:\/\/lidaglassware.com\/pt\/produto\/tampa-de-coqueteleira-com-vedacoes-de-silicone-para-frascos-de-boca-de-pedreiro-de-boca-regulares-de-aco-inoxidavel\/","title":{"rendered":"Tampa de coqueteleira com veda\u00e7\u00f5es de silicone para pedreiro de boca normal, bola e potes de conservas (a\u00e7o inoxid\u00e1vel)"},"content":{"rendered":"<h4><span style=\"color: #333333;\">Caracter\u00edsticas<\/span><\/h4>\n<ul>\n<li>Tampa para coqueteleira<\/li>\n<li>Material: a\u00e7o inoxid\u00e1vel<\/li>\n<li>Cor: Cor met\u00e1lica, polida ou n\u00e3o polida<\/li>\n<li>Uso: Para Mason Jar ou Caneca<\/li>\n<li>O logotipo do laser \u00e9 aceit\u00e1vel<\/li>\n<li>Comida segura<\/li>\n<li>Embalado com Mason Jar ou Caneca<\/li>\n<\/ul>\n<p>Esta tampa de coqueteleira de a\u00e7o inoxid\u00e1vel n\u00e3o vaza e n\u00e3o enferruja! Experimentamos todos os shakers para potes Mason do mercado e descobrimos que todos vazavam quando voc\u00ea os agitava, seja onde o pote encontra a tampa ou onde a tampa e a tampa pequena se encontram. Nossa solu\u00e7\u00e3o foram dois an\u00e9is de veda\u00e7\u00e3o de silicone customizados e agora podemos oferecer aos nossos clientes o melhor produto do mercado!<\/p>\n<p>&nbsp;<\/p>","protected":false},"excerpt":{"rendered":"<p>Misture suas bebidas com estilo. Esta tampa exclusiva do shaker Mason certamente atrair\u00e1 aten\u00e7\u00e3o e coment\u00e1rios. Compre extras para seus amigos, porque eles ficar\u00e3o com ci\u00fames quando voc\u00ea enroscar esta tampa incr\u00edvel em seu pote Mason e preparar um lote de deliciosos martinis, margaritas ou o coquetel da casa do momento.<\/p>","protected":false},"featured_media":1168,"comment_status":"closed","ping_status":"closed","template":"","meta":[],"class_list":["post-1038","product","type-product","status-publish","has-post-thumbnail","hentry","product_cat-bottles-and-jars","product_tag-mason-jar-mug","product_tag-shaker-lid"],"_links":{"self":[{"href":"https:\/\/lidaglassware.com\/pt\/wp-json\/wp\/v2\/product\/1038","targetHints":{"allow":["GET"]}}],"collection":[{"href":"https:\/\/lidaglassware.com\/pt\/wp-json\/wp\/v2\/product"}],"about":[{"href":"https:\/\/lidaglassware.com\/pt\/wp-json\/wp\/v2\/types\/product"}],"replies":[{"embeddable":true,"href":"https:\/\/lidaglassware.com\/pt\/wp-json\/wp\/v2\/comments?post=1038"}],"wp:featuredmedia":[{"embeddable":true,"href":"https:\/\/lidaglassware.com\/pt\/wp-json\/wp\/v2\/media\/1168"}],"wp:attachment":[{"href":"https:\/\/lidaglassware.com\/pt\/wp-json\/wp\/v2\/media?parent=1038"}],"curies":[{"name":"wp","href":"https:\/\/api.w.org\/{rel}","templated":true}]}}