{"id":1118,"date":"2021-07-15T17:23:17","date_gmt":"2021-07-16T01:23:17","guid":{"rendered":"https:\/\/lidaglassware.com\/?post_type=product&#038;p=1118"},"modified":"2024-01-15T21:23:06","modified_gmt":"2024-01-16T05:23:06","slug":"stemless-wine-glasses-18oz-500ml","status":"publish","type":"product","link":"https:\/\/lidaglassware.com\/pt\/produto\/tacas-de-vinho-sem-haste-18oz-500ml\/","title":{"rendered":"Ta\u00e7as de vinho sem haste 18 on\u00e7as \/ 500ml"},"content":{"rendered":"<h2>Ta\u00e7as de vinho sem haste 18 on\u00e7as \/ 500ml<\/h2>\n<p>Ta\u00e7as de vinho personalizadas d\u00e3o um toque \u00fanico \u00e0s suas diferentes utiliza\u00e7\u00f5es. Esses \u00f3culos personalizados podem ser usados como lembrancinhas ou presentes com uma variedade de designs com cora\u00e7\u00f5es entrela\u00e7ados. Ideal para casamentos, anivers\u00e1rios e comemora\u00e7\u00f5es de anivers\u00e1rio em ocasi\u00f5es especiais. Compre extra para usar em casa.<\/p>\n<div class=\"mw-body-content\">\n<div id=\"bodyContent\" class=\"mw-body-content\">\n<div id=\"mw-content-text\" class=\"mw-content-ltr\" dir=\"ltr\" lang=\"en\">\n<header class=\"content-header\">\n<h1><span style=\"color: #000000;\">Ta\u00e7as de vinho sem haste<\/span><\/h1>\n<div class=\"author\" data-track-section=\"Author\" data-track-ranker=\"*\">\n<div class=\"byline\"><span style=\"color: #000000;\">Por\u00a0<a style=\"color: #000000;\" href=\"https:\/\/www.lovetoknow.com\/member\/95~karen-frazier\" target=\"_blank\" rel=\"nofollow noopener\">Karen Frazier<\/a><span class=\"role\">Especialista em Denomina\u00e7\u00e3o de Vinhos da Calif\u00f3rnia (CWAS)<\/span><\/span><\/div>\n<\/div>\n<\/header>\n<section class=\"content-body text incontent-ads-area\" data-track-section=\"Body\" data-track-ranker=\"*\">\n<figure id=\"image-primary\" class=\"image image-primary\" data-track-section=\"Image - Primary\"><span style=\"color: #000000;\"><a style=\"color: #000000;\" title=\"vinho\" href=\"https:\/\/wine.lovetoknow.com\/image\/110655~Cork_and_screw.jpg\" target=\"_blank\" rel=\"noopener\"><img decoding=\"async\" src=\"https:\/\/cf.ltkcdn.net\/wine\/images\/std\/110655-300x199-Cork_and_screw.jpg\" alt=\"vinho\" \/><\/a><\/span><\/figure>\n<p><span style=\"color: #000000;\">Quando as ta\u00e7as de vinho sem haste chegaram ao mercado, os entusiastas do vinho n\u00e3o sabiam o que fazer com elas. O design desafiou s\u00e9culos de tradi\u00e7\u00e3o vitivin\u00edcola, no\u00e7\u00e3o de extrema import\u00e2ncia na cultura enol\u00f3gica. A pura n\u00e3o convencionalidade das ta\u00e7as, no entanto, combinava com muitas das atitudes emocionantes da vinifica\u00e7\u00e3o do Novo Mundo, como rolhas sint\u00e9ticas ou tampas de rosca e vinhos ousados, suculentos e frutados do Novo Mundo de variedades e misturas n\u00e3o tradicionais. \u00c0 medida que a produ\u00e7\u00e3o de vinho entrava numa nova era, o mesmo acontecia com a variedade de recipientes onde os amantes do vinho podiam beb\u00ea-lo.<\/span><\/p>\n<div id=\"afs-top\" class=\"ad ad-afs\"><\/div>\n<h2><span style=\"color: #000000;\">Mesma forma, sem haste<\/span><\/h2>\n<p><span style=\"color: #000000;\">Tradicional\u00a0<a style=\"color: #000000;\" title=\"Ta\u00e7as de vinho\" href=\"https:\/\/wine.lovetoknow.com\/wiki\/Types_of_Wine_Glasses\" target=\"_blank\" rel=\"noopener\">ta\u00e7as<\/a>\u00a0para o vinho baseia-se em muitas conven\u00e7\u00f5es pensadas para melhorar a experi\u00eancia de beber vinho.<\/span><\/p>\n<ul>\n<li><span style=\"color: #000000;\">O formato da tigela varia para os diferentes tipos de vinhos, a fim de coloc\u00e1-los na boca ao longo das papilas gustativas com maior probabilidade de perceber os sabores \u00fanicos do vinho.<\/span><\/li>\n<li><span style=\"color: #000000;\">O tamanho e a forma das bordas direcionam os aromas da forma mais agrad\u00e1vel para o tipo de vinho que voc\u00ea est\u00e1 bebendo.<\/span><\/li>\n<li><span style=\"color: #000000;\">O material com que s\u00e3o feitas as ta\u00e7as reflete a clareza e a cor do vinho.<\/span><\/li>\n<li><span style=\"color: #000000;\">A haste permite segurar a ta\u00e7a sem projetar o calor da m\u00e3o atrav\u00e9s da tigela da ta\u00e7a e aquecer o vinho al\u00e9m da temperatura ideal.<\/span><\/li>\n<\/ul>\n<p><span style=\"color: #000000;\">Ta\u00e7as de vinho sem haste tamb\u00e9m fazem todas essas coisas, exceto o item final. Parecem a tigela de ta\u00e7as de vinho tradicionais, mas n\u00e3o t\u00eam a haste. Em vez disso, as ta\u00e7as de vinho sem haste t\u00eam um ponto plano no fundo da tigela para que voc\u00ea possa coloc\u00e1-las com cuidado sobre uma superf\u00edcie. Existem muitas variedades de ta\u00e7as de vinho sem haste para diferentes tipos de vinho, tanto tintos quanto brancos.<\/span><\/p>\n<h2><span style=\"color: #000000;\">O bom e o mau<\/span><\/h2>\n<p><span style=\"color: #000000;\">O que mais preocupava os en\u00f3filos era a falta de caule. Eles puderam reconhecer as tigelas de formato \u00fanico dos copos, mas muitos acharam a falta de uma haste confusa. Sem haste para segurar, como evitar aquecer o vinho? Da mesma forma, como agitar eficazmente o vinho para observar as suas pernas e libertar os seus aromas sem uma haste para segurar o copo?<\/span><\/p>\n<h3><span style=\"color: #000000;\">Benef\u00edcios<\/span><\/h3>\n<p><span style=\"color: #000000;\">Ta\u00e7as de vinho sem haste, na verdade, fazem sentido de v\u00e1rias maneiras e oferecem vantagens distintas sobre seus primos com haste.<\/span><\/p>\n<ul>\n<li><span style=\"color: #000000;\">A falta de hastes faz com que eles se encaixem melhor em qualquer lugar onde voc\u00ea gostaria de coloc\u00e1-los. Os arm\u00e1rios os seguram com mais efici\u00eancia e \u00e9 f\u00e1cil lav\u00e1-los na prateleira superior da m\u00e1quina de lavar lou\u00e7a.<\/span><\/li>\n<li><span style=\"color: #000000;\">Os caules podem ser fr\u00e1geis e f\u00e1ceis de quebrar. A remo\u00e7\u00e3o das hastes torna os \u00f3culos mais resistentes. Sem caules, s\u00e3o mais f\u00e1ceis de embalar (cuidadosamente acolchoados, claro) para piqueniques ou para levar para a casa de um amigo.<\/span><\/li>\n<li><span style=\"color: #000000;\">Os \u00f3culos refletem um estilo mais alinhado com o entretenimento casual de hoje. Ao retirar as hastes dos copos, eles parecem muito menos formais e mais acess\u00edveis, convidando ao uso di\u00e1rio e causal.<\/span><\/li>\n<li><span style=\"color: #000000;\">Mesmo sem hastes, as ta\u00e7as permanecem reconhec\u00edveis como ta\u00e7as de vinho.<\/span><\/li>\n<\/ul>\n<\/section>\n<\/div>\n<\/div>\n<\/div>","protected":false},"excerpt":{"rendered":"<p><strong>Ta\u00e7as de vinho sem haste<\/strong> representam uma evolu\u00e7\u00e3o moderna no mundo da <strong>artigos de vidro<\/strong>. Estes recipientes inovadores, desprovidos da haste tradicional, oferecem um apelo est\u00e9tico \u00fanico, combinando perfeitamente com os arranjos de mesa contempor\u00e2neos. Embora alguns puristas possam argumentar a favor do design cl\u00e1ssico com haste, a variante sem haste oferece praticidade ineg\u00e1vel.<\/p>\n<p>A aus\u00eancia de haste reduz o risco de quebra, tornando estes \u00f3culos particularmente adequados para reuni\u00f5es casuais e eventos movimentados. Al\u00e9m disso, sua natureza compacta facilita o armazenamento, uma vantagem para quem tem espa\u00e7o limitado no gabinete. Al\u00e9m da mera funcionalidade, <strong>ta\u00e7as de vinho sem haste<\/strong> exalam uma eleg\u00e2ncia minimalista, elevando a experi\u00eancia de beber vinho.<\/p>","protected":false},"featured_media":4053,"comment_status":"closed","ping_status":"closed","template":"","meta":[],"class_list":["post-1118","product","type-product","status-publish","has-post-thumbnail","hentry","product_cat-branded-glasses","product_cat-wine-glasses","product_tag-branded-glasses","product_tag-decal-process","product_tag-decorated-glasses","product_tag-whiskey-glass","product_tag-wine-glass"],"_links":{"self":[{"href":"https:\/\/lidaglassware.com\/pt\/wp-json\/wp\/v2\/product\/1118","targetHints":{"allow":["GET"]}}],"collection":[{"href":"https:\/\/lidaglassware.com\/pt\/wp-json\/wp\/v2\/product"}],"about":[{"href":"https:\/\/lidaglassware.com\/pt\/wp-json\/wp\/v2\/types\/product"}],"replies":[{"embeddable":true,"href":"https:\/\/lidaglassware.com\/pt\/wp-json\/wp\/v2\/comments?post=1118"}],"wp:featuredmedia":[{"embeddable":true,"href":"https:\/\/lidaglassware.com\/pt\/wp-json\/wp\/v2\/media\/4053"}],"wp:attachment":[{"href":"https:\/\/lidaglassware.com\/pt\/wp-json\/wp\/v2\/media?parent=1118"}],"curies":[{"name":"wp","href":"https:\/\/api.w.org\/{rel}","templated":true}]}}