{"id":1171,"date":"2021-07-15T17:30:49","date_gmt":"2021-07-16T01:30:49","guid":{"rendered":"https:\/\/lidaglassware.com\/?post_type=product&#038;p=1171"},"modified":"2024-01-16T18:08:02","modified_gmt":"2024-01-17T02:08:02","slug":"decorated-bullet-shot-glasses-1-5oz-40ml","status":"publish","type":"product","link":"https:\/\/lidaglassware.com\/pt\/produto\/copos-de-bala-decorados-1-5oz-40ml\/","title":{"rendered":"Copos Bullet Shot Decorados 1,5 on\u00e7as \/ 40 ml"},"content":{"rendered":"<h2>Copos Bullet decorados<\/h2>\n<p>Este pequeno copo de bala \u00e9 perfeito para balan\u00e7ar para tr\u00e1s e acertar aqueles atiradores que d\u00e3o \u00e1gua nos olhos.<\/p>\n<p>A base espessa confere a este vidro for\u00e7a e robustez extras, proporcionando tranquilidade ao distribuir fotos perigosas entre amigos.<\/p>\n<p><strong>Caracter\u00edsticas do produto dos \u00f3culos Bullet Shot:<\/strong><\/p>\n<ul>\n<li><strong>Design diferenciado:<\/strong> Os \u00f3culos Bullet Shot apresentam um design exclusivo com uma bala embutida na lateral do vidro, dando a apar\u00eancia de que o vidro foi baleado. Este design diferenciado faz com que esses copos se destaquem e adicione um toque de charme robusto \u00e0 sua cole\u00e7\u00e3o de utens\u00edlios de bar. Mas \u00e0s vezes tamb\u00e9m chamamos um pequeno copo de formato redondo de copo de bala.<\/li>\n<\/ul>\n<p><img fetchpriority=\"high\" decoding=\"async\" class=\"aligncenter size-full wp-image-4105\" src=\"https:\/\/lidaglassware.com\/wp-content\/uploads\/2021\/07\/Bullet-Shot-Glasses.jpg\" alt=\"Copos de bala\" width=\"900\" height=\"622\" srcset=\"https:\/\/lidaglassware.com\/wp-content\/uploads\/2021\/07\/Bullet-Shot-Glasses.jpg 900w, https:\/\/lidaglassware.com\/wp-content\/uploads\/2021\/07\/Bullet-Shot-Glasses-300x207.jpg 300w, https:\/\/lidaglassware.com\/wp-content\/uploads\/2021\/07\/Bullet-Shot-Glasses-768x531.jpg 768w, https:\/\/lidaglassware.com\/wp-content\/uploads\/2021\/07\/Bullet-Shot-Glasses-18x12.jpg 18w, https:\/\/lidaglassware.com\/wp-content\/uploads\/2021\/07\/Bullet-Shot-Glasses-600x415.jpg 600w\" sizes=\"(max-width: 900px) 100vw, 900px\" \/><\/p>\n<ul>\n<li><strong>Material de alta qualidade:<\/strong> Feitos de vidro dur\u00e1vel e de alta qualidade, esses copos s\u00e3o feitos para durar e resistir ao uso regular.<\/li>\n<li><strong>Capacidade padr\u00e3o:<\/strong> Normalmente projetado para conter o volume padr\u00e3o da dose (cerca de 1,5 a 2 on\u00e7as), perfeito para servir destilados e licores.<\/li>\n<li><strong>Base est\u00e1vel:<\/strong> Apesar do design exclusivo, esses copos mant\u00eam uma base est\u00e1vel para garantir que sua bebida permane\u00e7a segura na mesa.<\/li>\n<li><strong>Iniciador de conversa:<\/strong> O design do marcador incorporado certamente chamar\u00e1 a aten\u00e7\u00e3o e estimular\u00e1 conversas entre seus convidados.<\/li>\n<li><strong>Presente ideal:<\/strong> Os copos Bullet Shot s\u00e3o um presente \u00fanico e memor\u00e1vel, especialmente para quem aprecia utens\u00edlios de bar novos e tem\u00e1ticos.<\/li>\n<li><strong>F\u00e1cil de limpar:<\/strong> Esses \u00f3culos s\u00e3o f\u00e1ceis de limpar e manter, embora seja recomendado lavar as m\u00e3os para preservar os intrincados detalhes do design da bala.<\/li>\n<\/ul>\n<p><strong>Uso de \u00f3culos de bala:<\/strong><\/p>\n<p>Os copos Bullet Shot s\u00e3o perfeitos para diversas ocasi\u00f5es, adicionando um toque \u00fanico e tem\u00e1tico \u00e0 sua experi\u00eancia de beber. Eles podem ser usados para servir doses de u\u00edsque, tequila, vodka ou qualquer outra bebida de sua prefer\u00eancia. Esses \u00f3culos s\u00e3o particularmente populares para festas tem\u00e1ticas, eventos especiais ou como um complemento exclusivo para qualquer bar dom\u00e9stico. Eles tamb\u00e9m podem servir como uma interessante pe\u00e7a de exibi\u00e7\u00e3o ou como parte de um conjunto de colecionador.<\/p>","protected":false},"excerpt":{"rendered":"<p>Com capacidade para 40 ml da dose desejada, o copo Bullet Shot \u00e9 ideal para qualquer coisa, desde uma dose de tequila at\u00e9 uma dose de u\u00edsque.<\/p>\n<p>Os \u00f3culos Bullet Shot s\u00e3o o ep\u00edtome do barware ousado e ousado, apresentando um design marcante com uma bala falsa embutida na lateral, criando a ilus\u00e3o de um copo no meio do shot. Fabricados em vidro de alta qualidade para durabilidade e exibi\u00e7\u00e3o clara de suas bebidas destiladas favoritas, esses copos mant\u00eam o volume padr\u00e3o da dose, tornando-os perfeitos para desfrutar de u\u00edsque, tequila ou vodca. Ideais para festas tem\u00e1ticas, como itens de colecionador ou como presente exclusivo, os \u00f3culos Bullet Shot prometem ser um ponto de partida para conversas e um complemento de destaque para qualquer cole\u00e7\u00e3o de bar dom\u00e9stico.<\/p>","protected":false},"featured_media":1265,"comment_status":"closed","ping_status":"closed","template":"","meta":[],"class_list":["post-1171","product","type-product","status-publish","has-post-thumbnail","hentry","product_cat-colored-glasses","product_cat-shot-glasses","product_tag-colored-glass","product_tag-decorated-glasses","product_tag-liquor-promoting","product_tag-shot-glasses"],"_links":{"self":[{"href":"https:\/\/lidaglassware.com\/pt\/wp-json\/wp\/v2\/product\/1171","targetHints":{"allow":["GET"]}}],"collection":[{"href":"https:\/\/lidaglassware.com\/pt\/wp-json\/wp\/v2\/product"}],"about":[{"href":"https:\/\/lidaglassware.com\/pt\/wp-json\/wp\/v2\/types\/product"}],"replies":[{"embeddable":true,"href":"https:\/\/lidaglassware.com\/pt\/wp-json\/wp\/v2\/comments?post=1171"}],"wp:featuredmedia":[{"embeddable":true,"href":"https:\/\/lidaglassware.com\/pt\/wp-json\/wp\/v2\/media\/1265"}],"wp:attachment":[{"href":"https:\/\/lidaglassware.com\/pt\/wp-json\/wp\/v2\/media?parent=1171"}],"curies":[{"name":"wp","href":"https:\/\/api.w.org\/{rel}","templated":true}]}}