{"id":1172,"date":"2021-07-15T17:30:49","date_gmt":"2021-07-16T01:30:49","guid":{"rendered":"https:\/\/lidaglassware.com\/?post_type=product&#038;p=1172"},"modified":"2021-07-18T23:55:17","modified_gmt":"2021-07-19T07:55:17","slug":"hiball-tumbler-set-in-decorations-14-8oz-420ml","status":"publish","type":"product","link":"https:\/\/lidaglassware.com\/pt\/produto\/hiball-copo-conjunto-em-decoracoes-14-8oz-420ml\/","title":{"rendered":"Conjunto de copos Hiball em decora\u00e7\u00f5es 14,8 on\u00e7as \/ 420 ml"},"content":{"rendered":"<h2>Conjunto de copos Hiball em decora\u00e7\u00f5es 14,8 on\u00e7as \/ 420 ml<\/h2>\n<p>Estes copos de mesa s\u00e3o adequados para ambientes comerciais e tamb\u00e9m para casa. Esses copos hiball foram feitos de vidro de cal sodada. E eles podem suportar o uso di\u00e1rio intenso.<\/p>\n<p>Eles s\u00e3o produzidos por prensagem \u00e0 m\u00e1quina. Mostra a clareza superior e uma borda fina. Voc\u00ea pode ter sua pr\u00f3pria apresenta\u00e7\u00e3o de bebidas.<\/p>\n<div><\/div>\n<div><\/div>\n<div class=\"fusion-li-item-content\"><strong>Caracter\u00edsticas:<\/strong><\/div>\n<ul>\n<li>Copo de vidro de mesa<\/li>\n<li>Material: vidro de cal sodada<\/li>\n<li>Design cl\u00e1ssico<\/li>\n<li>Caixa de presente dispon\u00edvel<\/li>\n<li>Pode ser lavado na m\u00e1quina de lavar lou\u00e7a<\/li>\n<li>Ideal para servir coquet\u00e9is curtos e bebidas espirituosas puras ou com gelo<\/li>\n<li>Adequado para uso comercial<\/li>\n<\/ul>","protected":false},"excerpt":{"rendered":"<p>Adequado para uso em ambientes comerciais como restaurantes, pubs, festas, etc. Espero que voc\u00ea esteja se divertindo com esses copos.<\/p>","protected":false},"featured_media":1267,"comment_status":"closed","ping_status":"closed","template":"","meta":[],"class_list":["post-1172","product","type-product","status-publish","has-post-thumbnail","hentry","product_cat-colored-glasses","product_cat-tumbler-glasses","product_tag-colored-glass","product_tag-custom-glasses","product_tag-decorated-glasses","product_tag-glass-tumbler","product_tag-pint-glass","product_tag-sprayed-glass","product_tag-table-glass"],"_links":{"self":[{"href":"https:\/\/lidaglassware.com\/pt\/wp-json\/wp\/v2\/product\/1172","targetHints":{"allow":["GET"]}}],"collection":[{"href":"https:\/\/lidaglassware.com\/pt\/wp-json\/wp\/v2\/product"}],"about":[{"href":"https:\/\/lidaglassware.com\/pt\/wp-json\/wp\/v2\/types\/product"}],"replies":[{"embeddable":true,"href":"https:\/\/lidaglassware.com\/pt\/wp-json\/wp\/v2\/comments?post=1172"}],"wp:featuredmedia":[{"embeddable":true,"href":"https:\/\/lidaglassware.com\/pt\/wp-json\/wp\/v2\/media\/1267"}],"wp:attachment":[{"href":"https:\/\/lidaglassware.com\/pt\/wp-json\/wp\/v2\/media?parent=1172"}],"curies":[{"name":"wp","href":"https:\/\/api.w.org\/{rel}","templated":true}]}}