{"id":1179,"date":"2021-07-15T17:31:55","date_gmt":"2021-07-16T01:31:55","guid":{"rendered":"https:\/\/lidaglassware.com\/?post_type=product&#038;p=1179"},"modified":"2021-07-15T18:14:53","modified_gmt":"2021-07-16T02:14:53","slug":"hiball-tumbler-set-in-gradient-14-8oz-420ml","status":"publish","type":"product","link":"https:\/\/lidaglassware.com\/pt\/produto\/hiball-copo-conjunto-em-gradiente-14-8oz-420ml\/","title":{"rendered":"Conjunto de copos Hiball em gradiente 14,8 on\u00e7as \/ 420 ml"},"content":{"rendered":"<h2>Conjunto de copos Hiball em gradiente 14,8 on\u00e7as \/ 420 ml<\/h2>\n<p>Eles s\u00e3o produzidos por prensagem \u00e0 m\u00e1quina. Mostra a clareza superior e uma borda fina. Voc\u00ea pode ter sua pr\u00f3pria apresenta\u00e7\u00e3o de bebidas.<\/p>\n<p>Adequado para uso em ambientes comerciais como restaurantes, pubs, festas, etc. Espero que voc\u00ea esteja se divertindo com esses copos.<\/p>\n<p>&nbsp;<\/p>\n<h3 id=\"firstHeading\" class=\"firstHeading\" lang=\"en\"><span style=\"color: #000000;\">Copo (vidro)<\/span><\/h3>\n<div id=\"bodyContent\" class=\"mw-body-content\">\n<div id=\"siteSub\" class=\"noprint\">Da Wikip\u00e9dia, a enciclop\u00e9dia livre<\/div>\n<div id=\"contentSub\"><\/div>\n<div id=\"jump-to-nav\" class=\"mw-jump\"><\/div>\n<div id=\"mw-content-text\" class=\"mw-content-ltr\" dir=\"ltr\" lang=\"en\">\n<div class=\"mw-parser-output\">\n<div class=\"thumb tright\">\n<div class=\"thumbinner\">\n<p><a class=\"image\" href=\"https:\/\/en.wikipedia.org\/wiki\/File:\u0421\u0442\u0430\u043a\u0430\u043d.jpg\" target=\"_blank\" rel=\"noopener\"><img decoding=\"async\" class=\"thumbimage\" src=\"https:\/\/upload.wikimedia.org\/wikipedia\/commons\/thumb\/8\/8a\/\u0421\u0442\u0430\u043a\u0430\u043d.jpg\/170px-\u0421\u0442\u0430\u043a\u0430\u043d.jpg\" srcset=\"\/\/upload.wikimedia.org\/wikipedia\/commons\/thumb\/8\/8a\/\u0421\u0442\u0430\u043a\u0430\u043d.jpg\/255px-\u0421\u0442\u0430\u043a\u0430\u043d.jpg 1.5x, \/\/upload.wikimedia.org\/wikipedia\/commons\/thumb\/8\/8a\/\u0421\u0442\u0430\u043a\u0430\u043d.jpg\/340px-\u0421\u0442\u0430\u043a\u0430\u043d.jpg 2x\" alt=\"\" width=\"170\" height=\"235\" data-file-width=\"2394\" data-file-height=\"3304\"><\/a><\/p>\n<div class=\"thumbcaption\">\n<div class=\"magnify\"><\/div>\n<p><span style=\"color: #333333;\">Um cl\u00e1ssico de 20 facetas\u00a0<a style=\"color: #333333;\" title=\"Uni\u00e3o Sovi\u00e9tica\" href=\"https:\/\/en.wikipedia.org\/wiki\/Soviet_Union\" target=\"_blank\" rel=\"noopener\">sovi\u00e9tico<\/a>vidro de mesa, produzido na cidade de\u00a0<a style=\"color: #333333;\" title=\"Gus-Khrustalny (cidade)\" href=\"https:\/\/en.wikipedia.org\/wiki\/Gus-Khrustalny_(town)\" target=\"_blank\" rel=\"noopener\">Gus-Khrustalny<\/a>\u00a0desde 1943.<\/span><\/p>\n<\/div>\n<\/div>\n<\/div>\n<p><span style=\"color: #333333;\">A\u00a0<b>copo<\/b>\u00a0\u00e9 um fundo plano\u00a0<a class=\"mw-redirect\" style=\"color: #333333;\" title=\"Copo de u\u00edsque\" href=\"https:\/\/en.wikipedia.org\/wiki\/Whiskey_tumbler\" target=\"_blank\" rel=\"noopener\">recipiente de bebida<\/a>\u00a0geralmente feito de pl\u00e1stico ou vidro.<\/span><\/p>\n<p><span style=\"color: #333333;\">Eles s\u00e3o chamados de \u201ccopo\u201d porque originalmente esses copos tinham uma base pontiaguda ou convexa e n\u00e3o podiam ser pousados sem derramar. Isso obrigou o bebedor a terminar sua medida.<sup class=\"noprint Inline-Template Template-Fact\">[<i><a style=\"color: #333333;\" title=\"Wikip\u00e9dia:Cita\u00e7\u00e3o necess\u00e1ria\" href=\"https:\/\/en.wikipedia.org\/wiki\/Wikipedia:Citation_needed\" target=\"_blank\" rel=\"noopener\"><span title=\"Esta afirma\u00e7\u00e3o precisa de refer\u00eancias a fontes confi\u00e1veis. (dezembro de 2017)\">cita\u00e7\u00e3o necess\u00e1ria<\/span><\/a><\/i>]<\/sup><\/span><\/p>\n<ul>\n<li><span style=\"color: #333333;\"><a style=\"color: #333333;\" title=\"Copo Collins\" href=\"https:\/\/en.wikipedia.org\/wiki\/Collins_glass\" target=\"_blank\" rel=\"noopener\">Copo Collins<\/a>, para uma bebida mista alta<sup id=\"cite_ref-1\" class=\"reference\"><a style=\"color: #333333;\" href=\"https:\/\/en.wikipedia.org\/wiki\/Tumbler_(glass)#cite_note-1\" target=\"_blank\" rel=\"noopener\">[1]<\/a><\/sup><\/span><\/li>\n<li><span style=\"color: #333333;\">Copo de coquetel Dizzy, um copo com uma tigela larga e rasa, compar\u00e1vel a um copo de coquetel normal, mas sem a haste<\/span><\/li>\n<li><span style=\"color: #333333;\"><a style=\"color: #333333;\" title=\"Copo alto\" href=\"https:\/\/en.wikipedia.org\/wiki\/Highball_glass\" target=\"_blank\" rel=\"noopener\">Copo alto<\/a>, para bebidas mistas<sup id=\"cite_ref-Rathbun_2-0\" class=\"reference\"><a style=\"color: #333333;\" href=\"https:\/\/en.wikipedia.org\/wiki\/Tumbler_(glass)#cite_note-Rathbun-2\" target=\"_blank\" rel=\"noopener\">[2]<\/a><\/sup><\/span><\/li>\n<li><span style=\"color: #333333;\">Copo de ch\u00e1 gelado<\/span><\/li>\n<li><span style=\"color: #333333;\">Copo de suco, para sucos de frutas e sucos de vegetais.<\/span><\/li>\n<li><span style=\"color: #333333;\"><a style=\"color: #333333;\" title=\"Vidro antiquado\" href=\"https:\/\/en.wikipedia.org\/wiki\/Old_Fashioned_glass\" target=\"_blank\" rel=\"noopener\">Vidro antiquado<\/a>, tradicionalmente, para um simples coquetel ou licor \u201c<a style=\"color: #333333;\" title=\"Cubo de gelo\" href=\"https:\/\/en.wikipedia.org\/wiki\/Ice_cube\" target=\"_blank\" rel=\"noopener\">com gelo<\/a>\u201c. Os copos de \u201cpedras\u201d americanos contempor\u00e2neos podem ser muito maiores e usados para uma variedade de bebidas com gelo<\/span><\/li>\n<li><span style=\"color: #333333;\"><a style=\"color: #333333;\" title=\"Vidro de tiro\" href=\"https:\/\/en.wikipedia.org\/wiki\/Shot_glass\" target=\"_blank\" rel=\"noopener\">Vidro de tiro<\/a>, um copo pequeno para at\u00e9 120 ml de bebida alco\u00f3lica. O copo moderno tem base e laterais mais grossas do que o copo de u\u00edsque antigo<\/span><\/li>\n<li><span style=\"color: #333333;\"><a style=\"color: #333333;\" title=\"Vidro de mesa\" href=\"https:\/\/en.wikipedia.org\/wiki\/Table-glass\" target=\"_blank\" rel=\"noopener\">Vidro de mesa<\/a>\u00a0ou\u00a0<i>granyonyi<\/i><\/span><\/li>\n<li><span style=\"color: #333333;\">Copo de \u00e1gua<\/span><\/li>\n<li><span style=\"color: #333333;\">Copo de u\u00edsque, um copo pequeno e de paredes finas para uma dose direta de bebida alco\u00f3lica<\/span><\/li>\n<\/ul>\n<\/div>\n<\/div>\n<\/div>\n<p>&nbsp;<\/p>","protected":false},"excerpt":{"rendered":"<p>Estes copos de mesa s\u00e3o adequados para ambientes comerciais e tamb\u00e9m para casa. Esses copos hiball foram feitos de vidro de cal sodada. E eles podem suportar o uso di\u00e1rio intenso.<\/p>","protected":false},"featured_media":1272,"comment_status":"closed","ping_status":"closed","template":"","meta":[],"class_list":["post-1179","product","type-product","status-publish","has-post-thumbnail","hentry","product_cat-colored-glasses","product_cat-tumbler-glasses","product_tag-colored-glass","product_tag-custom-glasses","product_tag-decorated-glasses","product_tag-glass-tumbler","product_tag-pint-glass","product_tag-sprayed-glass","product_tag-table-glass"],"_links":{"self":[{"href":"https:\/\/lidaglassware.com\/pt\/wp-json\/wp\/v2\/product\/1179","targetHints":{"allow":["GET"]}}],"collection":[{"href":"https:\/\/lidaglassware.com\/pt\/wp-json\/wp\/v2\/product"}],"about":[{"href":"https:\/\/lidaglassware.com\/pt\/wp-json\/wp\/v2\/types\/product"}],"replies":[{"embeddable":true,"href":"https:\/\/lidaglassware.com\/pt\/wp-json\/wp\/v2\/comments?post=1179"}],"wp:featuredmedia":[{"embeddable":true,"href":"https:\/\/lidaglassware.com\/pt\/wp-json\/wp\/v2\/media\/1272"}],"wp:attachment":[{"href":"https:\/\/lidaglassware.com\/pt\/wp-json\/wp\/v2\/media?parent=1179"}],"curies":[{"name":"wp","href":"https:\/\/api.w.org\/{rel}","templated":true}]}}