{"id":1403,"date":"2022-09-27T17:35:16","date_gmt":"2022-09-28T01:35:16","guid":{"rendered":"https:\/\/lidaglassware.com\/?post_type=product&#038;p=1403"},"modified":"2022-09-27T17:42:24","modified_gmt":"2022-09-28T01:42:24","slug":"metalized-painted-pint-glass-16oz-453ml","status":"publish","type":"product","link":"https:\/\/lidaglassware.com\/pt\/produto\/vidro-pintado-metalizado-16oz-453ml\/","title":{"rendered":"Copo Pint Metalizado Pintado 16oz \/ 453ml"},"content":{"rendered":"<h1>Copo Pint Metalizado Pintado 16oz \/ 453ml<\/h1>\n<p>&nbsp;<\/p>\n<p>Esses copos coloridos servem para cerveja e copos para coquet\u00e9is e outras bebidas mistas.<\/p>\n<p>As cores Pantone s\u00e3o vi\u00e1veis para sua escolha personalizada. Eles est\u00e3o usando corantes EP e podem ser lavados na m\u00e1quina de lavar lou\u00e7a.<\/p>\n<p>Isso \u00e9 mais pessoal do que seus concorrentes. Funcionam bem como itens promocionais para casamentos, eventos corporativos ou qualquer ocasi\u00e3o festiva.<\/p>\n<p>Para destacar sua marca, seu logotipo personalizado \u00e9 obrigat\u00f3rio.<\/p>","protected":false},"excerpt":{"rendered":"<p>Copos personalizados mostram uma empresa delicada em divulga\u00e7\u00e3o e com uma vis\u00e3o \u00fanica dos neg\u00f3cios.<\/p>","protected":false},"featured_media":1404,"comment_status":"closed","ping_status":"closed","template":"","meta":[],"class_list":["post-1403","product","type-product","status-publish","has-post-thumbnail","hentry","product_cat-beer-glasses","product_cat-colored-glasses","product_tag-colored-glass","product_tag-decorated-glasses","product_tag-glass-tumbler","product_tag-pint-glass","product_tag-sprayed-glass","product_tag-table-glass","product_tag-wine-glass"],"_links":{"self":[{"href":"https:\/\/lidaglassware.com\/pt\/wp-json\/wp\/v2\/product\/1403","targetHints":{"allow":["GET"]}}],"collection":[{"href":"https:\/\/lidaglassware.com\/pt\/wp-json\/wp\/v2\/product"}],"about":[{"href":"https:\/\/lidaglassware.com\/pt\/wp-json\/wp\/v2\/types\/product"}],"replies":[{"embeddable":true,"href":"https:\/\/lidaglassware.com\/pt\/wp-json\/wp\/v2\/comments?post=1403"}],"wp:featuredmedia":[{"embeddable":true,"href":"https:\/\/lidaglassware.com\/pt\/wp-json\/wp\/v2\/media\/1404"}],"wp:attachment":[{"href":"https:\/\/lidaglassware.com\/pt\/wp-json\/wp\/v2\/media?parent=1403"}],"curies":[{"name":"wp","href":"https:\/\/api.w.org\/{rel}","templated":true}]}}