{"id":2069,"date":"2023-08-02T23:18:39","date_gmt":"2023-08-03T07:18:39","guid":{"rendered":"https:\/\/lidaglassware.com\/?post_type=product&#038;p=2069"},"modified":"2023-09-04T04:03:53","modified_gmt":"2023-09-04T12:03:53","slug":"luxurious-drinking-whiskey-glasses-with-mountain-bottom-240ml","status":"publish","type":"product","link":"https:\/\/lidaglassware.com\/pt\/produto\/luxuosos-copos-de-uisque-com-fundo-de-montanha-240ml\/","title":{"rendered":"Copos luxuosos de u\u00edsque com fundo de montanha 240ml"},"content":{"rendered":"<p><em><strong>Se\u00e7\u00e3o 1: \u201cSaboreie a Sofistica\u00e7\u00e3o\u201d<\/strong><\/em><\/p>\n<p>Eleve a sua experi\u00eancia de whisky com nossos deslumbrantes copos de cristal para whisky. Lindamente projetados para capturar a ess\u00eancia da eleg\u00e2ncia, esses \u00f3culos proporcionam um toque luxuoso ao seu bar dom\u00e9stico. O fino acabamento garante uma pegada confort\u00e1vel e uma experi\u00eancia de beber sensacional, deixando uma impress\u00e3o duradoura em suas papilas gustativas e em seus convidados.<\/p>\n<p><em><strong>Se\u00e7\u00e3o 2: \u201cArt\u00edstica em Cada Detalhe\u201d<\/strong><\/em><\/p>\n<p>Fabricados com o m\u00e1ximo cuidado e precis\u00e3o, nossos copos de whisky de cristal mostram a arte da fabrica\u00e7\u00e3o de vidro fino. O brilho deslumbrante, o equil\u00edbrio harmonioso entre peso e est\u00e9tica e os detalhes intrincados fazem de cada copo uma obra-prima. Esses copos n\u00e3o s\u00e3o apenas copos; eles s\u00e3o um ponto de partida para uma conversa, um s\u00edmbolo de prest\u00edgio e uma obra de arte.<\/p>\n<p><em><strong>Se\u00e7\u00e3o 3: \u201cCelebrar com Qualidade\u201d<\/strong><\/em><\/p>\n<p>A qualidade \u00e9 importante quando se trata de saborear suas bebidas destiladas favoritas, e nossos copos de cristal para whisky atendem \u00e0s expectativas. Feitos com os melhores materiais, esses copos oferecem uma clareza impec\u00e1vel que real\u00e7a o apelo visual do seu whisky. Resistentes, mas sofisticados, eles s\u00e3o feitos para durar e destinados a se tornarem seus \u00f3culos preferidos tanto para celebra\u00e7\u00f5es quanto para noites tranquilas.<\/p>\n<div class=\"mw-body-content\">\n<div id=\"bodyContent\" class=\"mw-body-content\">\n<div id=\"mw-content-text\" class=\"mw-content-ltr\" dir=\"ltr\" lang=\"en\">\n<header class=\"content-header\"><\/header>\n<section class=\"content-body text incontent-ads-area\" data-track-section=\"Body\" data-track-ranker=\"*\">\u00a0<\/section>\n<\/div>\n<\/div>\n<\/div>","protected":false},"excerpt":{"rendered":"<p>Beber whisky com os nossos elegantes copos de cristal. Artesanato, qualidade e arte combinam-se para a melhor experi\u00eancia. Compre hoje!<\/p>","protected":false},"featured_media":2054,"comment_status":"closed","ping_status":"closed","template":"","meta":[],"class_list":["post-2069","product","type-product","status-publish","has-post-thumbnail","hentry","product_cat-whiskey-glasses","product_tag-branded-glasses","product_tag-decal-process","product_tag-decorated-glasses","product_tag-whiskey-glass","product_tag-wine-glass"],"_links":{"self":[{"href":"https:\/\/lidaglassware.com\/pt\/wp-json\/wp\/v2\/product\/2069","targetHints":{"allow":["GET"]}}],"collection":[{"href":"https:\/\/lidaglassware.com\/pt\/wp-json\/wp\/v2\/product"}],"about":[{"href":"https:\/\/lidaglassware.com\/pt\/wp-json\/wp\/v2\/types\/product"}],"replies":[{"embeddable":true,"href":"https:\/\/lidaglassware.com\/pt\/wp-json\/wp\/v2\/comments?post=2069"}],"wp:featuredmedia":[{"embeddable":true,"href":"https:\/\/lidaglassware.com\/pt\/wp-json\/wp\/v2\/media\/2054"}],"wp:attachment":[{"href":"https:\/\/lidaglassware.com\/pt\/wp-json\/wp\/v2\/media?parent=2069"}],"curies":[{"name":"wp","href":"https:\/\/api.w.org\/{rel}","templated":true}]}}