{"id":2962,"date":"2023-09-07T00:24:55","date_gmt":"2023-09-07T08:24:55","guid":{"rendered":"https:\/\/lidaglassware.com\/?post_type=product&#038;p=2962"},"modified":"2023-09-07T00:24:55","modified_gmt":"2023-09-07T08:24:55","slug":"vintage-martini-glass-9oz","status":"publish","type":"product","link":"https:\/\/lidaglassware.com\/pt\/produto\/copo-de-martini-vintage-9-oncas\/","title":{"rendered":"Copo de Martini vintage 9 on\u00e7as"},"content":{"rendered":"<p>Quando voc\u00ea imagina coquet\u00e9is ic\u00f4nicos, a Ta\u00e7a Vintage Martini sem d\u00favida se destaca. E com raz\u00e3o. Como muitos copos de coquetel, seu design n\u00e3o \u00e9 apenas para exibi\u00e7\u00e3o.<\/p>\n<p>\u201cEscolher o copo certo para cada coquetel \u00e9 fundamental. Eleva toda a experi\u00eancia de beber\u201d, observa o mixologista Adam Way. \u201cO copo que voc\u00ea escolhe influencia a apar\u00eancia da bebida. Copos espec\u00edficos amplificam caracter\u00edsticas espec\u00edficas em coquet\u00e9is, e selecionar o copo certo demonstra sua aten\u00e7\u00e3o aos detalhes.\u201d<\/p>\n<p>&nbsp;<\/p>","protected":false},"excerpt":{"rendered":"<p>Todo bar precisa de uma ta\u00e7a de Martini Vintage. S\u00e3o ideais para bebidas servidas sem gelo. O caule alongado e o design c\u00f4nico ajudam a manter a temperatura da bebida, enquanto sua ampla abertura intensifica o aroma. Embora seja a escolha certa para martinis batidos e mexidos, \u00e9 igualmente adequado para cosmopolitas, gotas de lim\u00e3o e indulgentes martinis de caf\u00e9 expresso com chocolate.<\/p>","protected":false},"featured_media":2921,"comment_status":"open","ping_status":"closed","template":"","meta":[],"class_list":["post-2962","product","type-product","status-publish","has-post-thumbnail","hentry","product_cat-cocktail-glasses","product_tag-cocktail-glasses"],"_links":{"self":[{"href":"https:\/\/lidaglassware.com\/pt\/wp-json\/wp\/v2\/product\/2962","targetHints":{"allow":["GET"]}}],"collection":[{"href":"https:\/\/lidaglassware.com\/pt\/wp-json\/wp\/v2\/product"}],"about":[{"href":"https:\/\/lidaglassware.com\/pt\/wp-json\/wp\/v2\/types\/product"}],"replies":[{"embeddable":true,"href":"https:\/\/lidaglassware.com\/pt\/wp-json\/wp\/v2\/comments?post=2962"}],"wp:featuredmedia":[{"embeddable":true,"href":"https:\/\/lidaglassware.com\/pt\/wp-json\/wp\/v2\/media\/2921"}],"wp:attachment":[{"href":"https:\/\/lidaglassware.com\/pt\/wp-json\/wp\/v2\/media?parent=2962"}],"curies":[{"name":"wp","href":"https:\/\/api.w.org\/{rel}","templated":true}]}}