{"id":2966,"date":"2023-09-07T00:48:15","date_gmt":"2023-09-07T08:48:15","guid":{"rendered":"https:\/\/lidaglassware.com\/?post_type=product&#038;p=2966"},"modified":"2023-09-07T00:54:51","modified_gmt":"2023-09-07T08:54:51","slug":"vintage-sour-glass-155ml","status":"publish","type":"product","link":"https:\/\/lidaglassware.com\/pt\/produto\/vidro-azedo-vintage-155ml\/","title":{"rendered":"Copo Azedo Vintage 155ml"},"content":{"rendered":"<p>Vintage Sour Glass: Embarque em uma viagem nost\u00e1lgica com nossa cole\u00e7\u00e3o Vintage Sour Glass lindamente trabalhada. Projetados para capturar a ess\u00eancia de \u00e9pocas passadas, esses copos s\u00e3o um testemunho da rica hist\u00f3ria da cultura dos coquet\u00e9is. Com sua curvatura \u00fanica e design elegante, eles n\u00e3o s\u00e3o apenas copos, mas uma obra de arte que eleva cada bebida servida neles. O formato \u00e9 meticulosamente elaborado para real\u00e7ar o delicado equil\u00edbrio entre os componentes agridoces dos coquet\u00e9is cl\u00e1ssicos, garantindo que cada gole seja uma mistura harmoniosa de sabores. A haste longa, assinatura do design vintage, garante que sua bebida permane\u00e7a fresca, proporcionando uma experi\u00eancia de degusta\u00e7\u00e3o ininterrupta. Quer voc\u00ea seja um mixologista experiente, um entusiasta de coquet\u00e9is ou algu\u00e9m que aprecia as coisas boas da vida, nosso Vintage Sour Glass \u00e9 um complemento obrigat\u00f3rio para sua cole\u00e7\u00e3o de utens\u00edlios de bar. Mergulhe no mundo da mixologia cl\u00e1ssica e deixe que cada bebida seja um reflexo de eleg\u00e2ncia e tradi\u00e7\u00e3o. Explore a nossa gama e leve para casa um toque de sofistica\u00e7\u00e3o intemporal.<\/p>","protected":false},"excerpt":{"rendered":"<p>Vintage Sour Glass: Eleve a sua experi\u00eancia de coquetel com nosso Vintage Sour Glass de design aut\u00eantico. Perfeitamente moldado para destacar o equil\u00edbrio entre o doce e o \u00e1cido nas bebidas cl\u00e1ssicas, sua curva elegante e haste longa combinam tradi\u00e7\u00e3o com funcionalidade. Um must-have para os aficionados de coquet\u00e9is e aqueles com uma queda pela eleg\u00e2ncia atemporal.<\/p>","protected":false},"featured_media":2947,"comment_status":"open","ping_status":"closed","template":"","meta":[],"class_list":["post-2966","product","type-product","status-publish","has-post-thumbnail","hentry","product_cat-cocktail-glasses","product_tag-cocktail-glasses"],"_links":{"self":[{"href":"https:\/\/lidaglassware.com\/pt\/wp-json\/wp\/v2\/product\/2966","targetHints":{"allow":["GET"]}}],"collection":[{"href":"https:\/\/lidaglassware.com\/pt\/wp-json\/wp\/v2\/product"}],"about":[{"href":"https:\/\/lidaglassware.com\/pt\/wp-json\/wp\/v2\/types\/product"}],"replies":[{"embeddable":true,"href":"https:\/\/lidaglassware.com\/pt\/wp-json\/wp\/v2\/comments?post=2966"}],"wp:featuredmedia":[{"embeddable":true,"href":"https:\/\/lidaglassware.com\/pt\/wp-json\/wp\/v2\/media\/2947"}],"wp:attachment":[{"href":"https:\/\/lidaglassware.com\/pt\/wp-json\/wp\/v2\/media?parent=2966"}],"curies":[{"name":"wp","href":"https:\/\/api.w.org\/{rel}","templated":true}]}}