{"id":4122,"date":"2024-01-21T23:59:36","date_gmt":"2024-01-22T07:59:36","guid":{"rendered":"https:\/\/lidaglassware.com\/?post_type=product&#038;p=4122"},"modified":"2024-01-22T00:33:07","modified_gmt":"2024-01-22T08:33:07","slug":"premium-vintage-cocktail-glasses","status":"publish","type":"product","link":"https:\/\/lidaglassware.com\/pt\/produto\/premium-vintage-cocktail-glasses\/","title":{"rendered":"Copos de coquetel vintage premium"},"content":{"rendered":"<div class=\"w-full text-token-text-primary\" data-testid=\"conversation-turn-53\">\n<div class=\"px-4 py-2 justify-center text-base md:gap-6 m-auto\">\n<div class=\"flex flex-1 text-base mx-auto gap-3 md:px-5 lg:px-1 xl:px-5 md:max-w-3xl lg:max-w-[40rem] xl:max-w-[48rem] group\">\n<div class=\"relative flex w-full flex-col lg:w-[calc(100%-115px)]\">\n<div class=\"flex-col gap-1 md:gap-3\">\n<div class=\"flex flex-grow flex-col max-w-full\">\n<div class=\"min-h-[20px] text-message flex flex-col items-start gap-3 whitespace-pre-wrap break-words [.text-message+&amp;]:mt-5 overflow-x-auto\" data-message-author-role=\"user\" data-message-id=\"aaa25022-d19a-48eb-ab69-8580ad465879\">\n<h2><strong>Caracter\u00edsticas dos copos de coquetel vintage premium<\/strong><\/h2>\n<\/div>\n<\/div>\n<div class=\"mt-1 flex justify-start gap-3 empty:hidden\">\n<div class=\"text-gray-400 flex self-end lg:self-center justify-center lg:justify-start mt-0 -ml-1 visible\">\n<div class=\"flex items-center gap-1.5 text-xs\">\n<div class=\"flex-1 overflow-hidden\">\n<div class=\"react-scroll-to-bottom--css-hzdtm-79elbk h-full\">\n<div class=\"react-scroll-to-bottom--css-hzdtm-1n7m0yu\">\n<div class=\"flex flex-col pb-9 text-sm\">\n<div class=\"w-full text-token-text-primary\" data-testid=\"conversation-turn-54\">\n<div class=\"px-4 py-2 justify-center text-base md:gap-6 m-auto\">\n<div class=\"flex flex-1 text-base mx-auto gap-3 md:px-5 lg:px-1 xl:px-5 md:max-w-3xl lg:max-w-[40rem] xl:max-w-[48rem] group final-completion\">\n<div class=\"relative flex w-full flex-col lg:w-[calc(100%-115px)] agent-turn\">\n<div class=\"flex-col gap-1 md:gap-3\">\n<div class=\"flex flex-grow flex-col max-w-full\">\n<div class=\"min-h-[20px] text-message flex flex-col items-start gap-3 whitespace-pre-wrap break-words [.text-message+&amp;]:mt-5 overflow-x-auto\" data-message-author-role=\"assistant\" data-message-id=\"bf07d171-3d97-4b13-8b99-395d1abafaf1\">\n<div class=\"markdown prose w-full break-words dark:prose-invert light\">\n<ul>\n<li><strong>Design elegante com corte de cristal<\/strong>: os \u00f3culos apresentam um padr\u00e3o detalhado de corte de cristal, oferecendo uma experi\u00eancia t\u00e1til e uma apar\u00eancia visualmente deslumbrante que capta e refrata a luz lindamente.<\/li>\n<li><strong>Tigela larga vers\u00e1til<\/strong>: O design da tigela larga n\u00e3o \u00e9 apenas est\u00e9tico; \u00e9 perfeito para liberar aromas de coquet\u00e9is complexos, melhorando a experi\u00eancia de beber.<\/li>\n<li><strong>Haste robusta e refinada<\/strong>: A haste longa e delgada proporciona uma silhueta sofisticada ao mesmo tempo que permite que a bebida fique fresca, pois minimiza o contato entre a m\u00e3o e a tigela.<\/li>\n<li><strong>Material de vidro de alta qualidade<\/strong>: Fabricados em vidro premium, esses copos de coquetel vintage prometem durabilidade e clareza, garantindo que permane\u00e7am como pe\u00e7a central de sua cole\u00e7\u00e3o de barware por anos.<\/li>\n<li><strong>Volume Perfeito<\/strong>: Os copos s\u00e3o dimensionados para conter a quantidade ideal do seu coquetel preferido, equilibrando a necessidade de concentra\u00e7\u00e3o de sabor e a quantidade certa de gelo.<\/li>\n<li><strong>Apelo Atemporal<\/strong>: Com um design que transcende tend\u00eancias, esses \u00f3culos s\u00e3o adequados tanto para ambientes contempor\u00e2neos quanto tradicionais, agregando classe a qualquer ocasi\u00e3o.<\/li>\n<li><strong>F\u00e1cil de limpar<\/strong>: Apesar do design complexo, os \u00f3culos s\u00e3o f\u00e1ceis de limpar, mantendo o brilho e a higiene com o m\u00ednimo esfor\u00e7o.<\/li>\n<li><strong>Embalagem pronta para presente<\/strong>: Eles geralmente v\u00eam em lindas embalagens que os tornam perfeitos para presentear os entusiastas de bebidas finas ou como um espl\u00eandido complemento para qualquer cole\u00e7\u00e3o de copos.<\/li>\n<\/ul>\n<\/div>\n<h2><strong>O uso de copos de coquetel vintage premium<\/strong><\/h2>\n<\/div>\n<\/div>\n<div class=\"mt-1 flex justify-start gap-3 empty:hidden\"><\/div>\n<\/div>\n<div class=\"absolute\">\n<div class=\"flex w-full gap-2 items-center justify-center\">\n<ul>\n<li><strong>Melhorando Perfis de Sabor<\/strong>: O formato e o design dos copos de coquetel vintage premium s\u00e3o criados para acentuar os sabores e aromas dos coquet\u00e9is cl\u00e1ssicos e contempor\u00e2neos.<\/li>\n<li><strong>Elevando a apresenta\u00e7\u00e3o<\/strong>: Os cortes intrincados e o estilo cl\u00e1ssico desses copos proporcionam uma apresenta\u00e7\u00e3o visual impressionante, transformando cada coquetel em uma pe\u00e7a central.<\/li>\n<li><strong>Para ocasi\u00f5es especiais<\/strong>: Eles adicionam uma camada de sofistica\u00e7\u00e3o \u00e0s celebra\u00e7\u00f5es, tornando-as ideais para anivers\u00e1rios, jantares formais e eventos marcantes.<\/li>\n<li><strong>Copos vers\u00e1teis<\/strong>: Adequado para uma ampla variedade de bebidas al\u00e9m de coquet\u00e9is, incluindo mocktails, aperitivos e outras bebidas destiladas que exigem uma apresenta\u00e7\u00e3o elegante.<\/li>\n<li><strong>Grampo da barra dom\u00e9stica<\/strong>: Um item obrigat\u00f3rio para qualquer bar dom\u00e9stico, oferecendo funcionalidade e um toque de classe que pode elevar a experi\u00eancia de entretenimento dom\u00e9stico.<\/li>\n<li><strong>Item colecion\u00e1vel<\/strong>: Para entusiastas e colecionadores de vidros, esses copos servem como um item colecion\u00e1vel que incorpora o charme e a eleg\u00e2ncia do design vintage.<\/li>\n<li><strong>Objetivo de presentear<\/strong>: Eles s\u00e3o presentes atenciosos e luxuosos para casamentos, inaugura\u00e7\u00f5es de casa ou qualquer ocasi\u00e3o que mere\u00e7a um brinde com algo um pouco mais especial.<\/li>\n<li><strong>Uso Profissional<\/strong>: Ideal para uso em bares e restaurantes sofisticados onde a experi\u00eancia do cliente \u00e9 potencializada pela qualidade e est\u00e9tica das bebidas.<\/li>\n<\/ul>\n<p><img fetchpriority=\"high\" decoding=\"async\" class=\"aligncenter wp-image-4127\" src=\"https:\/\/lidaglassware.com\/wp-content\/uploads\/2024\/01\/vintage-cocktail-glasses-5.jpg\" alt=\"copos de coquetel antigos\" width=\"576\" height=\"500\" srcset=\"https:\/\/lidaglassware.com\/wp-content\/uploads\/2024\/01\/vintage-cocktail-glasses-5.jpg 790w, https:\/\/lidaglassware.com\/wp-content\/uploads\/2024\/01\/vintage-cocktail-glasses-5-300x261.jpg 300w, https:\/\/lidaglassware.com\/wp-content\/uploads\/2024\/01\/vintage-cocktail-glasses-5-768x667.jpg 768w, https:\/\/lidaglassware.com\/wp-content\/uploads\/2024\/01\/vintage-cocktail-glasses-5-14x12.jpg 14w, https:\/\/lidaglassware.com\/wp-content\/uploads\/2024\/01\/vintage-cocktail-glasses-5-600x521.jpg 600w\" sizes=\"(max-width: 576px) 100vw, 576px\" \/><\/p>\n<\/div>\n<h2><strong>Perguntas Frequentes para Copos de Coquetel Vintage Premium<\/strong><\/h2>\n<\/div>\n<\/div>\n<\/div>\n<\/div>\n<\/div>\n<\/div>\n<\/div>\n<\/div>\n<\/div>\n<div class=\"w-full pt-2 md:pt-0 dark:border-white\/20 md:border-transparent md:dark:border-transparent md:w-[calc(100%-.5rem)]\">\n<form class=\"stretch mx-2 flex flex-row gap-3 last:mb-2 md:mx-4 md:last:mb-6 lg:mx-auto lg:max-w-2xl xl:max-w-3xl\" action=\"\">\n<div class=\"relative flex h-full flex-1 items-stretch md:flex-col\">\n<div class=\"flex w-full items-center\">\n<p><strong>P: O que torna esses copos de coquetel &#039;vintage&#039;?<\/strong> R: O termo &#039;vintage&#039; refere-se ao design cl\u00e1ssico e \u00e0 est\u00e9tica que remonta a uma era espec\u00edfica da cultura dos coquet\u00e9is. Nossos copos de coquetel vintage premium apresentam padr\u00f5es e formas atemporais que lembram estilos hist\u00f3ricos de vidro.<\/p>\n<p><strong>P: Esses copos podem ser lavados na m\u00e1quina de lavar lou\u00e7a?<\/strong> R: Embora sejam dur\u00e1veis, recomendamos lavar esses \u00f3culos premium \u00e0 m\u00e3o para manter sua clareza e detalhes complexos.<\/p>\n<p><strong>P: Esses copos podem ser usados para beber todos os dias?<\/strong> R: Absolutamente. Embora sejam elegantes e ideais para ocasi\u00f5es especiais, a sua constru\u00e7\u00e3o robusta torna-os adequados para o uso di\u00e1rio.<\/p>\n<p><strong>P: Quanto l\u00edquido esses copos cont\u00eam?<\/strong> R: A capacidade varia de acordo com o design, mas normalmente nossos copos de coquetel vintage comportam entre 5 a 10 on\u00e7as, acomodando uma ampla variedade de coquet\u00e9is.<\/p>\n<p><strong>P: Qual a melhor forma de limpar e cuidar desses \u00f3culos?<\/strong> R: Lave delicadamente \u00e0 m\u00e3o com sab\u00e3o neutro e \u00e1gua morna e depois d\u00ea polimento com um pano macio para manter o brilho do vidro.<\/p>\n<p><strong>P: Os \u00f3culos n\u00e3o cont\u00eam chumbo?<\/strong> R: Sim, nossos copos de coquetel vintage premium s\u00e3o feitos de materiais sem chumbo, garantindo seguran\u00e7a sem comprometer a qualidade ou a est\u00e9tica.<\/p>\n<p><strong>P: Esses \u00f3culos v\u00eam com garantia?<\/strong> R: Garantimos a qualidade de nossos produtos de vidro e oferecemos garantia contra defeitos de fabrica\u00e7\u00e3o. Consulte nossa pol\u00edtica de garantia para obter detalhes.<\/p>\n<p><strong>P: Posso encomendar estes \u00f3culos a granel para um evento ou como brindes corporativos?<\/strong> R: Certamente. Oferecemos a op\u00e7\u00e3o de compra a granel e podemos discutir op\u00e7\u00f5es de personaliza\u00e7\u00e3o para pedidos maiores.<\/p>\n<p><strong>P: Estes copos s\u00e3o adequados para servir vinho ou outras bebidas?<\/strong> R: Embora projetados pensando nos coquet\u00e9is, a natureza vers\u00e1til desses copos os torna adequados para uma variedade de bebidas, incluindo vinho e bebidas n\u00e3o alco\u00f3licas.<\/p>\n<p><strong>P: Como esses \u00f3culos s\u00e3o embalados?<\/strong> R: Cada conjunto de \u00f3culos \u00e9 cuidadosamente embalado em uma caixa protetora adequada para armazenamento e presentear, garantindo que cheguem em perfeitas condi\u00e7\u00f5es.<\/p>\n<\/div>\n<\/div>\n<input type=\"hidden\" name=\"trp-form-language\" value=\"pt\"\/><\/form>\n<\/div>\n<\/div>\n<\/div>\n<\/div>\n<\/div>\n<\/div>\n<\/div>\n<\/div>\n<\/div>\n<div class=\"w-full text-token-text-primary\" data-testid=\"conversation-turn-54\">\n<div class=\"px-4 py-2 justify-center text-base md:gap-6 m-auto\">\n<div class=\"flex flex-1 text-base mx-auto gap-3 md:px-5 lg:px-1 xl:px-5 md:max-w-3xl lg:max-w-[40rem] xl:max-w-[48rem] group final-completion\">\n<div class=\"flex-shrink-0 flex flex-col relative items-end\">\n<div>\n<div class=\"pt-0.5\">\n<div class=\"gizmo-shadow-stroke flex h-6 w-6 items-center justify-center overflow-hidden rounded-full\">\n<div class=\"relative p-1 rounded-sm h-9 w-9 text-white flex items-center justify-center\"><\/div>\n<\/div>\n<\/div>\n<\/div>\n<\/div>\n<\/div>\n<\/div>\n<\/div>","protected":false},"excerpt":{"rendered":"<p>Estes copos de coquetel vintage apresentam um design elegante com uma tigela larga e uma haste robusta, ideais para servir coquet\u00e9is cl\u00e1ssicos. O intrincado corte de cristal do vidro adiciona um toque de sofistica\u00e7\u00e3o, tornando-o perfeito para ocasi\u00f5es que exigem um toque de grandeza. Quer sejam usados para servir um coquetel gelado ou como uma pe\u00e7a marcante em sua mesa de jantar, esses copos trazem charme vintage a qualquer ambiente.<\/p>","protected":false},"featured_media":4123,"comment_status":"closed","ping_status":"closed","template":"","meta":[],"class_list":["post-4122","product","type-product","status-publish","has-post-thumbnail","hentry","product_cat-cocktail-glasses","product_tag-cocktail-glasses"],"_links":{"self":[{"href":"https:\/\/lidaglassware.com\/pt\/wp-json\/wp\/v2\/product\/4122","targetHints":{"allow":["GET"]}}],"collection":[{"href":"https:\/\/lidaglassware.com\/pt\/wp-json\/wp\/v2\/product"}],"about":[{"href":"https:\/\/lidaglassware.com\/pt\/wp-json\/wp\/v2\/types\/product"}],"replies":[{"embeddable":true,"href":"https:\/\/lidaglassware.com\/pt\/wp-json\/wp\/v2\/comments?post=4122"}],"wp:featuredmedia":[{"embeddable":true,"href":"https:\/\/lidaglassware.com\/pt\/wp-json\/wp\/v2\/media\/4123"}],"wp:attachment":[{"href":"https:\/\/lidaglassware.com\/pt\/wp-json\/wp\/v2\/media?parent=4122"}],"curies":[{"name":"wp","href":"https:\/\/api.w.org\/{rel}","templated":true}]}}