{"id":4147,"date":"2024-01-22T19:11:24","date_gmt":"2024-01-23T03:11:24","guid":{"rendered":"https:\/\/lidaglassware.com\/?post_type=product&#038;p=4147"},"modified":"2024-01-22T19:11:26","modified_gmt":"2024-01-23T03:11:26","slug":"classic-charm-retro-cocktail-glasses","status":"publish","type":"product","link":"https:\/\/lidaglassware.com\/pt\/produto\/classic-charm-retro-cocktail-glasses\/","title":{"rendered":"Copos de coquetel retr\u00f4 com charme cl\u00e1ssico | Cole\u00e7\u00e3o de utens\u00edlios de bar com inspira\u00e7\u00e3o vintage"},"content":{"rendered":"<h2><strong>caracter\u00edsticas do produto<\/strong><\/h2>\n<ul>\n<li><strong>Detalhamento gravado intrincado<\/strong>: Os copos de coquetel retr\u00f4 apresentam um delicado design gravado ao redor da borda, adicionando um elemento de sofistica\u00e7\u00e3o vintage \u00e0 apresenta\u00e7\u00e3o de sua bebida.<\/li>\n<li><strong>Forma alargada cl\u00e1ssica<\/strong>: O copo tem formato alargado que n\u00e3o s\u00f3 contribui para seu apelo est\u00e9tico, mas tamb\u00e9m real\u00e7a o aroma e sabor do coquetel.<\/li>\n<li><strong>Haste Elegante<\/strong>: Uma haste cuidadosamente balanceada proporciona beleza e funcionalidade, permitindo segurar sua bebida sem afetar sua temperatura.<\/li>\n<li><strong>Base Robusta<\/strong>: Projetada pensando na estabilidade, a base s\u00f3lida evita tombamento e \u00e9 perfeita para descansar em superf\u00edcies de barras modernas e tradicionais.<\/li>\n<li><strong>Vidro Cristalino<\/strong>: Fabricado em vidro transparente de alta qualidade, este copo de coquetel garante que o apelo visual de seus coquet\u00e9is esteja sempre na frente e no centro.<\/li>\n<li><strong>Uso vers\u00e1til<\/strong>: Embora seja perfeito para coquet\u00e9is retr\u00f4 e cl\u00e1ssicos, o design atemporal do copo o torna adequado para uma ampla variedade de bebidas.<\/li>\n<li><strong>F\u00e1cil de limpar<\/strong>: O vidro foi projetado para f\u00e1cil manuten\u00e7\u00e3o, permitindo uma limpeza descomplicada sem comprometer os detalhes complexos.<\/li>\n<li><strong>Capacidade Ideal<\/strong>: Com um volume generoso, esta ta\u00e7a de coquetel retr\u00f4 \u00e9 dimensionada para acomodar uma ampla variedade de coquet\u00e9is, perfeita para uso dom\u00e9stico e profissional.<\/li>\n<\/ul>\n<p>&nbsp;<\/p>\n<h2><strong>O uso de copos de coquetel retr\u00f4<\/strong><\/h2>\n<div class=\"w-full text-token-text-primary\" data-testid=\"conversation-turn-92\">\n<div class=\"px-4 py-2 justify-center text-base md:gap-6 m-auto\">\n<div class=\"flex flex-1 text-base mx-auto gap-3 md:px-5 lg:px-1 xl:px-5 md:max-w-3xl lg:max-w-[40rem] xl:max-w-[48rem] group\">\n<div class=\"relative flex w-full flex-col lg:w-[calc(100%-115px)] agent-turn\">\n<div class=\"flex-col gap-1 md:gap-3\">\n<div class=\"flex flex-grow flex-col max-w-full\">\n<div class=\"min-h-[20px] text-message flex flex-col items-start gap-3 whitespace-pre-wrap break-words [.text-message+&amp;]:mt-5 overflow-x-auto\" data-message-author-role=\"assistant\" data-message-id=\"f29ae0ba-d3a9-4208-ac12-514fe0a6b9de\">\n<div class=\"markdown prose w-full break-words dark:prose-invert light\">\n<div class=\"flex-1 overflow-hidden\">\n<div class=\"react-scroll-to-bottom--css-koznw-79elbk h-full\">\n<div class=\"react-scroll-to-bottom--css-koznw-1n7m0yu\">\n<div class=\"flex flex-col pb-9 text-sm\">\n<div class=\"w-full text-token-text-primary\" data-testid=\"conversation-turn-94\">\n<div class=\"px-4 py-2 justify-center text-base md:gap-6 m-auto\">\n<div class=\"flex flex-1 text-base mx-auto gap-3 md:px-5 lg:px-1 xl:px-5 md:max-w-3xl lg:max-w-[40rem] xl:max-w-[48rem] group final-completion\">\n<div class=\"relative flex w-full flex-col lg:w-[calc(100%-115px)] agent-turn\">\n<div class=\"flex-col gap-1 md:gap-3\">\n<div class=\"flex flex-grow flex-col max-w-full\">\n<div class=\"min-h-[20px] text-message flex flex-col items-start gap-3 whitespace-pre-wrap break-words [.text-message+&amp;]:mt-5 overflow-x-auto\" data-message-author-role=\"assistant\" data-message-id=\"17d65db4-313f-4153-a057-815b0ade2107\">\n<div class=\"markdown prose w-full break-words dark:prose-invert light\">\n<ul>\n<li><strong>Elabora\u00e7\u00e3o de coquet\u00e9is<\/strong>: Esses copos de coquetel retr\u00f4 s\u00e3o perfeitos para criar e servir uma variedade de coquet\u00e9is, desde cl\u00e1ssicos atemporais at\u00e9 misturas modernas.<\/li>\n<li><strong>Eventos Tem\u00e1ticos<\/strong>: Seu design vintage os torna a escolha ideal para eventos tem\u00e1ticos, especialmente aqueles que buscam um clima retr\u00f4 ou speakeasy.<\/li>\n<li><strong>Exibi\u00e7\u00e3o e Decora\u00e7\u00e3o<\/strong>: Al\u00e9m de servir bebidas, podem ser usados como parte da decora\u00e7\u00e3o da sua casa, acrescentando um toque de eleg\u00e2ncia retr\u00f4 a qualquer espa\u00e7o.<\/li>\n<li><strong>Degustar e saborear<\/strong>: O formato dos copos foi pensado para real\u00e7ar o perfil de aroma e sabor de destilados e bebidas mistas, proporcionando uma experi\u00eancia de degusta\u00e7\u00e3o superior.<\/li>\n<li><strong>Doa\u00e7\u00e3o de presente<\/strong>: Um conjunto de copos de coquetel retr\u00f4 \u00e9 um presente atencioso e elegante para amigos, familiares ou qualquer pessoa que aprecie a arte da mixologia.<\/li>\n<li><strong>Cole\u00e7\u00f5es de bares<\/strong>: Para propriet\u00e1rios de bares e entusiastas de bares dom\u00e9sticos, esses copos s\u00e3o um complemento obrigat\u00f3rio para qualquer cole\u00e7\u00e3o de copos, oferecendo estilo e fun\u00e7\u00e3o.<\/li>\n<li><strong>Fotografia<\/strong>: S\u00e3o pe\u00e7as fotog\u00eanicas que podem real\u00e7ar a est\u00e9tica da fotografia de bebidas, perfeitas para profissionais ou entusiastas de m\u00eddias sociais.<\/li>\n<li><strong>Ocasi\u00f5es especiais<\/strong>: Use esses \u00f3culos para adicionar um toque sofisticado a comemora\u00e7\u00f5es como anivers\u00e1rios, anivers\u00e1rios marcantes ou qualquer ocasi\u00e3o que exija um brinde.<\/li>\n<\/ul>\n<\/div>\n<\/div>\n<\/div>\n<div class=\"mt-1 flex justify-start gap-3 empty:hidden\"><\/div>\n<\/div>\n<\/div>\n<\/div>\n<\/div>\n<\/div>\n<\/div>\n<\/div>\n<\/div>\n<\/div>\n<p>&nbsp;<\/p>\n<\/div>\n<\/div>\n<\/div>\n<\/div>\n<\/div>\n<\/div>\n<\/div>\n<\/div>\n<h2><strong>FAQ para copos de coquetel retr\u00f4<\/strong><\/h2>\n<div class=\"w-full text-token-text-primary\" data-testid=\"conversation-turn-92\">\n<div class=\"px-4 py-2 justify-center text-base md:gap-6 m-auto\">\n<div class=\"flex flex-1 text-base mx-auto gap-3 md:px-5 lg:px-1 xl:px-5 md:max-w-3xl lg:max-w-[40rem] xl:max-w-[48rem] group\">\n<div class=\"relative flex w-full flex-col lg:w-[calc(100%-115px)] agent-turn\">\n<div class=\"flex-col gap-1 md:gap-3\">\n<div class=\"flex flex-grow flex-col max-w-full\">\n<div class=\"min-h-[20px] text-message flex flex-col items-start gap-3 whitespace-pre-wrap break-words [.text-message+&amp;]:mt-5 overflow-x-auto\" data-message-author-role=\"assistant\" data-message-id=\"f29ae0ba-d3a9-4208-ac12-514fe0a6b9de\">\n<div class=\"markdown prose w-full break-words dark:prose-invert light\">\n<p><strong>P: O que define o estilo desses copos de coquetel retr\u00f4?<\/strong> R: Estes \u00f3culos caracterizam-se pelo seu design vintage, apresentando formas cl\u00e1ssicas e padr\u00f5es intrincados que lembram \u00e9pocas passadas, perfeitos para quem aprecia a nostalgia e a sofistica\u00e7\u00e3o da est\u00e9tica retro.<\/p>\n<p><strong>P: Esses copos de coquetel retr\u00f4 podem ser usados para qualquer tipo de bebida?<\/strong> R: Sim, embora sejam ideais para coquet\u00e9is, seu design vers\u00e1til os torna adequados para servir uma variedade de bebidas, incluindo destilados, aperitivos e misturas n\u00e3o alco\u00f3licas.<\/p>\n<p><strong>P: Os copos de coquetel retr\u00f4 podem ser lavados na m\u00e1quina de lavar lou\u00e7a?<\/strong> R: Para preservar a integridade dos designs complexos, recomendamos lavar esses \u00f3culos \u00e0 m\u00e3o.<\/p>\n<p><strong>P: Qual \u00e9 a capacidade desses \u00f3culos?<\/strong> R: A capacidade pode variar de acordo com o design, mas normalmente nossos copos de coquetel retr\u00f4 comportam entre 120 e 180 gramas, acomodando receitas de coquet\u00e9is padr\u00e3o.<\/p>\n<p><strong>P: Os \u00f3culos s\u00e3o dur\u00e1veis para uso regular?<\/strong> R: Com certeza, nossos copos retr\u00f4 para coquetel s\u00e3o feitos com materiais de alta qualidade projetados para resistir ao uso regular, mantendo sua apar\u00eancia elegante.<\/p>\n<p><strong>P: Os \u00f3culos v\u00eam com garantia?<\/strong> R: Oferecemos uma garantia padr\u00e3o que cobre quaisquer defeitos de fabricante. Consulte nossa pol\u00edtica de garantia para obter mais detalhes.<\/p>\n<p><strong>P: Como devo cuidar dos meus copos de coquetel retr\u00f4 para mant\u00ea-los com a melhor apar\u00eancia?<\/strong> R: Recomenda-se lavar suavemente as m\u00e3os com uma esponja n\u00e3o abrasiva e detergente neutro. Seque-os com um pano macio para evitar manchas de \u00e1gua e manter o brilho.<\/p>\n<p><strong>P: O material de vidro \u00e9 isento de chumbo?<\/strong> R: Sim, nossos copos retr\u00f4 para coquetel s\u00e3o feitos de vidro sem chumbo, garantindo que sejam seguros para o uso di\u00e1rio.<\/p>\n<p><strong>P: Os desenhos gravados nos \u00f3culos desaparecer\u00e3o com o tempo?<\/strong> R: As gravuras s\u00e3o gravadas no vidro e manter\u00e3o seus detalhes com o devido cuidado.<\/p>\n<p><strong>P: Esses \u00f3culos est\u00e3o dispon\u00edveis para compra a granel ou no atacado?<\/strong> R: Sim, oferecemos op\u00e7\u00f5es de compra em grandes quantidades para eventos, restaurantes ou varejistas. Entre em contato conosco para pre\u00e7os e informa\u00e7\u00f5es no atacado.<\/p>\n<\/div>\n<\/div>\n<\/div>\n<\/div>\n<\/div>\n<\/div>\n<\/div>\n<\/div>","protected":false},"excerpt":{"rendered":"<p>Copo Cocktail Retro, uma pe\u00e7a lindamente trabalhada que traz um toque de sofistica\u00e7\u00e3o a qualquer home bar.<\/p>\n<p>Este copo apresenta um design gravado exclusivo que circunda a borda, proporcionando um toque vintage com um toque de arte moderna. O vidro fica elegantemente apoiado em uma haste elegante com uma base est\u00e1vel, garantindo n\u00e3o apenas um prazer de olhar, mas tamb\u00e9m de usar.<\/p>\n<p>Seu material transparente exp\u00f5e o coquetel que cont\u00e9m, sendo a escolha perfeita para quem aprecia o apelo visual de suas bebidas. Ideal para saborear suas bebidas favoritas, esta ta\u00e7a de coquetel combina design atemporal com eleg\u00e2ncia contempor\u00e2nea.<\/p>","protected":false},"featured_media":4150,"comment_status":"closed","ping_status":"closed","template":"","meta":[],"class_list":["post-4147","product","type-product","status-publish","has-post-thumbnail","hentry","product_cat-cocktail-glasses","product_tag-cocktail-glasses"],"_links":{"self":[{"href":"https:\/\/lidaglassware.com\/pt\/wp-json\/wp\/v2\/product\/4147","targetHints":{"allow":["GET"]}}],"collection":[{"href":"https:\/\/lidaglassware.com\/pt\/wp-json\/wp\/v2\/product"}],"about":[{"href":"https:\/\/lidaglassware.com\/pt\/wp-json\/wp\/v2\/types\/product"}],"replies":[{"embeddable":true,"href":"https:\/\/lidaglassware.com\/pt\/wp-json\/wp\/v2\/comments?post=4147"}],"wp:featuredmedia":[{"embeddable":true,"href":"https:\/\/lidaglassware.com\/pt\/wp-json\/wp\/v2\/media\/4150"}],"wp:attachment":[{"href":"https:\/\/lidaglassware.com\/pt\/wp-json\/wp\/v2\/media?parent=4147"}],"curies":[{"name":"wp","href":"https:\/\/api.w.org\/{rel}","templated":true}]}}