{"id":4621,"date":"2024-03-11T23:41:23","date_gmt":"2024-03-12T07:41:23","guid":{"rendered":"https:\/\/lidaglassware.com\/?post_type=product&#038;p=4621"},"modified":"2024-03-11T23:59:53","modified_gmt":"2024-03-12T07:59:53","slug":"elegant-crystal-whiskey-tumbler-glasses","status":"publish","type":"product","link":"https:\/\/lidaglassware.com\/pt\/produto\/elegant-crystal-whiskey-tumbler-glasses\/","title":{"rendered":"Copos elegantes de cristal para u\u00edsque \u2013 design sofisticado de vidro lapidado para bebidas destiladas premium"},"content":{"rendered":"<div class=\"w-full text-token-text-primary\" data-testid=\"conversation-turn-7\">\n<div class=\"px-4 py-2 justify-center text-base md:gap-6 m-auto\">\n<div class=\"flex flex-1 text-base mx-auto gap-3 md:px-5 lg:px-1 xl:px-5 md:max-w-3xl lg:max-w-[40rem] xl:max-w-[48rem] group final-completion\">\n<div class=\"relative flex w-full flex-col agent-turn\">\n<div class=\"flex-col gap-1 md:gap-3\">\n<div class=\"flex flex-grow flex-col max-w-full\">\n<div class=\"min-h-[20px] text-message flex flex-col items-start gap-3 whitespace-pre-wrap break-words [.text-message+&amp;]:mt-5 overflow-x-auto\" data-message-author-role=\"assistant\" data-message-id=\"9e7dfef1-73df-4be7-952f-24ba7d0f0568\">\n<div class=\"markdown prose w-full break-words dark:prose-invert light\">\n<div class=\"flex-1 overflow-hidden\">\n<div class=\"react-scroll-to-bottom--css-giasf-79elbk h-full\">\n<div class=\"react-scroll-to-bottom--css-giasf-1n7m0yu\">\n<div class=\"flex flex-col text-sm pb-9\">\n<div class=\"w-full text-token-text-primary\" data-testid=\"conversation-turn-13\">\n<div class=\"px-4 py-2 justify-center text-base md:gap-6 m-auto\">\n<div class=\"flex flex-1 text-base mx-auto gap-3 md:px-5 lg:px-1 xl:px-5 md:max-w-3xl lg:max-w-[40rem] xl:max-w-[48rem] group final-completion\">\n<div class=\"relative flex w-full flex-col agent-turn\">\n<div class=\"flex-col gap-1 md:gap-3\">\n<div class=\"flex flex-grow flex-col max-w-full\">\n<div class=\"min-h-[20px] text-message flex flex-col items-start gap-3 whitespace-pre-wrap break-words [.text-message+&amp;]:mt-5 overflow-x-auto\" data-message-author-role=\"assistant\" data-message-id=\"c830d6ad-ea0a-469a-83c1-902f8ce9498f\">\n<div class=\"markdown prose w-full break-words dark:prose-invert light\">\n<p><strong>Caracter\u00edsticas do produto:<\/strong><\/p>\n<ol>\n<li><strong>Design elegante de cristal:<\/strong> Este copo de whisky apresenta um padr\u00e3o de vidro lapidado elegante e sofisticado, adicionando um toque de luxo e requinte \u00e0 sua experi\u00eancia de beber. Perfeito para saborear suas bebidas destiladas premium favoritas.<\/li>\n<li><strong>Cristal de qualidade premium:<\/strong> Feito de cristal de alta qualidade, este copo de vidro oferece clareza e brilho excepcionais, mostrando a verdadeira cor e textura do seu u\u00edsque, bourbon ou u\u00edsque.<\/li>\n<li><strong>Dur\u00e1vel e resistente:<\/strong> Com fundo grosso e pesado, o copo proporciona uma pegada est\u00e1vel e confort\u00e1vel, reduzindo o risco de derramamentos e aumentando o prazer geral da sua bebida.<\/li>\n<li><strong>Uso vers\u00e1til:<\/strong> Ideal para servir u\u00edsque, u\u00edsque, bourbon ou qualquer bebida destilada fina, este copo \u00e9 uma adi\u00e7\u00e3o vers\u00e1til \u00e0 sua cole\u00e7\u00e3o de utens\u00edlios de bar, adequado tanto para ocasi\u00f5es casuais quanto formais.<\/li>\n<li><strong>Ideia de presente perfeita:<\/strong> \u00c9 um excelente presente para aficionados de u\u00edsque, amigos, familiares ou colegas. Perfeito para anivers\u00e1rios, casamentos, datas comemorativas ou qualquer ocasi\u00e3o especial.<\/li>\n<li><strong>Tamanho ideal:<\/strong> Projetado para conter a quantidade perfeita da bebida destilada escolhida, com ou sem gelo, real\u00e7ando o sabor e o aroma da sua bebida para uma experi\u00eancia de degusta\u00e7\u00e3o incompar\u00e1vel.<\/li>\n<li><strong>F\u00e1cil de limpar:<\/strong> Este copo de vidro \u00e9 f\u00e1cil de manter e limpar, garantindo que continue brilhando e impressionando por muitos anos. Recomenda-se lavar as m\u00e3os para preservar sua qualidade e brilho.<\/li>\n<li><strong>Apelo est\u00e9tico \u00fanico:<\/strong> O design intrincado e o cristal cintilante criam um efeito visual impressionante, adicionando eleg\u00e2ncia e estilo ao seu bar dom\u00e9stico ou ambiente de bebidas.<\/li>\n<li><strong>Embalagem segura:<\/strong> Vem em uma embalagem segura e protetora para garantir que chegue \u00e0 sua porta intacto e pronto para uso.<\/li>\n<li><strong>Garantia de satisfa\u00e7\u00e3o do cliente:<\/strong> Estamos comprometidos com a sua satisfa\u00e7\u00e3o e garantimos a qualidade dos nossos produtos. Se voc\u00ea n\u00e3o estiver totalmente satisfeito, oferecemos uma garantia de satisfa\u00e7\u00e3o do cliente para sua tranquilidade.<\/li>\n<\/ol>\n<\/div>\n<\/div>\n<\/div>\n<\/div>\n<\/div>\n<\/div>\n<\/div>\n<\/div>\n<\/div>\n<\/div>\n<\/div>\n<\/div>\n<p>&nbsp;<\/p>\n<\/div>\n<p><strong>Quais u\u00edsques s\u00e3o adequados para usar copo de u\u00edsque \/ h<\/strong><strong>Vidro alto?<\/strong><\/p>\n<p>U\u00edsque Misturado<\/p>\n<p><strong>Por que?<\/strong><\/p>\n<p>O copo Highball \u00e9 alto e reto, o que o torna perfeito para bebidas mistas, que normalmente s\u00e3o feitas com whisky misturado. A altura do copo permite uma mistura equilibrada de whisky, gelo e misturadores, permitindo que os sabores sutis do whisky misturado se integrem suavemente com outros ingredientes, criando uma bebida refrescante sem dominar o car\u00e1ter do whisky.<\/p>\n<p>Este copo de whisky vintage tem padr\u00f5es gravados, o que torna cada bebida elegante e agrad\u00e1vel.<\/p>\n<\/div>\n<\/div>\n<div class=\"mt-1 flex justify-start gap-3 empty:hidden\"><img fetchpriority=\"high\" decoding=\"async\" class=\"aligncenter wp-image-4624\" src=\"https:\/\/lidaglassware.com\/wp-content\/uploads\/2024\/03\/Elegant-Crystal-Whiskey-Tumbler-Glasses-3.jpg\" alt=\"Copos elegantes de cristal para u\u00edsque\" width=\"459\" height=\"400\" srcset=\"https:\/\/lidaglassware.com\/wp-content\/uploads\/2024\/03\/Elegant-Crystal-Whiskey-Tumbler-Glasses-3.jpg 750w, https:\/\/lidaglassware.com\/wp-content\/uploads\/2024\/03\/Elegant-Crystal-Whiskey-Tumbler-Glasses-3-300x262.jpg 300w, https:\/\/lidaglassware.com\/wp-content\/uploads\/2024\/03\/Elegant-Crystal-Whiskey-Tumbler-Glasses-3-14x12.jpg 14w, https:\/\/lidaglassware.com\/wp-content\/uploads\/2024\/03\/Elegant-Crystal-Whiskey-Tumbler-Glasses-3-600x523.jpg 600w\" sizes=\"(max-width: 459px) 100vw, 459px\" \/><\/div>\n<\/div>\n<div class=\"absolute\">\n<div class=\"flex w-full gap-2 items-center justify-center\"><\/div>\n<\/div>\n<\/div>\n<\/div>\n<\/div>\n<\/div>\n<div class=\"mx-auto\">\n<div>\n<div class=\"mx-auto mt-2 inline-flex rounded-xl border border-gray-100 dark:border-gray-700\"><\/div>\n<\/div>\n<\/div>","protected":false},"excerpt":{"rendered":"<div class=\"w-full text-token-text-primary\" data-testid=\"conversation-turn-9\">\n<div class=\"px-4 py-2 justify-center text-base md:gap-6 m-auto\">\n<div class=\"flex flex-1 text-base mx-auto gap-3 md:px-5 lg:px-1 xl:px-5 md:max-w-3xl lg:max-w-[40rem] xl:max-w-[48rem] group\">\n<div class=\"relative flex w-full flex-col agent-turn\">\n<div class=\"flex-col gap-1 md:gap-3\">\n<div class=\"flex flex-grow flex-col max-w-full\">\n<div class=\"min-h-[20px] text-message flex flex-col items-start gap-3 whitespace-pre-wrap break-words [.text-message+&amp;]:mt-5 overflow-x-auto\" data-message-author-role=\"assistant\" data-message-id=\"d47d6b18-1cbe-4b1f-9f5e-99593617b313\">\n<div class=\"markdown prose w-full break-words dark:prose-invert light\">\n<p>Este copo de cristal, projetado especificamente para desfrutar de bebidas espirituosas, como whisky. Este tipo de copo \u00e9 conhecido por seu fundo grosso e design robusto, tornando-o ideal para beber whisky puro ou com gelo.<\/p>\n<p>O intrincado padr\u00e3o de vidro lapidado na metade inferior adiciona um toque de sofistica\u00e7\u00e3o e eleg\u00e2ncia, melhorando a experi\u00eancia geral de beber ao refletir a luz e exibir as cores ricas do licor. O cristal l\u00edmpido e de alta qualidade tamb\u00e9m permite ao bebedor apreciar a verdadeira cor e viscosidade do whisky.<\/p>\n<p>Este copo \u00e9 comumente utilizado em diversos ambientes, desde reuni\u00f5es casuais at\u00e9 ocasi\u00f5es mais formais, devido ao seu design cl\u00e1ssico e vers\u00e1til.<\/p>\n<\/div>\n<\/div>\n<\/div>\n<\/div>\n<\/div>\n<\/div>\n<\/div>\n<\/div>","protected":false},"featured_media":4625,"comment_status":"closed","ping_status":"closed","template":"","meta":[],"class_list":["post-4621","product","type-product","status-publish","has-post-thumbnail","hentry","product_cat-tumbler-glasses","product_tag-glass-tumbler","product_tag-whiskey-glass"],"_links":{"self":[{"href":"https:\/\/lidaglassware.com\/pt\/wp-json\/wp\/v2\/product\/4621","targetHints":{"allow":["GET"]}}],"collection":[{"href":"https:\/\/lidaglassware.com\/pt\/wp-json\/wp\/v2\/product"}],"about":[{"href":"https:\/\/lidaglassware.com\/pt\/wp-json\/wp\/v2\/types\/product"}],"replies":[{"embeddable":true,"href":"https:\/\/lidaglassware.com\/pt\/wp-json\/wp\/v2\/comments?post=4621"}],"wp:featuredmedia":[{"embeddable":true,"href":"https:\/\/lidaglassware.com\/pt\/wp-json\/wp\/v2\/media\/4625"}],"wp:attachment":[{"href":"https:\/\/lidaglassware.com\/pt\/wp-json\/wp\/v2\/media?parent=4621"}],"curies":[{"name":"wp","href":"https:\/\/api.w.org\/{rel}","templated":true}]}}