{"id":71,"date":"2020-12-16T00:12:08","date_gmt":"2020-12-16T08:12:08","guid":{"rendered":"http:\/\/lidaglassware.com\/?post_type=product&#038;p=71"},"modified":"2021-07-19T00:03:08","modified_gmt":"2021-07-19T08:03:08","slug":"hiball-tumbler-glass-250ml","status":"publish","type":"product","link":"https:\/\/lidaglassware.com\/pt\/produto\/hiball-tumbler-glass-250ml\/","title":{"rendered":"Copo Hiball 250ml \/ 9oz"},"content":{"rendered":"<p>\u2022 Copo Hiball<br \/>\n\u2022 Design cl\u00e1ssico<br \/>\n\u2022 Grande resist\u00eancia<br \/>\n\u2022 Resistente ao choque t\u00e9rmico de -20\u00b0C a +100\u00b0C<br \/>\n\u2022 O vidro se quebra em fragmentos rombos se quebrado<br \/>\n\u2022 Ideal para servir refrigerantes, \u00e1gua, suco ou bebidas quentes<br \/>\n\u2022 Seguro para crian\u00e7as usarem<br \/>\n\u2022 Adequado para micro-ondas<br \/>\n\u2022 Pode ser lavado na m\u00e1quina de lavar lou\u00e7a<\/p>\n<p>\u2022 Embalagem: 298 x 372 x 422 mm, 72 unidades<\/p>","protected":false},"excerpt":{"rendered":"<p>Para uma adi\u00e7\u00e3o cl\u00e1ssica aos seus copos, estes copos oferecem um estilo forte. Com um design limpo e quadrado, esses copos s\u00e3o o lar perfeito para qualquer bebida. Basta terminar com uma generosa por\u00e7\u00e3o de gelo, um canudo e uma rodela de lim\u00e3o.<\/p>","protected":false},"featured_media":73,"comment_status":"open","ping_status":"closed","template":"","meta":[],"class_list":["post-71","product","type-product","status-publish","has-post-thumbnail","hentry","product_cat-tumbler-glasses","product_tag-tumbler"],"_links":{"self":[{"href":"https:\/\/lidaglassware.com\/pt\/wp-json\/wp\/v2\/product\/71","targetHints":{"allow":["GET"]}}],"collection":[{"href":"https:\/\/lidaglassware.com\/pt\/wp-json\/wp\/v2\/product"}],"about":[{"href":"https:\/\/lidaglassware.com\/pt\/wp-json\/wp\/v2\/types\/product"}],"replies":[{"embeddable":true,"href":"https:\/\/lidaglassware.com\/pt\/wp-json\/wp\/v2\/comments?post=71"}],"wp:featuredmedia":[{"embeddable":true,"href":"https:\/\/lidaglassware.com\/pt\/wp-json\/wp\/v2\/media\/73"}],"wp:attachment":[{"href":"https:\/\/lidaglassware.com\/pt\/wp-json\/wp\/v2\/media?parent=71"}],"curies":[{"name":"wp","href":"https:\/\/api.w.org\/{rel}","templated":true}]}}