{"id":766,"date":"2021-05-31T01:38:50","date_gmt":"2021-05-31T09:38:50","guid":{"rendered":"https:\/\/lidaglassware.com\/?post_type=product&#038;p=766"},"modified":"2021-05-31T01:38:51","modified_gmt":"2021-05-31T09:38:51","slug":"spinning-top-crystal-whiskey-glass","status":"publish","type":"product","link":"https:\/\/lidaglassware.com\/pt\/produto\/spinning-top-crystal-whiskey-glass\/","title":{"rendered":"Copo de u\u00edsque de cristal girat\u00f3rio"},"content":{"rendered":"<p><span data-spm-anchor-id=\"a2g0o.detail.1000023.i0.7793fcadkBbIGu\">1. Design girat\u00f3rio \/ copo, vidro interessante e inovador<\/span><\/p>\n<p>2. Copo de u\u00edsque estilo retr\u00f4 n\u00f3rdico<\/p>\n<p><span data-spm-anchor-id=\"a2g0o.detail.1000023.i2.7793fcadkBbIGu\">3. Martelo espessante \/ padr\u00e3o de listras verticais, \u00f3tima ader\u00eancia<\/span><\/p>\n<p>4. Aplicar em Whisky, XO, Brandy, Vinho Tinto, Licor e Bebidas Espirituosas e assim por diante<\/p>\n<p>5. \u00c9 a melhor escolha como presente. Presente para pai, idosos, amigos<\/p>","protected":false},"excerpt":{"rendered":"<p>Com este copo de whisky criativo e girat\u00f3rio, voc\u00ea precisa se divertir mais!<\/p>","protected":false},"featured_media":774,"comment_status":"open","ping_status":"closed","template":"","meta":[],"class_list":["post-766","product","type-product","status-publish","has-post-thumbnail","hentry","product_cat-whiskey-glasses","product_tag-glassware","product_tag-whiskey","product_tag-whiskey-glass"],"_links":{"self":[{"href":"https:\/\/lidaglassware.com\/pt\/wp-json\/wp\/v2\/product\/766","targetHints":{"allow":["GET"]}}],"collection":[{"href":"https:\/\/lidaglassware.com\/pt\/wp-json\/wp\/v2\/product"}],"about":[{"href":"https:\/\/lidaglassware.com\/pt\/wp-json\/wp\/v2\/types\/product"}],"replies":[{"embeddable":true,"href":"https:\/\/lidaglassware.com\/pt\/wp-json\/wp\/v2\/comments?post=766"}],"wp:featuredmedia":[{"embeddable":true,"href":"https:\/\/lidaglassware.com\/pt\/wp-json\/wp\/v2\/media\/774"}],"wp:attachment":[{"href":"https:\/\/lidaglassware.com\/pt\/wp-json\/wp\/v2\/media?parent=766"}],"curies":[{"name":"wp","href":"https:\/\/api.w.org\/{rel}","templated":true}]}}