{"id":832,"date":"2021-06-28T01:34:05","date_gmt":"2021-06-28T09:34:05","guid":{"rendered":"https:\/\/lidaglassware.com\/?post_type=product&#038;p=832"},"modified":"2021-06-28T01:40:45","modified_gmt":"2021-06-28T09:40:45","slug":"2oz-hot-sell-shot-glass","status":"publish","type":"product","link":"https:\/\/lidaglassware.com\/pt\/produto\/2oz-hot-sell-shot-glass\/","title":{"rendered":"Copo de shot de venda quente de 2 on\u00e7as"},"content":{"rendered":"<p>Este Scotch and Whiskey Shot \u00e9 nosso item mais vendido, com grande volume de produ\u00e7\u00e3o todos os meses. \u00c9 a melhor op\u00e7\u00e3o fazer pedidos juntos se voc\u00ea n\u00e3o quiser encher muito o seu armaz\u00e9m. Enquanto isso, um pedido personalizado \u00e9 bem-vindo. Podemos produzir os produtos finais com todos os seus detalhes muito rapidamente. O que voc\u00ea pode fazer \u00e9 apenas esperar que a mercadoria chegue e seja entregue aos seus clientes.<\/p>\n<div class=\"product-point-box\">\n<div class=\"product-point-title\">Caracter\u00edsticas<\/div>\n<ul class=\"product-point\">\n<li>Logotipos personaliz\u00e1veis, atrav\u00e9s de relevo na base ou logotipo decalque no corpo<\/li>\n<li>Basta digitar<\/li>\n<li>Sem custo de moldagem<\/li>\n<li>Medidas: Di\u00e2metro superior 5cm e Altura 6cm<\/li>\n<li>Alta qualidade, branco puro<\/li>\n<li>As cores da pintura s\u00e3o vi\u00e1veis<\/li>\n<li>Aprova\u00e7\u00e3o de amostra antes da produ\u00e7\u00e3o em massa<\/li>\n<\/ul>\n<\/div>","protected":false},"excerpt":{"rendered":"<p>Este copo de 2 on\u00e7as com base mais espessa, que \u00e9 um dos nossos mais vendidos. Ele apresenta clareza de alta qualidade e fica fant\u00e1stico com nosso processo de serigrafia personalizado. A tinta n\u00e3o sai na m\u00e1quina de lavar lou\u00e7a, durando muitos anos.<\/p>","protected":false},"featured_media":837,"comment_status":"open","ping_status":"closed","template":"","meta":[],"class_list":["post-832","product","type-product","status-publish","has-post-thumbnail","hentry","product_cat-shot-glasses","product_tag-shot-glasses"],"_links":{"self":[{"href":"https:\/\/lidaglassware.com\/pt\/wp-json\/wp\/v2\/product\/832","targetHints":{"allow":["GET"]}}],"collection":[{"href":"https:\/\/lidaglassware.com\/pt\/wp-json\/wp\/v2\/product"}],"about":[{"href":"https:\/\/lidaglassware.com\/pt\/wp-json\/wp\/v2\/types\/product"}],"replies":[{"embeddable":true,"href":"https:\/\/lidaglassware.com\/pt\/wp-json\/wp\/v2\/comments?post=832"}],"wp:featuredmedia":[{"embeddable":true,"href":"https:\/\/lidaglassware.com\/pt\/wp-json\/wp\/v2\/media\/837"}],"wp:attachment":[{"href":"https:\/\/lidaglassware.com\/pt\/wp-json\/wp\/v2\/media?parent=832"}],"curies":[{"name":"wp","href":"https:\/\/api.w.org\/{rel}","templated":true}]}}