{"id":843,"date":"2021-07-12T17:37:28","date_gmt":"2021-07-13T01:37:28","guid":{"rendered":"https:\/\/lidaglassware.com\/?post_type=product&#038;p=843"},"modified":"2024-01-15T20:50:10","modified_gmt":"2024-01-16T04:50:10","slug":"stemless-wine-glasses-17-ounce","status":"publish","type":"product","link":"https:\/\/lidaglassware.com\/pt\/produto\/stemless-wine-glasses-17-ounce\/","title":{"rendered":"Ta\u00e7as de vinho sem haste \u2013 17 on\u00e7as"},"content":{"rendered":"<p><strong>Ta\u00e7as de vinho sem haste<\/strong> revolucionaram o mundo <strong>artigos de vidro<\/strong>. Estas embarca\u00e7\u00f5es vanguardistas, desprovidas da haste tradicional, oferecem uma est\u00e9tica contempor\u00e2nea que se integra perfeitamente em ambientes de mesa modernos. Enquanto alguns puristas argumentam que a haste tem um prop\u00f3sito funcional, permitindo ao bebedor segurar o copo sem aquecer o vinho, outros apreciam a estabilidade e o design ergon\u00f4mico da variante sem haste.<\/p>\n<p>Al\u00e9m disso, a aus\u00eancia de haste se traduz em maior durabilidade. Esses \u00f3culos s\u00e3o menos propensos a quebrar, garantindo longevidade. Num mundo onde a singularidade \u00e9 cobi\u00e7ada, o design n\u00e3o convencional de <strong>ta\u00e7as de vinho sem haste<\/strong> oferece uma nova perspectiva sobre o tradicional <strong>artigos de vidro<\/strong>. A sua eleg\u00e2ncia minimalista, combinada com benef\u00edcios pr\u00e1ticos, tornam-nos um complemento indispens\u00e1vel para qualquer experi\u00eancia gastron\u00f3mica sofisticada.<\/p>\n<p>Caracter\u00edsticas<\/p>\n<div class=\"product-point-box\">\n<ul class=\"product-point\">\n<li>Logotipo personaliz\u00e1vel \u00e9 bem-vindo<\/li>\n<li>Forma de embalagem especial para sua escolha<\/li>\n<li>Tamanho: di\u00e2metro superior 70mm, altura 115mm<\/li>\n<li><em>Os vidros s\u00e3o soprados \u00e0 m\u00e1quina<\/em><\/li>\n<li>Copo de vinho sem haste de alta qualidade<\/li>\n<li>V\u00e1rias cores s\u00e3o personalizadas<\/li>\n<li>O design do logotipo \u00e9 vi\u00e1vel<\/li>\n<\/ul>\n<p>&nbsp;<\/p>\n<\/div>","protected":false},"excerpt":{"rendered":"<p>A ta\u00e7a de vinho sem haste \u00e9 um dos nossos campe\u00f5es de vendas. Tem capacidade para 17 on\u00e7as. Tamb\u00e9m temos s\u00e9ries completas de outras capacidades. Parece fant\u00e1stico com seu pr\u00f3prio processo de impress\u00e3o de tela personalizado.<\/p>\n<p>O fasc\u00ednio de <strong>ta\u00e7as de vinho sem haste<\/strong> n\u00e3o se limita apenas ao seu design. Sua versatilidade vai al\u00e9m do vinho, tornando-os adequados para uma infinidade de bebidas. Esta adaptabilidade solidificou a sua posi\u00e7\u00e3o no pante\u00e3o dos alimentos essenciais <strong>artigos de vidro<\/strong> tanto para bebedores casuais quanto para conhecedores.<\/p>","protected":false},"featured_media":4048,"comment_status":"open","ping_status":"closed","template":"","meta":[],"class_list":["post-843","product","type-product","status-publish","has-post-thumbnail","hentry","product_cat-whiskey-glasses","product_cat-wine-glasses","product_tag-glassware","product_tag-whiskey","product_tag-whiskey-glass","product_tag-wine-glasses"],"_links":{"self":[{"href":"https:\/\/lidaglassware.com\/pt\/wp-json\/wp\/v2\/product\/843","targetHints":{"allow":["GET"]}}],"collection":[{"href":"https:\/\/lidaglassware.com\/pt\/wp-json\/wp\/v2\/product"}],"about":[{"href":"https:\/\/lidaglassware.com\/pt\/wp-json\/wp\/v2\/types\/product"}],"replies":[{"embeddable":true,"href":"https:\/\/lidaglassware.com\/pt\/wp-json\/wp\/v2\/comments?post=843"}],"wp:featuredmedia":[{"embeddable":true,"href":"https:\/\/lidaglassware.com\/pt\/wp-json\/wp\/v2\/media\/4048"}],"wp:attachment":[{"href":"https:\/\/lidaglassware.com\/pt\/wp-json\/wp\/v2\/media?parent=843"}],"curies":[{"name":"wp","href":"https:\/\/api.w.org\/{rel}","templated":true}]}}