{"id":860,"date":"2021-07-12T23:21:00","date_gmt":"2021-07-13T07:21:00","guid":{"rendered":"https:\/\/lidaglassware.com\/?post_type=product&#038;p=860"},"modified":"2022-09-27T00:21:05","modified_gmt":"2022-09-27T08:21:05","slug":"beverage-highball-glass-12oz","status":"publish","type":"product","link":"https:\/\/lidaglassware.com\/pt\/produto\/beverage-highball-glass-12oz\/","title":{"rendered":"Copo para bebidas\/highball 12 on\u00e7as"},"content":{"rendered":"<ul class=\"product-point\">\n<li>Capacidade: 12 on\u00e7as<\/li>\n<li>Tamanho: 79x145mm<\/li>\n<li>Peso: 340g<\/li>\n<li>Logo: Pr\u00f3prio para m\u00e1quina de lavar lou\u00e7a<\/li>\n<\/ul>\n<p>\u2022 Coquet\u00e9is finos<br \/>\n\u2022 Material: vidro de cal sodada<br \/>\n\u2022 Pode ser lavado na m\u00e1quina de lavar lou\u00e7a<br \/>\n\u2022 Base de bolha pesada<br \/>\n\u2022 Perfeito para uma grande variedade de bebidas, incluindo coquet\u00e9is, refrigerantes ou misturas<br \/>\n\u2022 Ideal para uso comercial ou dom\u00e9stico<\/p>\n<p>Feitos com vidro de alta qualidade e design fino, esses \u00f3culos oferecem estilo e durabilidade. Ideal para uso di\u00e1rio em casa ou em um bar.<\/p>","protected":false},"excerpt":{"rendered":"<p>Este copo Highball \u00e9 a melhor solu\u00e7\u00e3o para fornecedores de bares ou qualquer pessoa que queira estocar copos de alta qualidade para eventos especiais, festas de fim de ano ou presentes.<\/p>","protected":false},"featured_media":861,"comment_status":"open","ping_status":"closed","template":"","meta":[],"class_list":["post-860","product","type-product","status-publish","has-post-thumbnail","hentry","product_cat-tumbler-glasses","product_tag-hiball-glasses","product_tag-promotional-glassware","product_tag-tumbler"],"_links":{"self":[{"href":"https:\/\/lidaglassware.com\/pt\/wp-json\/wp\/v2\/product\/860","targetHints":{"allow":["GET"]}}],"collection":[{"href":"https:\/\/lidaglassware.com\/pt\/wp-json\/wp\/v2\/product"}],"about":[{"href":"https:\/\/lidaglassware.com\/pt\/wp-json\/wp\/v2\/types\/product"}],"replies":[{"embeddable":true,"href":"https:\/\/lidaglassware.com\/pt\/wp-json\/wp\/v2\/comments?post=860"}],"wp:featuredmedia":[{"embeddable":true,"href":"https:\/\/lidaglassware.com\/pt\/wp-json\/wp\/v2\/media\/861"}],"wp:attachment":[{"href":"https:\/\/lidaglassware.com\/pt\/wp-json\/wp\/v2\/media?parent=860"}],"curies":[{"name":"wp","href":"https:\/\/api.w.org\/{rel}","templated":true}]}}