{"id":910,"date":"2021-07-13T23:12:00","date_gmt":"2021-07-14T07:12:00","guid":{"rendered":"https:\/\/lidaglassware.com\/?post_type=product&#038;p=910"},"modified":"2024-01-15T21:51:51","modified_gmt":"2024-01-16T05:51:51","slug":"beer-mug-with-handle-550ml","status":"publish","type":"product","link":"https:\/\/lidaglassware.com\/pt\/produto\/beer-mug-with-handle-550ml\/","title":{"rendered":"Caneca de Cerveja com Asa 550ML"},"content":{"rendered":"<div class=\"product-point-title\">Caracter\u00edsticas<\/div>\n<ul class=\"product-point\">\n<li>Design cl\u00e1ssico de caneca de cerveja<\/li>\n<li>Al\u00e7a forte com apoio para o polegar<\/li>\n<li>Tamb\u00e9m conhecido como Stein, Tankard, Pub Glass ou Draft Mug<\/li>\n<li>\u00d3timo para bares, restaurantes, tabernas, pubs e bares esportivos<\/li>\n<\/ul>\n<div class=\"product-point-title\">Informa\u00e7\u00e3o adicional<\/div>\n<ul class=\"product-point\">\n<li>Capacidade: 550ML<\/li>\n<li>Tamanho: 87x82x152mm<\/li>\n<li>Peso: 690g<\/li>\n<li>Embalagem: 2 unidades\/caixa, 18 unidades\/ctn<\/li>\n<li>Tamanho da caixa: 44x25x21cm<\/li>\n<\/ul>\n<div class=\"product-point-title\">Cuidados e instru\u00e7\u00f5es<\/div>\n<ul class=\"product-point\">\n<li>Pode ser lavado na m\u00e1quina de lavar lou\u00e7a<\/li>\n<\/ul>","protected":false},"excerpt":{"rendered":"<p>\u00c9 a caneca de cerveja mais vendida h\u00e1 muitos anos. Melhor escolha para revendedor de itens de bar. Tamb\u00e9m para marcas de vinho que realizam eventos. \u00c9 o melhor para promover sua marca.<\/p>","protected":false},"featured_media":911,"comment_status":"open","ping_status":"closed","template":"","meta":[],"class_list":["post-910","product","type-product","status-publish","has-post-thumbnail","hentry","product_cat-beer-glasses","product_tag-beer-mugs","product_tag-glassware","product_tag-promotional-glassware"],"_links":{"self":[{"href":"https:\/\/lidaglassware.com\/pt\/wp-json\/wp\/v2\/product\/910","targetHints":{"allow":["GET"]}}],"collection":[{"href":"https:\/\/lidaglassware.com\/pt\/wp-json\/wp\/v2\/product"}],"about":[{"href":"https:\/\/lidaglassware.com\/pt\/wp-json\/wp\/v2\/types\/product"}],"replies":[{"embeddable":true,"href":"https:\/\/lidaglassware.com\/pt\/wp-json\/wp\/v2\/comments?post=910"}],"wp:featuredmedia":[{"embeddable":true,"href":"https:\/\/lidaglassware.com\/pt\/wp-json\/wp\/v2\/media\/911"}],"wp:attachment":[{"href":"https:\/\/lidaglassware.com\/pt\/wp-json\/wp\/v2\/media?parent=910"}],"curies":[{"name":"wp","href":"https:\/\/api.w.org\/{rel}","templated":true}]}}