{"id":917,"date":"2021-07-13T23:33:25","date_gmt":"2021-07-14T07:33:25","guid":{"rendered":"https:\/\/lidaglassware.com\/?post_type=product&#038;p=917"},"modified":"2024-01-15T22:52:11","modified_gmt":"2024-01-16T06:52:11","slug":"shot-glass-with-measures","status":"publish","type":"product","link":"https:\/\/lidaglassware.com\/pt\/produto\/shot-glass-with-measures\/","title":{"rendered":"Copo de Shot com Medidas"},"content":{"rendered":"<p>Este Scotch and Whiskey Shot \u00e9 nosso item mais vendido, com grande volume de produ\u00e7\u00e3o todos os meses. \u00c9 a melhor op\u00e7\u00e3o fazer pedidos juntos se voc\u00ea n\u00e3o quiser encher muito o seu armaz\u00e9m. Enquanto isso, um pedido personalizado \u00e9 bem-vindo. Podemos produzir os produtos finais com todos os seus detalhes muito rapidamente. O que voc\u00ea pode fazer \u00e9 apenas esperar que a mercadoria chegue e seja entregue aos seus clientes.<\/p>\n<div class=\"product-point-box\">\n<div class=\"product-point-title\">Caracter\u00edsticas<\/div>\n<ul class=\"product-point\">\n<li>Logotipos personaliz\u00e1veis, atrav\u00e9s de relevo na base ou logotipo decalque no corpo<\/li>\n<li>Basta digitar<\/li>\n<li>Sem custo de moldagem<\/li>\n<li>Medidas: Di\u00e2metro superior 5cm e Altura 6cm<\/li>\n<li>Alta qualidade, branco puro<\/li>\n<li>As cores da pintura s\u00e3o vi\u00e1veis<\/li>\n<li>Aprova\u00e7\u00e3o de amostra antes da produ\u00e7\u00e3o em massa<\/li>\n<\/ul>\n<h2><strong>Caracter\u00edsticas do produto do copo com medidas:<\/strong><\/h2>\n<ol>\n<li><strong>Marca\u00e7\u00f5es de medi\u00e7\u00e3o:<\/strong> Linhas claramente marcadas para medi\u00e7\u00f5es precisas, muitas vezes incluindo on\u00e7as e mililitros.<\/li>\n<li><strong>Uso vers\u00e1til:<\/strong> Ideal para medir bebidas espirituosas para coquet\u00e9is, preparar bebidas mistas ou desfrutar de uma dose padr\u00e3o.<\/li>\n<li><strong>Material de alta qualidade:<\/strong> Normalmente feito de vidro ou pl\u00e1stico dur\u00e1vel, projetado para suportar o uso regular.<\/li>\n<li><strong>Visibilidade clara:<\/strong> O design transparente permite f\u00e1cil visualiza\u00e7\u00e3o de conte\u00fados e medi\u00e7\u00f5es.<\/li>\n<li><strong>Mistura precisa:<\/strong> Essencial para criar coquet\u00e9is equilibrados e com sabores consistentes.<\/li>\n<li><strong>F\u00e1cil de limpar:<\/strong> Materiais pr\u00f3prios para m\u00e1quina de lavar lou\u00e7a para uma limpeza descomplicada.<\/li>\n<li><strong>Tamanho compacto:<\/strong> Tamanho de copo padr\u00e3o, perfeito para armazenamento e manuseio.<\/li>\n<li><strong>Design ergon\u00f4mico:<\/strong> Confort\u00e1vel de segurar e servir, com um design que se adapta tanto a ambientes casuais como formais.<\/li>\n<li><strong>Ideal para bares dom\u00e9sticos:<\/strong> Uma excelente ferramenta para mixologistas dom\u00e9sticos que buscam aprimorar suas habilidades na prepara\u00e7\u00e3o de coquet\u00e9is.<\/li>\n<li><strong>Padr\u00e3o Profissional:<\/strong> Adequado para uso em ambientes comerciais, oferecendo precis\u00e3o e efici\u00eancia em um ambiente de ritmo acelerado.<\/li>\n<\/ol>\n<\/div>","protected":false},"excerpt":{"rendered":"<p>Este copo de 2 on\u00e7as com base mais espessa, que \u00e9 um dos nossos mais vendidos. Ele apresenta clareza de alta qualidade e fica fant\u00e1stico com nosso processo de serigrafia personalizado. A tinta n\u00e3o sai na m\u00e1quina de lavar lou\u00e7a, durando muitos anos.<\/p>\n<p>O Copo Shot com Medidas \u00e9 uma adi\u00e7\u00e3o pr\u00e1tica e inovadora a qualquer cole\u00e7\u00e3o de barware, combinando o tradicional copo shot com a funcionalidade de marca\u00e7\u00f5es de medidas. Esses copos s\u00e3o perfeitos para bartenders dom\u00e9sticos e profissionais, proporcionando uma maneira f\u00e1cil e precisa de medir bebidas espirituosas e ingredientes para coquet\u00e9is. As marcas de medida adicionadas aumentam a precis\u00e3o no preparo da bebida, garantindo sempre coquet\u00e9is consistentes e equilibrados. Esteja voc\u00ea preparando coquet\u00e9is complexos ou simplesmente desfrutando de uma dose medida de sua bebida favorita, esses copos oferecem conveni\u00eancia e precis\u00e3o.<\/p>","protected":false},"featured_media":4072,"comment_status":"open","ping_status":"closed","template":"","meta":[],"class_list":["post-917","product","type-product","status-publish","has-post-thumbnail","hentry","product_cat-shot-glasses","product_tag-promotional-glassware","product_tag-shot-glasses"],"_links":{"self":[{"href":"https:\/\/lidaglassware.com\/pt\/wp-json\/wp\/v2\/product\/917","targetHints":{"allow":["GET"]}}],"collection":[{"href":"https:\/\/lidaglassware.com\/pt\/wp-json\/wp\/v2\/product"}],"about":[{"href":"https:\/\/lidaglassware.com\/pt\/wp-json\/wp\/v2\/types\/product"}],"replies":[{"embeddable":true,"href":"https:\/\/lidaglassware.com\/pt\/wp-json\/wp\/v2\/comments?post=917"}],"wp:featuredmedia":[{"embeddable":true,"href":"https:\/\/lidaglassware.com\/pt\/wp-json\/wp\/v2\/media\/4072"}],"wp:attachment":[{"href":"https:\/\/lidaglassware.com\/pt\/wp-json\/wp\/v2\/media?parent=917"}],"curies":[{"name":"wp","href":"https:\/\/api.w.org\/{rel}","templated":true}]}}