{"id":925,"date":"2021-07-13T23:58:43","date_gmt":"2021-07-14T07:58:43","guid":{"rendered":"https:\/\/lidaglassware.com\/?post_type=product&#038;p=925"},"modified":"2024-01-15T21:49:57","modified_gmt":"2024-01-16T05:49:57","slug":"beer-glass-cup-350ml","status":"publish","type":"product","link":"https:\/\/lidaglassware.com\/pt\/produto\/beer-glass-cup-350ml\/","title":{"rendered":"Copo de Cerveja 350ml"},"content":{"rendered":"<div class=\"product-point-title\">Caracter\u00edsticas<\/div>\n<ul class=\"product-point\">\n<li>Design cl\u00e1ssico de caneca de cerveja<\/li>\n<li>Al\u00e7a forte com apoio para o polegar<\/li>\n<li>Tamb\u00e9m conhecido como Stein, Tankard, Pub Glass ou Draft Mug<\/li>\n<li>\u00d3timo para bares, restaurantes, tabernas, pubs e bares esportivos<\/li>\n<\/ul>\n<div class=\"product-point-title\">Informa\u00e7\u00e3o adicional<\/div>\n<ul class=\"product-point\">\n<li>Capacidade: 350ml<\/li>\n<li>Tamanho: 70x70x141mm<\/li>\n<li>Peso: 480g<\/li>\n<li>Embalagem: 2 unidades\/caixa, 24 unidades\/ctn<\/li>\n<li>Tamanho da caixa: 37x32x33cm<\/li>\n<\/ul>\n<div class=\"product-point-title\">Cuidados e instru\u00e7\u00f5es<\/div>\n<ul class=\"product-point\">\n<li>Pode ser lavado na m\u00e1quina de lavar lou\u00e7a<\/li>\n<\/ul>","protected":false},"excerpt":{"rendered":"<p>\u00c9 a caneca de cerveja mais vendida h\u00e1 muitos anos. Melhor escolha para revendedor de itens de bar. Tamb\u00e9m para marcas de vinho que realizam eventos. \u00c9 o melhor para promover sua marca.<\/p>","protected":false},"featured_media":932,"comment_status":"open","ping_status":"closed","template":"","meta":[],"class_list":["post-925","product","type-product","status-publish","has-post-thumbnail","hentry","product_cat-beer-glasses","product_tag-beer-mugs","product_tag-glassware","product_tag-promotional-glassware"],"_links":{"self":[{"href":"https:\/\/lidaglassware.com\/pt\/wp-json\/wp\/v2\/product\/925","targetHints":{"allow":["GET"]}}],"collection":[{"href":"https:\/\/lidaglassware.com\/pt\/wp-json\/wp\/v2\/product"}],"about":[{"href":"https:\/\/lidaglassware.com\/pt\/wp-json\/wp\/v2\/types\/product"}],"replies":[{"embeddable":true,"href":"https:\/\/lidaglassware.com\/pt\/wp-json\/wp\/v2\/comments?post=925"}],"wp:featuredmedia":[{"embeddable":true,"href":"https:\/\/lidaglassware.com\/pt\/wp-json\/wp\/v2\/media\/932"}],"wp:attachment":[{"href":"https:\/\/lidaglassware.com\/pt\/wp-json\/wp\/v2\/media?parent=925"}],"curies":[{"name":"wp","href":"https:\/\/api.w.org\/{rel}","templated":true}]}}