{"id":948,"date":"2021-07-15T16:57:34","date_gmt":"2021-07-16T00:57:34","guid":{"rendered":"https:\/\/lidaglassware.com\/?post_type=product&#038;p=948"},"modified":"2022-09-27T01:22:23","modified_gmt":"2022-09-27T09:22:23","slug":"bullet-shot-glasses-2-6oz-75ml","status":"publish","type":"product","link":"https:\/\/lidaglassware.com\/pt\/produto\/oculos-de-bala-2-6oz-75ml\/","title":{"rendered":"Copos Bullet Shot 2,6 on\u00e7as \/ 75 ml"},"content":{"rendered":"<h2>Copos bullet shot de 75ml<\/h2>\n<p><span style=\"color: #333333;\">Este copo de bala \u00e9 maior <a style=\"color: #333333;\" href=\"http:\/\/www.itsglassware.com\/product\/bullet-shot-glasses-40ml\/\" target=\"_blank\" rel=\"noopener\">tiro de bala 40ml\/1,5oz<\/a>. Ambos t\u00eam formato semelhante, mas diferentes no volume. Voc\u00ea pode escolher o que quiser.<\/span><\/p>\n<p><span style=\"color: #333333;\">O\u00a0<a style=\"color: #333333;\" href=\"http:\/\/www.itsglassware.com\/product-category\/shot-glasses\/\" target=\"_blank\" rel=\"noopener\">vidro de tiro<\/a> \u00e9 perfeito para balan\u00e7ar para tr\u00e1s e acertar aqueles atiradores que d\u00e3o \u00e1gua nos olhos. Com capacidade para 40 ml da dose desejada, o copo Bullet Shot \u00e9 ideal para qualquer coisa, desde uma dose de tequila at\u00e9 uma dose de u\u00edsque.<\/span><\/p>\n<p><span style=\"color: #333333;\">A base espessa confere a este vidro for\u00e7a e robustez extras, proporcionando tranquilidade ao distribuir fotos perigosas entre amigos.<\/span><\/p>\n<p><span style=\"color: #333333;\">Do WIKI<\/span><\/p>\n<p><span style=\"color: #333333;\">A <b>vidro de tiro<\/b> \u00e9 um pequeno <a class=\"mw-redirect\" style=\"color: #333333;\" title=\"Copo (copos)\" href=\"https:\/\/en.wikipedia.org\/wiki\/Glass_(drinkware)\" target=\"_blank\" rel=\"noopener\">vidro<\/a> projetado para segurar ou medir <a style=\"color: #333333;\" title=\"Bebida destilada\" href=\"https:\/\/en.wikipedia.org\/wiki\/Distilled_beverage\" target=\"_blank\" rel=\"noopener\">bebidas espirituosas ou licor<\/a>, que pode ser bebido direto do copo (\u201cuma dose\u201d) ou servido em um <a style=\"color: #333333;\" title=\"Coquetel\" href=\"https:\/\/en.wikipedia.org\/wiki\/Cocktail\" target=\"_blank\" rel=\"noopener\">coquetel<\/a>. Uma \u201cdose\u201d de bebida alco\u00f3lica n\u00e3o \u00e9 o mesmo que uma \u201c<a style=\"color: #333333;\" title=\"Atirador (bebida)\" href=\"https:\/\/en.wikipedia.org\/wiki\/Shooter_(drink)\" target=\"_blank\" rel=\"noopener\">atirador<\/a>&#8220;.<\/span><\/p>\n<p><span style=\"color: #333333;\">Copos de shot decorados com uma grande variedade de <a style=\"color: #333333;\" title=\"Brinde (honra)\" href=\"https:\/\/en.wikipedia.org\/wiki\/Toast_(honor)\" target=\"_blank\" rel=\"noopener\">Torradas<\/a>, an\u00fancios e imagens humor\u00edsticas s\u00e3o populares <a style=\"color: #333333;\" title=\"Lembran\u00e7a\" href=\"https:\/\/en.wikipedia.org\/wiki\/Souvenir\" target=\"_blank\" rel=\"noopener\">recorda\u00e7\u00f5es<\/a> e <a style=\"color: #333333;\" title=\"Cervejeira\" href=\"https:\/\/en.wikipedia.org\/wiki\/Breweriana\" target=\"_blank\" rel=\"noopener\">colecion\u00e1veis<\/a>.<\/span><\/p>","protected":false},"excerpt":{"rendered":"<p>Material de vidro shot: vidro de cal sodada<\/p>\n<p>Base pesada<\/p>\n<p>Caixa de presente dispon\u00edvel<\/p>\n<p>Pode ser lavado na m\u00e1quina de lavar lou\u00e7a<\/p>\n<p>Ideal para shots, aperitivos e digestivos<\/p>","protected":false},"featured_media":1015,"comment_status":"closed","ping_status":"closed","template":"","meta":[],"class_list":["post-948","product","type-product","status-publish","has-post-thumbnail","hentry","product_cat-shot-glasses","product_tag-promotional-glassware","product_tag-shot-glasses"],"_links":{"self":[{"href":"https:\/\/lidaglassware.com\/pt\/wp-json\/wp\/v2\/product\/948","targetHints":{"allow":["GET"]}}],"collection":[{"href":"https:\/\/lidaglassware.com\/pt\/wp-json\/wp\/v2\/product"}],"about":[{"href":"https:\/\/lidaglassware.com\/pt\/wp-json\/wp\/v2\/types\/product"}],"replies":[{"embeddable":true,"href":"https:\/\/lidaglassware.com\/pt\/wp-json\/wp\/v2\/comments?post=948"}],"wp:featuredmedia":[{"embeddable":true,"href":"https:\/\/lidaglassware.com\/pt\/wp-json\/wp\/v2\/media\/1015"}],"wp:attachment":[{"href":"https:\/\/lidaglassware.com\/pt\/wp-json\/wp\/v2\/media?parent=948"}],"curies":[{"name":"wp","href":"https:\/\/api.w.org\/{rel}","templated":true}]}}