{"id":949,"date":"2021-07-15T16:57:34","date_gmt":"2021-07-16T00:57:34","guid":{"rendered":"https:\/\/lidaglassware.com\/?post_type=product&#038;p=949"},"modified":"2021-07-20T17:47:44","modified_gmt":"2021-07-21T01:47:44","slug":"heart-shaped-glass-votive-candle-holders-60ml","status":"publish","type":"product","link":"https:\/\/lidaglassware.com\/pt\/produto\/casticais-votivas-de-vidro-em-coracao-60ml\/","title":{"rendered":"Casti\u00e7ais votivos em vidro formato de cora\u00e7\u00e3o 60ml"},"content":{"rendered":"<h2>Casti\u00e7ais Votivos em Vidro 60ml<\/h2>\n<p>Este casti\u00e7al de vidro votivo \u00e9 especial em seu formato de cora\u00e7\u00e3o. \u00c9 unico!<\/p>\n<p>Se voc\u00ea quiser vencer o mercado normal de velas, precisar\u00e1 criar o seu pr\u00f3prio para a concorr\u00eancia, para obter lucro. Estamos aqui esperando por voc\u00ea, para perceber o que voc\u00ea pensa e o que precisa.<\/p>\n<p>Temos diferentes solu\u00e7\u00f5es para voc\u00ea. Basta ligar ou enviar um e-mail!<\/p>","protected":false},"excerpt":{"rendered":"<p>Glass Votive Candle Holders 60ml This votive glass candle holder is special at its heart shape. It is unique! If you want to beat the normal market of candle, you need to design your own for the competition, for the profit. We are here waiting for you, to realize what you think and what you [&hellip;]<\/p>","protected":false},"featured_media":1019,"comment_status":"closed","ping_status":"closed","template":"","meta":[],"class_list":["post-949","product","type-product","status-publish","has-post-thumbnail","hentry","product_cat-glass-candle-holders"],"_links":{"self":[{"href":"https:\/\/lidaglassware.com\/pt\/wp-json\/wp\/v2\/product\/949","targetHints":{"allow":["GET"]}}],"collection":[{"href":"https:\/\/lidaglassware.com\/pt\/wp-json\/wp\/v2\/product"}],"about":[{"href":"https:\/\/lidaglassware.com\/pt\/wp-json\/wp\/v2\/types\/product"}],"replies":[{"embeddable":true,"href":"https:\/\/lidaglassware.com\/pt\/wp-json\/wp\/v2\/comments?post=949"}],"wp:featuredmedia":[{"embeddable":true,"href":"https:\/\/lidaglassware.com\/pt\/wp-json\/wp\/v2\/media\/1019"}],"wp:attachment":[{"href":"https:\/\/lidaglassware.com\/pt\/wp-json\/wp\/v2\/media?parent=949"}],"curies":[{"name":"wp","href":"https:\/\/api.w.org\/{rel}","templated":true}]}}