{"id":952,"date":"2021-07-15T16:57:35","date_gmt":"2021-07-16T00:57:35","guid":{"rendered":"https:\/\/lidaglassware.com\/?post_type=product&#038;p=952"},"modified":"2022-09-27T17:29:01","modified_gmt":"2022-09-28T01:29:01","slug":"tiger-whiskey-tumblers-5oz-140ml","status":"publish","type":"product","link":"https:\/\/lidaglassware.com\/pt\/produto\/copos-de-uisque-tigre-5oz-140ml\/","title":{"rendered":"Copos de u\u00edsque Tiger 5 on\u00e7as \/ 140 ml"},"content":{"rendered":"<h2><span style=\"color: #000000;\">Copos de u\u00edsque Tiger 5 on\u00e7as \/ 140 ml<\/span><\/h2>\n<p><span style=\"color: #000000;\">Este copo \u00e9 da Brand Tiger, um copo personalizado. O logotipo do tigre est\u00e1 gravado no vidro, que \u00e9 a melhor forma de divulgar sua marca.<\/span><\/p>\n<p>&nbsp;<\/p>\n<div id=\"bodyContent\" class=\"mw-body-content\"><span style=\"color: #000000;\">Um copo Old Fashioned, tradicionalmente usado para servir <a style=\"color: #000000;\" title=\"Bebida destilada\" href=\"https:\/\/en.wikipedia.org\/wiki\/Distilled_beverage\" target=\"_blank\" rel=\"noopener\">esp\u00edritos<\/a><\/span><\/div>\n<div class=\"mw-body-content\">\n<div id=\"bodyContent\" class=\"mw-body-content\">\n<div id=\"mw-content-text\" class=\"mw-content-ltr\" dir=\"ltr\" lang=\"en\">\n<p><span style=\"color: #000000;\">O <b>Vidro antiquado<\/b> ou <b>pedras de vidro<\/b> \u00e9 um curto <a style=\"color: #000000;\" title=\"Copo (vidro)\" href=\"https:\/\/en.wikipedia.org\/wiki\/Tumbler_(glass)\" target=\"_blank\" rel=\"noopener\">copo<\/a> usado para servir bronzeado <a style=\"color: #000000;\" title=\"Bebida destilada\" href=\"https:\/\/en.wikipedia.org\/wiki\/Distilled_beverage\" target=\"_blank\" rel=\"noopener\">esp\u00edritos<\/a>, como <a style=\"color: #000000;\" title=\"U\u00edsque\" href=\"https:\/\/en.wikipedia.org\/wiki\/Whisky\" target=\"_blank\" rel=\"noopener\">U\u00edsque<\/a>, com <a class=\"mw-redirect\" style=\"color: #000000;\" title=\"Cubos de gelo\" href=\"https:\/\/en.wikipedia.org\/wiki\/Ice_cubes\" target=\"_blank\" rel=\"noopener\">cubos de gelo<\/a> (&quot;com gelo&quot;). Tamb\u00e9m \u00e9 normalmente usado para servir determinados <a style=\"color: #000000;\" title=\"Coquetel\" href=\"https:\/\/en.wikipedia.org\/wiki\/Cocktail\" target=\"_blank\" rel=\"noopener\">coquet\u00e9is<\/a>, tais como o <a style=\"color: #000000;\" title=\"antiquado\" href=\"https:\/\/en.wikipedia.org\/wiki\/Old_Fashioned\" target=\"_blank\" rel=\"noopener\">antiquado<\/a>, de onde recebe seu nome.<\/span><\/p>\n<p><span style=\"color: #000000;\">Os copos Old Fashioned normalmente t\u00eam aba larga e base grossa, de modo que os ingredientes n\u00e3o l\u00edquidos de um coquetel podem ser amassados usando um <a style=\"color: #000000;\" title=\"Confuso\" href=\"https:\/\/en.wikipedia.org\/wiki\/Muddler\" target=\"_blank\" rel=\"noopener\">confuso<\/a> antes de os principais ingredientes l\u00edquidos serem adicionados.<\/span><\/p>\n<p><span style=\"color: #000000;\">Os copos antiquados geralmente cont\u00eam 180\u2013300 ml (6\u201310 US fl oz).<sup id=\"cite_ref-1\" class=\"reference\"><a style=\"color: #000000;\" href=\"https:\/\/en.wikipedia.org\/wiki\/Old_Fashioned_glass#cite_note-1\" target=\"_blank\" rel=\"noopener\">[1]<\/a><\/sup><sup id=\"cite_ref-Rathbun_2-0\" class=\"reference\"><a style=\"color: #000000;\" href=\"https:\/\/en.wikipedia.org\/wiki\/Old_Fashioned_glass#cite_note-Rathbun-2\" target=\"_blank\" rel=\"noopener\">[2]<\/a><\/sup> Um copo duplo Old Fashioned (\u00e0s vezes chamado pelos varejistas de <b>DOF<\/b> vidro) cont\u00e9m 350\u2013470 ml (12\u201316 US fl oz).<sup id=\"cite_ref-Rathbun_2-1\" class=\"reference\"><a style=\"color: #000000;\" href=\"https:\/\/en.wikipedia.org\/wiki\/Old_Fashioned_glass#cite_note-Rathbun-2\" target=\"_blank\" rel=\"noopener\">[2]<\/a><\/sup><sup id=\"cite_ref-3\" class=\"reference\"><a style=\"color: #000000;\" href=\"https:\/\/en.wikipedia.org\/wiki\/Old_Fashioned_glass#cite_note-3\" target=\"_blank\" rel=\"noopener\">[3]<\/a><\/sup><\/span><\/p>\n<\/div>\n<\/div>\n<\/div>","protected":false},"excerpt":{"rendered":"<p>Tiger Whiskey\u00a0Tumblers 5oz \/ 140ml This glass is for Brand Tiger, a custom glass.\u00a0The tiger\u00a0logo is embossed on the glass, which is the best way to promote your brand. &nbsp; An Old Fashioned glass, traditionally used for serving spirits The Old Fashioned glass or rocks glass is a short tumbler used for serving tan spirits, [&hellip;]<\/p>","protected":false},"featured_media":1031,"comment_status":"closed","ping_status":"closed","template":"","meta":[],"class_list":["post-952","product","type-product","status-publish","has-post-thumbnail","hentry","product_cat-branded-glasses","product_cat-whiskey-glasses"],"_links":{"self":[{"href":"https:\/\/lidaglassware.com\/pt\/wp-json\/wp\/v2\/product\/952","targetHints":{"allow":["GET"]}}],"collection":[{"href":"https:\/\/lidaglassware.com\/pt\/wp-json\/wp\/v2\/product"}],"about":[{"href":"https:\/\/lidaglassware.com\/pt\/wp-json\/wp\/v2\/types\/product"}],"replies":[{"embeddable":true,"href":"https:\/\/lidaglassware.com\/pt\/wp-json\/wp\/v2\/comments?post=952"}],"wp:featuredmedia":[{"embeddable":true,"href":"https:\/\/lidaglassware.com\/pt\/wp-json\/wp\/v2\/media\/1031"}],"wp:attachment":[{"href":"https:\/\/lidaglassware.com\/pt\/wp-json\/wp\/v2\/media?parent=952"}],"curies":[{"name":"wp","href":"https:\/\/api.w.org\/{rel}","templated":true}]}}