{"id":953,"date":"2021-07-15T16:57:35","date_gmt":"2021-07-16T00:57:35","guid":{"rendered":"https:\/\/lidaglassware.com\/?post_type=product&#038;p=953"},"modified":"2021-07-20T17:47:18","modified_gmt":"2021-07-21T01:47:18","slug":"glass-votive-candle-holders-110ml","status":"publish","type":"product","link":"https:\/\/lidaglassware.com\/pt\/produto\/porta-velas-votivas-em-vidro-110ml\/","title":{"rendered":"Casti\u00e7ais Votivos em Vidro 110ml"},"content":{"rendered":"<h2>Casti\u00e7ais Votivos em Vidro 110ml<\/h2>\n<p>Casti\u00e7ais de vidro maiores e populares.<\/p>\n<p>Se voc\u00ea quiser vencer o mercado normal de velas, precisar\u00e1 criar o seu pr\u00f3prio para a concorr\u00eancia, para obter lucro. Estamos aqui esperando por voc\u00ea, para perceber o que voc\u00ea pensa e o que precisa.<\/p>\n<p>Temos diferentes solu\u00e7\u00f5es para voc\u00ea. Basta ligar ou enviar um e-mail!<\/p>","protected":false},"excerpt":{"rendered":"<p>Glass Votive Candle Holders 110ml A bigger and popular glass candle holders. If you want to beat the normal market of candle, you need to design your own for the competition, for the profit. We are here waiting for you, to realize what you think and what you need. We have different solutions for you. [&hellip;]<\/p>","protected":false},"featured_media":1035,"comment_status":"closed","ping_status":"closed","template":"","meta":[],"class_list":["post-953","product","type-product","status-publish","has-post-thumbnail","hentry","product_cat-glass-candle-holders"],"_links":{"self":[{"href":"https:\/\/lidaglassware.com\/pt\/wp-json\/wp\/v2\/product\/953","targetHints":{"allow":["GET"]}}],"collection":[{"href":"https:\/\/lidaglassware.com\/pt\/wp-json\/wp\/v2\/product"}],"about":[{"href":"https:\/\/lidaglassware.com\/pt\/wp-json\/wp\/v2\/types\/product"}],"replies":[{"embeddable":true,"href":"https:\/\/lidaglassware.com\/pt\/wp-json\/wp\/v2\/comments?post=953"}],"wp:featuredmedia":[{"embeddable":true,"href":"https:\/\/lidaglassware.com\/pt\/wp-json\/wp\/v2\/media\/1035"}],"wp:attachment":[{"href":"https:\/\/lidaglassware.com\/pt\/wp-json\/wp\/v2\/media?parent=953"}],"curies":[{"name":"wp","href":"https:\/\/api.w.org\/{rel}","templated":true}]}}