{"id":958,"date":"2021-07-15T16:57:35","date_gmt":"2021-07-16T00:57:35","guid":{"rendered":"https:\/\/lidaglassware.com\/?post_type=product&#038;p=958"},"modified":"2021-07-19T00:33:51","modified_gmt":"2021-07-19T08:33:51","slug":"round-whiskey-tumblers-8-5oz-240ml","status":"publish","type":"product","link":"https:\/\/lidaglassware.com\/pt\/produto\/round-whiskey-tumblers-8-5oz-240ml\/","title":{"rendered":"Copos redondos de u\u00edsque 8,5 on\u00e7as \/ 240 ml"},"content":{"rendered":"<h2>Copos redondos de u\u00edsque 8,5 on\u00e7as \/ 240 ml<\/h2>\n<p>Estes copos redondos de whisky s\u00e3o adequados tanto para ambientes comerciais como para casa. Estes copos de whisky foram feitos de vidro de cal sodada. E eles podem suportar o uso di\u00e1rio intenso.<\/p>\n<p>Adequado para uso em ambientes comerciais como restaurantes, pubs, festas, etc. Espero que voc\u00ea esteja se divertindo com estes copos de diamante \u00e0 moda antiga.<\/p>","protected":false},"excerpt":{"rendered":"<p>Este copo de whisky\/copo antiquado \u00e9 produzido por prensagem \u00e0 m\u00e1quina. Mostra a clareza superior e uma borda fina. Voc\u00ea pode ter sua pr\u00f3pria apresenta\u00e7\u00e3o de bebidas.<\/p>","protected":false},"featured_media":1057,"comment_status":"closed","ping_status":"closed","template":"","meta":[],"class_list":["post-958","product","type-product","status-publish","has-post-thumbnail","hentry","product_cat-whiskey-glasses","product_tag-whiskey-glass"],"_links":{"self":[{"href":"https:\/\/lidaglassware.com\/pt\/wp-json\/wp\/v2\/product\/958","targetHints":{"allow":["GET"]}}],"collection":[{"href":"https:\/\/lidaglassware.com\/pt\/wp-json\/wp\/v2\/product"}],"about":[{"href":"https:\/\/lidaglassware.com\/pt\/wp-json\/wp\/v2\/types\/product"}],"replies":[{"embeddable":true,"href":"https:\/\/lidaglassware.com\/pt\/wp-json\/wp\/v2\/comments?post=958"}],"wp:featuredmedia":[{"embeddable":true,"href":"https:\/\/lidaglassware.com\/pt\/wp-json\/wp\/v2\/media\/1057"}],"wp:attachment":[{"href":"https:\/\/lidaglassware.com\/pt\/wp-json\/wp\/v2\/media?parent=958"}],"curies":[{"name":"wp","href":"https:\/\/api.w.org\/{rel}","templated":true}]}}