{"id":960,"date":"2021-07-15T16:57:35","date_gmt":"2021-07-16T00:57:35","guid":{"rendered":"https:\/\/lidaglassware.com\/?post_type=product&#038;p=960"},"modified":"2021-07-20T17:47:34","modified_gmt":"2021-07-21T01:47:34","slug":"glass-votive-candle-holders-1-75-x-2-5","status":"publish","type":"product","link":"https:\/\/lidaglassware.com\/pt\/produto\/casticais-votivos-de-vidro-1-75-x-2-5\/","title":{"rendered":"Casti\u00e7ais votivos de vidro 1,75\u2033 x 2,5\u2033"},"content":{"rendered":"<h2>Casti\u00e7ais votivos de vidro<\/h2>\n<p>O vidro transparente permite que a luz das velas crie um brilho encantador para qualquer ocasi\u00e3o. Crie uma incr\u00edvel paisagem de mesa para casamentos e jantares ou brilhe uma bela luminesc\u00eancia que gera um ambiente elegante em seus quartos, banheiros ou onde voc\u00ea quiser, aquela lua tranquila e relaxante que s\u00f3 a luz de velas proporciona.<\/p>\n<p>Se voc\u00ea quiser vencer o mercado normal de velas, precisar\u00e1 criar o seu pr\u00f3prio para a concorr\u00eancia, para obter lucro. Estamos aqui esperando por voc\u00ea, para perceber o que voc\u00ea pensa e o que precisa.<\/p>\n<p>Temos diferentes solu\u00e7\u00f5es para voc\u00ea. Basta ligar ou enviar um e-mail!<\/p>","protected":false},"excerpt":{"rendered":"<p>Glass Votive Candle Holders The clear glass allows candlelight to create an enchanting sparkle for any occasion. Create an amazing table-scape for weddings and dinner parties or shine beautiful luminescence that generates elegant ambiance in your bedroons, bathrooms or wherever you want that peaceful relaxing moond that only candlelight provides. If you want to beat [&hellip;]<\/p>","protected":false},"featured_media":1066,"comment_status":"closed","ping_status":"closed","template":"","meta":[],"class_list":["post-960","product","type-product","status-publish","has-post-thumbnail","hentry","product_cat-glass-candle-holders","product_tag-glass-candle-holder"],"_links":{"self":[{"href":"https:\/\/lidaglassware.com\/pt\/wp-json\/wp\/v2\/product\/960","targetHints":{"allow":["GET"]}}],"collection":[{"href":"https:\/\/lidaglassware.com\/pt\/wp-json\/wp\/v2\/product"}],"about":[{"href":"https:\/\/lidaglassware.com\/pt\/wp-json\/wp\/v2\/types\/product"}],"replies":[{"embeddable":true,"href":"https:\/\/lidaglassware.com\/pt\/wp-json\/wp\/v2\/comments?post=960"}],"wp:featuredmedia":[{"embeddable":true,"href":"https:\/\/lidaglassware.com\/pt\/wp-json\/wp\/v2\/media\/1066"}],"wp:attachment":[{"href":"https:\/\/lidaglassware.com\/pt\/wp-json\/wp\/v2\/media?parent=960"}],"curies":[{"name":"wp","href":"https:\/\/api.w.org\/{rel}","templated":true}]}}