{"id":961,"date":"2021-07-15T16:57:36","date_gmt":"2021-07-16T00:57:36","guid":{"rendered":"https:\/\/lidaglassware.com\/?post_type=product&#038;p=961"},"modified":"2021-07-20T17:46:24","modified_gmt":"2021-07-21T01:46:24","slug":"glass-votive-candle-holders-square-cube","status":"publish","type":"product","link":"https:\/\/lidaglassware.com\/pt\/produto\/porta-velas-votivas-de-vidro-cubo-quadrado\/","title":{"rendered":"Casti\u00e7ais votivos de vidro (cubo quadrado)"},"content":{"rendered":"<h2>Casti\u00e7ais votivos de vidro (cubo quadrado)<\/h2>\n<p>O vidro transparente permite que a luz das velas crie um brilho encantador para qualquer ocasi\u00e3o.<\/p>\n<p>Se voc\u00ea quiser vencer o mercado normal de velas, precisar\u00e1 criar o seu pr\u00f3prio para a concorr\u00eancia, para obter lucro. Estamos aqui esperando por voc\u00ea, para perceber o que voc\u00ea pensa e o que precisa.<\/p>\n<p>Temos diferentes solu\u00e7\u00f5es para voc\u00ea. Basta ligar ou enviar um e-mail!<\/p>","protected":false},"excerpt":{"rendered":"<p>Crie uma incr\u00edvel paisagem de mesa para casamentos e jantares ou brilhe uma bela luminesc\u00eancia que gera um ambiente elegante em seus quartos, banheiros ou onde voc\u00ea quiser, aquela lua tranquila e relaxante que s\u00f3 a luz de velas proporciona.<\/p>","protected":false},"featured_media":1070,"comment_status":"closed","ping_status":"closed","template":"","meta":[],"class_list":["post-961","product","type-product","status-publish","has-post-thumbnail","hentry","product_cat-glass-candle-holders","product_tag-glass-candle-holder"],"_links":{"self":[{"href":"https:\/\/lidaglassware.com\/pt\/wp-json\/wp\/v2\/product\/961","targetHints":{"allow":["GET"]}}],"collection":[{"href":"https:\/\/lidaglassware.com\/pt\/wp-json\/wp\/v2\/product"}],"about":[{"href":"https:\/\/lidaglassware.com\/pt\/wp-json\/wp\/v2\/types\/product"}],"replies":[{"embeddable":true,"href":"https:\/\/lidaglassware.com\/pt\/wp-json\/wp\/v2\/comments?post=961"}],"wp:featuredmedia":[{"embeddable":true,"href":"https:\/\/lidaglassware.com\/pt\/wp-json\/wp\/v2\/media\/1070"}],"wp:attachment":[{"href":"https:\/\/lidaglassware.com\/pt\/wp-json\/wp\/v2\/media?parent=961"}],"curies":[{"name":"wp","href":"https:\/\/api.w.org\/{rel}","templated":true}]}}