{"id":962,"date":"2021-07-15T16:57:36","date_gmt":"2021-07-16T00:57:36","guid":{"rendered":"https:\/\/lidaglassware.com\/?post_type=product&#038;p=962"},"modified":"2021-07-19T00:13:56","modified_gmt":"2021-07-19T08:13:56","slug":"printed-shot-glasses-1-8oz-50ml","status":"publish","type":"product","link":"https:\/\/lidaglassware.com\/pt\/produto\/copos-de-shot-impressos-1-8oz-50ml\/","title":{"rendered":"Copos de shot impressos 1,8 on\u00e7as \/ 50 ml"},"content":{"rendered":"<h2>Copos de shot impressos 1,8 on\u00e7as \/ 50 ml<\/h2>\n<ul>\n<li>\u00c9 um copo divertido para adicionar \u00e0 sua cole\u00e7\u00e3o<\/li>\n<li>\u00c9 um \u00f3timo presente para feriados, anivers\u00e1rios e muito mais<\/li>\n<li>Impresso com sua pr\u00f3pria marca ou imagens neste copo de 1,8 on\u00e7as<\/li>\n<\/ul>\n<p>Quando foi a \u00faltima vez que uma grande hist\u00f3ria come\u00e7ou com algu\u00e9m comendo salada? Este copo impresso \u00e9 perfeito para come\u00e7ar qualquer festa!<\/p>\n<p>Sugere-se que voc\u00ea fa\u00e7a sua pr\u00f3pria marca nele! Fa\u00e7a um estoque agora para ter \u00f3culos prontos para deixar seu cliente satisfeito.<\/p>\n<p>&nbsp;<\/p>","protected":false},"excerpt":{"rendered":"<p>Printed Shot Glasses 1.8oz \/ 50ml It&#8217;s a fun shot glass to add to your collection Makes a great gift for holidays, birthdays and more Printed with your own brand or images on this 1.8oz Shot glass When was the last time a great story started with someone eating a salad? This printed shot glass [&hellip;]<\/p>","protected":false},"featured_media":1076,"comment_status":"closed","ping_status":"closed","template":"","meta":[],"class_list":["post-962","product","type-product","status-publish","has-post-thumbnail","hentry","product_cat-shot-glasses","product_tag-shot-glasses"],"_links":{"self":[{"href":"https:\/\/lidaglassware.com\/pt\/wp-json\/wp\/v2\/product\/962","targetHints":{"allow":["GET"]}}],"collection":[{"href":"https:\/\/lidaglassware.com\/pt\/wp-json\/wp\/v2\/product"}],"about":[{"href":"https:\/\/lidaglassware.com\/pt\/wp-json\/wp\/v2\/types\/product"}],"replies":[{"embeddable":true,"href":"https:\/\/lidaglassware.com\/pt\/wp-json\/wp\/v2\/comments?post=962"}],"wp:featuredmedia":[{"embeddable":true,"href":"https:\/\/lidaglassware.com\/pt\/wp-json\/wp\/v2\/media\/1076"}],"wp:attachment":[{"href":"https:\/\/lidaglassware.com\/pt\/wp-json\/wp\/v2\/media?parent=962"}],"curies":[{"name":"wp","href":"https:\/\/api.w.org\/{rel}","templated":true}]}}