{"id":965,"date":"2021-07-15T16:57:36","date_gmt":"2021-07-16T00:57:36","guid":{"rendered":"https:\/\/lidaglassware.com\/?post_type=product&#038;p=965"},"modified":"2021-07-19T00:44:05","modified_gmt":"2021-07-19T08:44:05","slug":"mini-glass-coffee-cup-2-8oz-80ml","status":"publish","type":"product","link":"https:\/\/lidaglassware.com\/pt\/produto\/mini-xicara-de-cafe-2-8oz-80ml\/","title":{"rendered":"Mini x\u00edcara de caf\u00e9 de vidro 2,8 on\u00e7as \/ 80ml"},"content":{"rendered":"<h2>Mini x\u00edcara de caf\u00e9 de vidro 2,8 on\u00e7as \/ 80ml<\/h2>\n<p>O mini copo de vidro para caneca cont\u00e9m aproximadamente 3 on\u00e7as de sua bebida favorita. Eles s\u00e3o ador\u00e1veis e divertidos de tirar fotos. Um \u00f3timo tema de conversa em qualquer coquetel ou para usar como acess\u00f3rio de bar! Eles t\u00eam 3 polegadas de altura e um di\u00e2metro de boca de 2 polegadas. A linda al\u00e7a da caneca e o design criativo deste copo tamb\u00e9m s\u00e3o \u00f3timas pe\u00e7as decorativas.<\/p>\n<div class=\"mw-body-content\"><\/div>","protected":false},"excerpt":{"rendered":"<p>Mini Glass Coffee Cup 2.8oz \/ 80ml The mini mug glass shot glass holds approximately 3\u00a0ounce of your favorite liquor. They are adorable and fun to take shots out of. A great conversation piece at any cocktail party or to have as a bar accessory! They stand 3\u00a0inches tall with a 2\u00a0inch mouth diameter. The [&hellip;]<\/p>","protected":false},"featured_media":1089,"comment_status":"closed","ping_status":"closed","template":"","meta":[],"class_list":["post-965","product","type-product","status-publish","has-post-thumbnail","hentry","product_cat-coffee-glasses","product_tag-glass-coffee-mug"],"_links":{"self":[{"href":"https:\/\/lidaglassware.com\/pt\/wp-json\/wp\/v2\/product\/965","targetHints":{"allow":["GET"]}}],"collection":[{"href":"https:\/\/lidaglassware.com\/pt\/wp-json\/wp\/v2\/product"}],"about":[{"href":"https:\/\/lidaglassware.com\/pt\/wp-json\/wp\/v2\/types\/product"}],"replies":[{"embeddable":true,"href":"https:\/\/lidaglassware.com\/pt\/wp-json\/wp\/v2\/comments?post=965"}],"wp:featuredmedia":[{"embeddable":true,"href":"https:\/\/lidaglassware.com\/pt\/wp-json\/wp\/v2\/media\/1089"}],"wp:attachment":[{"href":"https:\/\/lidaglassware.com\/pt\/wp-json\/wp\/v2\/media?parent=965"}],"curies":[{"name":"wp","href":"https:\/\/api.w.org\/{rel}","templated":true}]}}