{"id":989,"date":"2021-07-15T17:01:46","date_gmt":"2021-07-16T01:01:46","guid":{"rendered":"https:\/\/lidaglassware.com\/?post_type=product&#038;p=989"},"modified":"2021-07-19T00:40:40","modified_gmt":"2021-07-19T08:40:40","slug":"printed-glass-coffee-mug-4oz-120ml","status":"publish","type":"product","link":"https:\/\/lidaglassware.com\/pt\/produto\/caneca-de-cafe-de-vidro-impresso-4oz-120ml\/","title":{"rendered":"Caneca de caf\u00e9 de vidro impressa 4oz \/ 120ml"},"content":{"rendered":"<h2>Caneca de caf\u00e9 de vidro impressa 4oz \/ 120ml<\/h2>\n<p>O mini copo de vidro para caneca cont\u00e9m aproximadamente 4 on\u00e7as de sua bebida favorita. Eles s\u00e3o ador\u00e1veis e divertidos de tirar caf\u00e9. Um \u00f3timo tema de conversa em qualquer coquetel ou para usar como acess\u00f3rio de caf\u00e9! Eles t\u00eam 3 polegadas de altura e um di\u00e2metro de boca de 2,5 polegadas.<\/p>\n<p>Quando foi a \u00faltima vez que uma grande hist\u00f3ria come\u00e7ou com algu\u00e9m comendo salada? Este mini copo de caf\u00e9 \u00e9 perfeito para come\u00e7ar qualquer festa!<\/p>\n<p>Sugere-se que voc\u00ea fa\u00e7a sua pr\u00f3pria marca nele! Fa\u00e7a um estoque agora para ter \u00f3culos prontos para deixar seu cliente satisfeito.<\/p>\n<p>Temos muito mais copos de caf\u00e9 para sua sele\u00e7\u00e3o!<\/p>\n<div class=\"mw-body-content\"><\/div>","protected":false},"excerpt":{"rendered":"<p>A linda al\u00e7a da caneca e o design criativo deste copo tamb\u00e9m s\u00e3o \u00f3timas pe\u00e7as decorativas.<\/p>","protected":false},"featured_media":1115,"comment_status":"closed","ping_status":"closed","template":"","meta":[],"class_list":["post-989","product","type-product","status-publish","has-post-thumbnail","hentry","product_cat-coffee-glasses","product_tag-glass-coffee-mug"],"_links":{"self":[{"href":"https:\/\/lidaglassware.com\/pt\/wp-json\/wp\/v2\/product\/989","targetHints":{"allow":["GET"]}}],"collection":[{"href":"https:\/\/lidaglassware.com\/pt\/wp-json\/wp\/v2\/product"}],"about":[{"href":"https:\/\/lidaglassware.com\/pt\/wp-json\/wp\/v2\/types\/product"}],"replies":[{"embeddable":true,"href":"https:\/\/lidaglassware.com\/pt\/wp-json\/wp\/v2\/comments?post=989"}],"wp:featuredmedia":[{"embeddable":true,"href":"https:\/\/lidaglassware.com\/pt\/wp-json\/wp\/v2\/media\/1115"}],"wp:attachment":[{"href":"https:\/\/lidaglassware.com\/pt\/wp-json\/wp\/v2\/media?parent=989"}],"curies":[{"name":"wp","href":"https:\/\/api.w.org\/{rel}","templated":true}]}}