{"id":997,"date":"2021-07-15T17:03:02","date_gmt":"2021-07-16T01:03:02","guid":{"rendered":"https:\/\/lidaglassware.com\/?post_type=product&#038;p=997"},"modified":"2022-09-27T01:42:38","modified_gmt":"2022-09-27T09:42:38","slug":"diamond-hot-shot-glasses-1-2oz-35ml","status":"publish","type":"product","link":"https:\/\/lidaglassware.com\/pt\/produto\/oculos-de-shot-quente-diamante-1-2oz-35ml\/","title":{"rendered":"Copos Diamond Hot Shot 1,2 on\u00e7as \/ 35 ml"},"content":{"rendered":"<h2>Copos Diamond Hot Shot 1,2 on\u00e7as \/ 35 ml<\/h2>\n<p>Estes copos de shot oferecem um formato cl\u00e1ssico de vidro canelado, perfeito para uma medida legal de sua bebida favorita. N\u00e3o h\u00e1 necessidade de mexer em v\u00e1rias medidas de dedal tentando obter uma dose exata, basta despejar direto neste copo de base pesada para servir uma \u00fanica dose.<\/p>\n<h1 id=\"firstHeading\" class=\"firstHeading\" lang=\"en\"><span style=\"color: #333333;\">Vidro de tiro<\/span><\/h1>\n<div id=\"bodyContent\" class=\"mw-body-content\">\n<div id=\"siteSub\"><span style=\"color: #333333;\">Da Wikip\u00e9dia, a enciclop\u00e9dia livre<\/span><\/div>\n<div id=\"contentSub\"><\/div>\n<div id=\"jump-to-nav\" class=\"mw-jump\"><\/div>\n<div id=\"mw-content-text\" class=\"mw-content-ltr\" dir=\"ltr\" lang=\"en\">\n<div class=\"thumb tright\">\n<div class=\"thumbinner\">\n<p><span style=\"color: #333333;\"><a class=\"image\" style=\"color: #333333;\" href=\"https:\/\/en.wikipedia.org\/wiki\/File:Three_shotglasses.jpg\" target=\"_blank\" rel=\"noopener\"><img decoding=\"async\" class=\"thumbimage\" src=\"https:\/\/upload.wikimedia.org\/wikipedia\/commons\/thumb\/f\/fb\/Three_shotglasses.jpg\/220px-Three_shotglasses.jpg\" srcset=\"\/\/upload.wikimedia.org\/wikipedia\/commons\/thumb\/f\/fb\/Three_shotglasses.jpg\/330px-Three_shotglasses.jpg 1.5x, \/\/upload.wikimedia.org\/wikipedia\/commons\/thumb\/f\/fb\/Three_shotglasses.jpg\/440px-Three_shotglasses.jpg 2x\" alt=\"\" width=\"220\" height=\"174\" data-file-width=\"3136\" data-file-height=\"2480\"><\/a><\/span><\/p>\n<div class=\"thumbcaption\">\n<div class=\"magnify\"><\/div>\n<p><span style=\"color: #333333;\">Tr\u00eas copos de shot de formatos e tamanhos variados<\/span><\/p>\n<\/div>\n<\/div>\n<\/div>\n<div class=\"thumb tright\">\n<div class=\"thumbinner\">\n<p><span style=\"color: #333333;\"><a class=\"image\" style=\"color: #333333;\" href=\"https:\/\/en.wikipedia.org\/wiki\/File:Novelty_Shot_Glasses.JPG\" target=\"_blank\" rel=\"noopener\"><img decoding=\"async\" class=\"thumbimage\" src=\"https:\/\/upload.wikimedia.org\/wikipedia\/commons\/thumb\/0\/0b\/Novelty_Shot_Glasses.JPG\/220px-Novelty_Shot_Glasses.JPG\" srcset=\"\/\/upload.wikimedia.org\/wikipedia\/commons\/thumb\/0\/0b\/Novelty_Shot_Glasses.JPG\/330px-Novelty_Shot_Glasses.JPG 1.5x, \/\/upload.wikimedia.org\/wikipedia\/commons\/thumb\/0\/0b\/Novelty_Shot_Glasses.JPG\/440px-Novelty_Shot_Glasses.JPG 2x\" alt=\"\" width=\"220\" height=\"121\" data-file-width=\"3048\" data-file-height=\"1683\"><\/a><\/span><\/p>\n<div class=\"thumbcaption\">\n<div class=\"magnify\"><\/div>\n<p><span style=\"color: #333333;\">Copos shot com diversos designs. Copos de shot como esses costumam ser coletados como novidades.<\/span><\/p>\n<\/div>\n<\/div>\n<\/div>\n<p><span style=\"color: #333333;\">A <b>vidro de tiro<\/b> \u00e9 um pequeno <a class=\"mw-redirect\" style=\"color: #333333;\" title=\"Copo (copos)\" href=\"https:\/\/en.wikipedia.org\/wiki\/Glass_(drinkware)\" target=\"_blank\" rel=\"noopener\">vidro<\/a> projetado para segurar ou medir <a style=\"color: #333333;\" title=\"Bebida destilada\" href=\"https:\/\/en.wikipedia.org\/wiki\/Distilled_beverage\" target=\"_blank\" rel=\"noopener\">bebidas espirituosas ou licor<\/a>, que pode ser bebido direto do copo (\u201cuma dose\u201d) ou servido em um <a style=\"color: #333333;\" title=\"Coquetel\" href=\"https:\/\/en.wikipedia.org\/wiki\/Cocktail\" target=\"_blank\" rel=\"noopener\">coquetel<\/a>. Uma \u201cdose\u201d de bebida alco\u00f3lica n\u00e3o \u00e9 o mesmo que uma \u201c<a style=\"color: #333333;\" title=\"Atirador (bebida)\" href=\"https:\/\/en.wikipedia.org\/wiki\/Shooter_(drink)\" target=\"_blank\" rel=\"noopener\">atirador<\/a>&#8220;.<\/span><\/p>\n<p><span style=\"color: #333333;\">Copos de shot decorados com uma grande variedade de <a style=\"color: #333333;\" title=\"Brinde (honra)\" href=\"https:\/\/en.wikipedia.org\/wiki\/Toast_(honor)\" target=\"_blank\" rel=\"noopener\">Torradas<\/a>, an\u00fancios e imagens humor\u00edsticas s\u00e3o populares <a style=\"color: #333333;\" title=\"Lembran\u00e7a\" href=\"https:\/\/en.wikipedia.org\/wiki\/Souvenir\" target=\"_blank\" rel=\"noopener\">recorda\u00e7\u00f5es<\/a> e <a style=\"color: #333333;\" title=\"Cervejeira\" href=\"https:\/\/en.wikipedia.org\/wiki\/Breweriana\" target=\"_blank\" rel=\"noopener\">colecion\u00e1veis<\/a>.<\/span><\/p>\n<\/div>\n<\/div>","protected":false},"excerpt":{"rendered":"<p>Ideais para qualquer bebida espirituosa, estes copos de shot s\u00e3o a entrada perfeita para uma festa. Esse design oferece um copo mais estiloso, com tampo largo e base grossa e pesada, ajudando a oferecer um visual arrojado para acompanhar suas bebidas.<\/p>","protected":false},"featured_media":1123,"comment_status":"closed","ping_status":"closed","template":"","meta":[],"class_list":["post-997","product","type-product","status-publish","has-post-thumbnail","hentry","product_cat-shot-glasses","product_tag-shot-glasses"],"_links":{"self":[{"href":"https:\/\/lidaglassware.com\/pt\/wp-json\/wp\/v2\/product\/997","targetHints":{"allow":["GET"]}}],"collection":[{"href":"https:\/\/lidaglassware.com\/pt\/wp-json\/wp\/v2\/product"}],"about":[{"href":"https:\/\/lidaglassware.com\/pt\/wp-json\/wp\/v2\/types\/product"}],"replies":[{"embeddable":true,"href":"https:\/\/lidaglassware.com\/pt\/wp-json\/wp\/v2\/comments?post=997"}],"wp:featuredmedia":[{"embeddable":true,"href":"https:\/\/lidaglassware.com\/pt\/wp-json\/wp\/v2\/media\/1123"}],"wp:attachment":[{"href":"https:\/\/lidaglassware.com\/pt\/wp-json\/wp\/v2\/media?parent=997"}],"curies":[{"name":"wp","href":"https:\/\/api.w.org\/{rel}","templated":true}]}}