{"id":2575,"date":"2023-09-01T01:39:39","date_gmt":"2023-09-01T09:39:39","guid":{"rendered":"https:\/\/lidaglassware.com\/?page_id=2575"},"modified":"2024-04-02T01:14:31","modified_gmt":"2024-04-02T09:14:31","slug":"quality-control","status":"publish","type":"page","link":"https:\/\/lidaglassware.com\/sv\/quality-control\/","title":{"rendered":"Kvalitetskontroll"},"content":{"rendered":"<div data-elementor-type=\"wp-page\" data-elementor-id=\"2575\" class=\"elementor elementor-2575\" data-elementor-post-type=\"page\">\n\t\t\t\t<div class=\"elementor-element elementor-element-3f19ff54 e-con-full e-flex e-con e-parent\" data-id=\"3f19ff54\" data-element_type=\"container\" data-settings=\"{&quot;background_background&quot;:&quot;classic&quot;}\">\n\t\t<div class=\"elementor-element elementor-element-1a609c8f e-flex e-con-boxed e-con e-child\" data-id=\"1a609c8f\" data-element_type=\"container\">\n\t\t\t\t\t<div class=\"e-con-inner\">\n\t\t\t\t<div class=\"elementor-element elementor-element-353ff6b0 elementor-widget elementor-widget-heading\" data-id=\"353ff6b0\" data-element_type=\"widget\" data-widget_type=\"heading.default\">\n\t\t\t\t<div class=\"elementor-widget-container\">\n\t\t\t<h1 class=\"elementor-heading-title elementor-size-default\">Kvalitetskontroll Hos Lida Glassware<\/h1>\t\t<\/div>\n\t\t\t\t<\/div>\n\t\t\t\t\t<\/div>\n\t\t\t\t<\/div>\n\t\t\t\t<div class=\"elementor-element elementor-element-5c969e5c elementor-widget elementor-widget-text-editor\" data-id=\"5c969e5c\" data-element_type=\"widget\" data-widget_type=\"text-editor.default\">\n\t\t\t\t<div class=\"elementor-widget-container\">\n\t\t\t\t\t\t\t<p>Etablera ett uppfyllt kvalitetskontrollsystem.<\/p>\t\t\t\t\t\t<\/div>\n\t\t\t\t<\/div>\n\t\t\t\t<div class=\"elementor-element elementor-element-dd3eca7 elementor-widget elementor-widget-woocommerce-breadcrumb\" data-id=\"dd3eca7\" data-element_type=\"widget\" data-widget_type=\"woocommerce-breadcrumb.default\">\n\t\t\t\t<div class=\"elementor-widget-container\">\n\t\t\t<nav class=\"woocommerce-breadcrumb\" data-no-translation=\"\" data-trp-gettext=\"\">Hem<\/nav>\t\t<\/div>\n\t\t\t\t<\/div>\n\t\t\t\t<\/div>\n\t\t<div class=\"elementor-element elementor-element-6290723 e-flex e-con-boxed e-con e-parent\" data-id=\"6290723\" data-element_type=\"container\">\n\t\t\t\t\t<div class=\"e-con-inner\">\n\t\t<div class=\"elementor-element elementor-element-ef19482 e-con-full e-flex e-con e-child\" data-id=\"ef19482\" data-element_type=\"container\">\n\t\t\t\t<div class=\"elementor-element elementor-element-30ca2f6 elementor-widget elementor-widget-heading\" data-id=\"30ca2f6\" data-element_type=\"widget\" data-widget_type=\"heading.default\">\n\t\t\t\t<div class=\"elementor-widget-container\">\n\t\t\t<h2 class=\"elementor-heading-title elementor-size-default\">Perfektion ligger i detaljerna<\/h2>\t\t<\/div>\n\t\t\t\t<\/div>\n\t\t\t\t<\/div>\n\t\t<div class=\"elementor-element elementor-element-36d2cbb e-con-full e-flex e-con e-child\" data-id=\"36d2cbb\" data-element_type=\"container\">\n\t\t\t\t<div class=\"elementor-element elementor-element-d0fab3d elementor-widget elementor-widget-text-editor\" data-id=\"d0fab3d\" data-element_type=\"widget\" data-widget_type=\"text-editor.default\">\n\t\t\t\t<div class=\"elementor-widget-container\">\n\t\t\t\t\t\t\t<p>N\u00e4r det kommer till att tillverka exceptionella glasvaror \u00e4r det de sm\u00e5 detaljerna som g\u00f6r stor skillnad. Hos Lida Glass tillverkar vi inte bara; vi sl\u00f6jdar. Fr\u00e5n den f\u00f6rsta designskissen till den slutliga ytbehandlingen, v\u00e5r kvalitetskontroll och <span style=\"text-decoration: underline;\"><strong><a href=\"https:\/\/lidaglassware.com\/sv\/glassware-manufacturing\/\" target=\"_blank\" rel=\"nofollow noopener\">tillverkningsavdelning<\/a><\/strong><\/span> arbeta strikt vid varje steg till v\u00e5rt engagemang f\u00f6r kvalitet och <span style=\"text-decoration: underline;\"><strong><a href=\"https:\/\/lidaglassware.com\/sv\/customization\/\" target=\"_blank\" rel=\"nofollow noopener\">anpassning<\/a><\/strong><\/span>.\u00a0<\/p>\t\t\t\t\t\t<\/div>\n\t\t\t\t<\/div>\n\t\t\t\t<\/div>\n\t\t\t\t\t<\/div>\n\t\t\t\t<\/div>\n\t\t<div class=\"elementor-element elementor-element-32c11a4 e-flex e-con-boxed e-con e-parent\" data-id=\"32c11a4\" data-element_type=\"container\" data-settings=\"{&quot;background_background&quot;:&quot;classic&quot;}\">\n\t\t\t\t\t<div class=\"e-con-inner\">\n\t\t<div class=\"elementor-element elementor-element-eddcf34 e-con-full e-flex e-con e-child\" data-id=\"eddcf34\" data-element_type=\"container\">\n\t\t\t\t<div class=\"elementor-element elementor-element-ee3fdb9 elementor-widget elementor-widget-image\" data-id=\"ee3fdb9\" data-element_type=\"widget\" data-widget_type=\"image.default\">\n\t\t\t\t<div class=\"elementor-widget-container\">\n\t\t\t\t\t\t\t\t\t\t\t\t\t<img fetchpriority=\"high\" decoding=\"async\" width=\"1920\" height=\"1283\" src=\"https:\/\/lidaglassware.com\/wp-content\/uploads\/2023\/08\/Changing-Moulds.jpg\" class=\"attachment-full size-full wp-image-2556\" alt=\"Formar\" srcset=\"https:\/\/lidaglassware.com\/wp-content\/uploads\/2023\/08\/Changing-Moulds.jpg 1920w, https:\/\/lidaglassware.com\/wp-content\/uploads\/2023\/08\/Changing-Moulds-300x200.jpg 300w, https:\/\/lidaglassware.com\/wp-content\/uploads\/2023\/08\/Changing-Moulds-1024x684.jpg 1024w, https:\/\/lidaglassware.com\/wp-content\/uploads\/2023\/08\/Changing-Moulds-768x513.jpg 768w, https:\/\/lidaglassware.com\/wp-content\/uploads\/2023\/08\/Changing-Moulds-1536x1026.jpg 1536w, https:\/\/lidaglassware.com\/wp-content\/uploads\/2023\/08\/Changing-Moulds-600x401.jpg 600w\" sizes=\"(max-width: 1920px) 100vw, 1920px\" \/>\t\t\t\t\t\t\t\t\t\t\t\t\t<\/div>\n\t\t\t\t<\/div>\n\t\t\t\t<\/div>\n\t\t<div class=\"elementor-element elementor-element-3bde7b8 e-con-full e-flex e-con e-child\" data-id=\"3bde7b8\" data-element_type=\"container\">\n\t\t\t\t<div class=\"elementor-element elementor-element-621df00 elementor-widget elementor-widget-text-editor\" data-id=\"621df00\" data-element_type=\"widget\" data-widget_type=\"text-editor.default\">\n\t\t\t\t<div class=\"elementor-widget-container\">\n\t\t\t\t\t\t\t<h2><strong>Formningsinspektion<\/strong><\/h2><p>Vikten av forminspektion i kvalitetskontroll kan inte \u00f6verskattas. Det \u00e4r det grundl\u00e4ggande steget som s\u00e4tter tonen f\u00f6r hela produktionsprocessen. I denna avg\u00f6rande fas b\u00f6r uppm\u00e4rksamhet \u00e4gnas \u00e5t:<\/p><ol><li><p>M\u00f6gelintegritet: Kontrollera om det finns sprickor, deformiteter eller slitage som kan p\u00e5verka slutproduktens kvalitet.<\/p><\/li><li><p>Dimensionsnoggrannhet: M\u00e4t dimensioner och toleranser f\u00f6r att s\u00e4kerst\u00e4lla att de \u00f6verensst\u00e4mmer med designspecifikationerna.<\/p><\/li><li><p>Materialegenskaper: Validera de termiska och mekaniska egenskaperna f\u00f6r att s\u00e4kerst\u00e4lla att formen t\u00e5l glastillverkningsf\u00f6rh\u00e5llandena.<\/p><\/li><\/ol>\t\t\t\t\t\t<\/div>\n\t\t\t\t<\/div>\n\t\t\t\t<\/div>\n\t\t\t\t\t<\/div>\n\t\t\t\t<\/div>\n\t\t<div class=\"elementor-element elementor-element-561a003 e-flex e-con-boxed e-con e-parent\" data-id=\"561a003\" data-element_type=\"container\" data-settings=\"{&quot;background_background&quot;:&quot;classic&quot;}\">\n\t\t\t\t\t<div class=\"e-con-inner\">\n\t\t<div class=\"elementor-element elementor-element-a0bd3b0 e-con-full e-flex e-con e-child\" data-id=\"a0bd3b0\" data-element_type=\"container\">\n\t\t\t\t<div class=\"elementor-element elementor-element-4dc5ed4 elementor-widget elementor-widget-image\" data-id=\"4dc5ed4\" data-element_type=\"widget\" data-widget_type=\"image.default\">\n\t\t\t\t<div class=\"elementor-widget-container\">\n\t\t\t\t\t\t\t\t\t\t\t\t\t<img decoding=\"async\" width=\"800\" height=\"534\" src=\"https:\/\/lidaglassware.com\/wp-content\/uploads\/2023\/08\/Glass-Cup-Sample-1024x684.jpg\" class=\"attachment-large size-large wp-image-2531\" alt=\"Gratis prover av glas\" srcset=\"https:\/\/lidaglassware.com\/wp-content\/uploads\/2023\/08\/Glass-Cup-Sample-1024x684.jpg 1024w, https:\/\/lidaglassware.com\/wp-content\/uploads\/2023\/08\/Glass-Cup-Sample-300x200.jpg 300w, https:\/\/lidaglassware.com\/wp-content\/uploads\/2023\/08\/Glass-Cup-Sample-768x513.jpg 768w, https:\/\/lidaglassware.com\/wp-content\/uploads\/2023\/08\/Glass-Cup-Sample-1536x1026.jpg 1536w, https:\/\/lidaglassware.com\/wp-content\/uploads\/2023\/08\/Glass-Cup-Sample-600x401.jpg 600w, https:\/\/lidaglassware.com\/wp-content\/uploads\/2023\/08\/Glass-Cup-Sample.jpg 1920w\" sizes=\"(max-width: 800px) 100vw, 800px\" \/>\t\t\t\t\t\t\t\t\t\t\t\t\t<\/div>\n\t\t\t\t<\/div>\n\t\t\t\t<\/div>\n\t\t<div class=\"elementor-element elementor-element-f34d7a0 e-con-full e-flex e-con e-child\" data-id=\"f34d7a0\" data-element_type=\"container\">\n\t\t\t\t<div class=\"elementor-element elementor-element-0076fca elementor-widget elementor-widget-text-editor\" data-id=\"0076fca\" data-element_type=\"widget\" data-widget_type=\"text-editor.default\">\n\t\t\t\t<div class=\"elementor-widget-container\">\n\t\t\t\t\t\t\t<h2><strong>Inspektion under produktion<\/strong><\/h2><p>Inspektion under produktion \u00e4r ett kritiskt steg f\u00f6r att s\u00e4kerst\u00e4lla produktkvalitet och konsistens. Nyckelfokus under detta skede inkluderar:<\/p><ol><li><p>Dimensionskontroller: Bekr\u00e4fta att produktens dimensioner \u00e4r anpassade till designspecifikationerna.<\/p><\/li><li><p>Ytkvalitet: Inspektera efter brister, sprickor eller andra kvalitetsproblem p\u00e5 ytan av glasvarorna.<\/p><\/li><li><p>Materialegenskaper: Validera glasets sammans\u00e4ttning och fysikaliska egenskaper f\u00f6r att uppfylla kvalitetsstandarder.<\/p><\/li><li><p>Processparametrar: Kontrollera all produktionsutrustning och processparametrar f\u00f6r att s\u00e4kerst\u00e4lla att de \u00e4r optimerade.<\/p><\/li><li><p>Mellanproduktinspektion: Provkontroller i olika produktionsstadier m\u00f6jligg\u00f6r tidig identifiering och korrigering av problem.<\/p><\/li><\/ol>\t\t\t\t\t\t<\/div>\n\t\t\t\t<\/div>\n\t\t\t\t<\/div>\n\t\t\t\t\t<\/div>\n\t\t\t\t<\/div>\n\t\t<div class=\"elementor-element elementor-element-6bd7394 e-flex e-con-boxed e-con e-parent\" data-id=\"6bd7394\" data-element_type=\"container\" data-settings=\"{&quot;background_background&quot;:&quot;classic&quot;}\">\n\t\t\t\t\t<div class=\"e-con-inner\">\n\t\t<div class=\"elementor-element elementor-element-150e727 e-con-full e-flex e-con e-child\" data-id=\"150e727\" data-element_type=\"container\">\n\t\t\t\t<div class=\"elementor-element elementor-element-e844073 elementor-widget elementor-widget-image\" data-id=\"e844073\" data-element_type=\"widget\" data-widget_type=\"image.default\">\n\t\t\t\t<div class=\"elementor-widget-container\">\n\t\t\t\t\t\t\t\t\t\t\t\t\t<img decoding=\"async\" width=\"800\" height=\"534\" src=\"https:\/\/lidaglassware.com\/wp-content\/uploads\/2023\/08\/Annealing-process-1024x684.jpg\" class=\"attachment-large size-large wp-image-2559\" alt=\"\" srcset=\"https:\/\/lidaglassware.com\/wp-content\/uploads\/2023\/08\/Annealing-process-1024x684.jpg 1024w, https:\/\/lidaglassware.com\/wp-content\/uploads\/2023\/08\/Annealing-process-300x200.jpg 300w, https:\/\/lidaglassware.com\/wp-content\/uploads\/2023\/08\/Annealing-process-768x513.jpg 768w, https:\/\/lidaglassware.com\/wp-content\/uploads\/2023\/08\/Annealing-process-1536x1026.jpg 1536w, https:\/\/lidaglassware.com\/wp-content\/uploads\/2023\/08\/Annealing-process-600x401.jpg 600w, https:\/\/lidaglassware.com\/wp-content\/uploads\/2023\/08\/Annealing-process.jpg 1920w\" sizes=\"(max-width: 800px) 100vw, 800px\">\t\t\t\t\t\t\t\t\t\t\t\t\t<\/div>\n\t\t\t\t<\/div>\n\t\t\t\t<\/div>\n\t\t<div class=\"elementor-element elementor-element-264510b e-con-full e-flex e-con e-child\" data-id=\"264510b\" data-element_type=\"container\">\n\t\t\t\t<div class=\"elementor-element elementor-element-4b66d6f elementor-widget elementor-widget-text-editor\" data-id=\"4b66d6f\" data-element_type=\"widget\" data-widget_type=\"text-editor.default\">\n\t\t\t\t<div class=\"elementor-widget-container\">\n\t\t\t\t\t\t\t<h2><strong>Sista inspektionen\u00a0<\/strong><\/h2><p>Den slutliga kvalitetskontrollen \u00e4r en kritisk fas f\u00f6r att s\u00e4kerst\u00e4lla att det f\u00e4rdiga glaset uppfyller alla specificerade kvalitetsstandarder. I detta skede ligger fokus p\u00e5:<\/p><ol><li><p>Visuell inspektion: Unders\u00f6ka glasvarorna f\u00f6r eventuella visuella defekter som sprickor, bubblor eller inkonsekvenser i designen.<\/p><\/li><li><p>Dimensionsnoggrannhet: M\u00e4tning av dimensionerna f\u00f6r att s\u00e4kerst\u00e4lla att de \u00f6verensst\u00e4mmer med de angivna specifikationerna.<\/p><\/li><li><p>Funktionstestning: Kontrollerar glasvarorna f\u00f6r eventuella funktionsproblem, som stabilitet och h\u00e5llbarhet.<\/p><\/li><li><p>Slutlig provtagning: V\u00e4lj slumpm\u00e4ssigt bitar fr\u00e5n den f\u00e4rdiga satsen f\u00f6r mer rigor\u00f6sa tester f\u00f6r att bekr\u00e4fta att de uppfyller alla kvalitetsparametrar.<\/p><\/li><li><p>Dokumentation: Verifiering av att alla kvalitetskontroller har dokumenterats korrekt f\u00f6r sp\u00e5rbarhet och efterlevnad.<\/p><\/li><\/ol>\t\t\t\t\t\t<\/div>\n\t\t\t\t<\/div>\n\t\t\t\t<\/div>\n\t\t\t\t\t<\/div>\n\t\t\t\t<\/div>\n\t\t<div class=\"elementor-element elementor-element-7e7de8d0 e-flex e-con-boxed e-con e-parent\" data-id=\"7e7de8d0\" data-element_type=\"container\" data-settings=\"{&quot;background_background&quot;:&quot;classic&quot;}\">\n\t\t\t\t\t<div class=\"e-con-inner\">\n\t\t<div class=\"elementor-element elementor-element-671f4219 e-flex e-con-boxed e-con e-child\" data-id=\"671f4219\" data-element_type=\"container\">\n\t\t\t\t\t<div class=\"e-con-inner\">\n\t\t\t\t<div class=\"elementor-element elementor-element-7fb21d26 elementor-widget elementor-widget-heading\" data-id=\"7fb21d26\" data-element_type=\"widget\" data-widget_type=\"heading.default\">\n\t\t\t\t<div class=\"elementor-widget-container\">\n\t\t\t<h1 class=\"elementor-heading-title elementor-size-default\">R\u00e5dfr\u00e5ga dina s\u00e4ljexperter inom Lida Glassware<\/h1>\t\t<\/div>\n\t\t\t\t<\/div>\n\t\t\t\t\t<\/div>\n\t\t\t\t<\/div>\n\t\t\t\t<div class=\"elementor-element elementor-element-4b2ecd5b elementor-widget elementor-widget-text-editor\" data-id=\"4b2ecd5b\" data-element_type=\"widget\" data-widget_type=\"text-editor.default\">\n\t\t\t\t<div class=\"elementor-widget-container\">\n\t\t\t\t\t\t\t<p>L\u00e5t oss navigera i glasvarornas v\u00e4rld tillsammans och alltid h\u00e5lla kvalitet och innovation i framkant.<\/p>\t\t\t\t\t\t<\/div>\n\t\t\t\t<\/div>\n\t\t<div class=\"elementor-element elementor-element-6887c528 e-flex e-con-boxed e-con e-child\" data-id=\"6887c528\" data-element_type=\"container\" data-settings=\"{&quot;background_background&quot;:&quot;classic&quot;}\">\n\t\t\t\t\t<div class=\"e-con-inner\">\n\t\t<div class=\"elementor-element elementor-element-473988cb e-con-full e-flex e-con e-child\" data-id=\"473988cb\" data-element_type=\"container\">\n\t\t\t\t<div class=\"elementor-element elementor-element-58a59fba elementor-align-center elementor-widget elementor-widget-button\" data-id=\"58a59fba\" data-element_type=\"widget\" data-widget_type=\"button.default\">\n\t\t\t\t<div class=\"elementor-widget-container\">\n\t\t\t\t\t<div class=\"elementor-button-wrapper\">\n\t\t\t<a class=\"elementor-button elementor-button-link elementor-size-md\" href=\"#elementor-action:action=popup:open&settings=eyJpZCI6IjQ2NiIsInRvZ2dsZSI6ZmFsc2V9\">\n\t\t\t\t\t\t<span class=\"elementor-button-content-wrapper\">\n\t\t\t\t\t\t<span class=\"elementor-button-icon\">\n\t\t\t\t\t\t\t<\/span>\n\t\t\t\t\t\t\t\t\t<span class=\"elementor-button-text\">BE OM EN SNABB OFFERT<\/span>\n\t\t\t\t\t<\/span>\n\t\t\t\t\t<\/a>\n\t\t<\/div>\n\t\t\t\t<\/div>\n\t\t\t\t<\/div>\n\t\t\t\t<\/div>\n\t\t<div class=\"elementor-element elementor-element-526f783c e-con-full e-flex e-con e-child\" data-id=\"526f783c\" data-element_type=\"container\">\n\t\t\t\t<div class=\"elementor-element elementor-element-1cc14265 elementor-align-center elementor-widget elementor-widget-button\" data-id=\"1cc14265\" data-element_type=\"widget\" data-widget_type=\"button.default\">\n\t\t\t\t<div class=\"elementor-widget-container\">\n\t\t\t\t\t<div class=\"elementor-button-wrapper\">\n\t\t\t<a class=\"elementor-button elementor-button-link elementor-size-md\" href=\"https:\/\/lidaglassware.com\/sv\/products\/\">\n\t\t\t\t\t\t<span class=\"elementor-button-content-wrapper\">\n\t\t\t\t\t\t<span class=\"elementor-button-icon\">\n\t\t\t\t\t\t\t<\/span>\n\t\t\t\t\t\t\t\t\t<span class=\"elementor-button-text\">UTFORSKA ALLA PRODUKTER<\/span>\n\t\t\t\t\t<\/span>\n\t\t\t\t\t<\/a>\n\t\t<\/div>\n\t\t\t\t<\/div>\n\t\t\t\t<\/div>\n\t\t\t\t<\/div>\n\t\t\t\t\t<\/div>\n\t\t\t\t<\/div>\n\t\t\t\t\t<\/div>\n\t\t\t\t<\/div>\n\t\t\t\t<\/div>","protected":false},"excerpt":{"rendered":"<p>Quality Control At Lida Glassware Etablishing a fulfilled quality control system. Perfection Lies In The Details When it comes to producing exceptional glassware, it&#8217;s the small details that make a big difference. At Lida Glassware, we don&#8217;t just manufacture; we craft. From the initial design sketch to the final surface treatment, our quality control and [&hellip;]<\/p>","protected":false},"author":1,"featured_media":0,"parent":0,"menu_order":0,"comment_status":"closed","ping_status":"closed","template":"","meta":{"footnotes":""},"class_list":["post-2575","page","type-page","status-publish","hentry"],"_links":{"self":[{"href":"https:\/\/lidaglassware.com\/sv\/wp-json\/wp\/v2\/pages\/2575","targetHints":{"allow":["GET"]}}],"collection":[{"href":"https:\/\/lidaglassware.com\/sv\/wp-json\/wp\/v2\/pages"}],"about":[{"href":"https:\/\/lidaglassware.com\/sv\/wp-json\/wp\/v2\/types\/page"}],"author":[{"embeddable":true,"href":"https:\/\/lidaglassware.com\/sv\/wp-json\/wp\/v2\/users\/1"}],"replies":[{"embeddable":true,"href":"https:\/\/lidaglassware.com\/sv\/wp-json\/wp\/v2\/comments?post=2575"}],"version-history":[{"count":0,"href":"https:\/\/lidaglassware.com\/sv\/wp-json\/wp\/v2\/pages\/2575\/revisions"}],"wp:attachment":[{"href":"https:\/\/lidaglassware.com\/sv\/wp-json\/wp\/v2\/media?parent=2575"}],"curies":[{"name":"wp","href":"https:\/\/api.w.org\/{rel}","templated":true}]}}