{"id":1018,"date":"2021-07-15T17:06:23","date_gmt":"2021-07-16T01:06:23","guid":{"rendered":"https:\/\/lidaglassware.com\/?post_type=product&#038;p=1018"},"modified":"2024-01-15T21:25:49","modified_gmt":"2024-01-16T05:25:49","slug":"personalized-stemless-wine-glasses-18oz-500ml","status":"publish","type":"product","link":"https:\/\/lidaglassware.com\/sv\/produkt\/personalized-stemless-wine-glasses-18oz-500ml\/","title":{"rendered":"Personliga staml\u00f6sa vinglas 18oz \/ 500ml"},"content":{"rendered":"<h2>Personliga staml\u00f6sa vinglas 18oz \/ 500ml<\/h2>\n<p>Personliga vinglas ger en unik touch till dina olika anv\u00e4ndningsomr\u00e5den. Dessa skr\u00e4ddarsydda glas\u00f6gon kan anv\u00e4ndas som favoriter eller presenter med ett urval av designs med sammanfl\u00e4tade hj\u00e4rtan. Perfekt f\u00f6r br\u00f6llop, \u00e5rsdagar och speciella f\u00f6delsedagsfirande. K\u00f6p extra att anv\u00e4nda hemma.<\/p>\n<div class=\"mw-body-content\">\n<div id=\"bodyContent\" class=\"mw-body-content\">\n<div id=\"mw-content-text\" class=\"mw-content-ltr\" dir=\"ltr\" lang=\"en\">\n<p>F\u00f6r det f\u00f6rsta den ergonomiska designen av <strong>staml\u00f6sa vinglas<\/strong> erbjuder o\u00f6vertr\u00e4ffad komfort. Den taktila upplevelsen av att vagga sk\u00e5len passar naturligt in i handflatan, vilket ger en intim koppling till din valda libation. Detta \u00e4r inte bara estetik; det \u00e4r funktionellt konstn\u00e4rskap.<\/p>\n<p>Dessutom \u00e4r dessa glas\u00f6gon symbolen f\u00f6r m\u00e5ngsidighet. Till skillnad fr\u00e5n deras uppstammade motsvarigheter, som ofta blir vinets exklusiva dom\u00e4n, <strong>skaftl\u00f6sa glas\u00f6gon<\/strong> \u00e4r demokratiska till sin nytta. De g\u00e5r s\u00f6ml\u00f6st fr\u00e5n vatten till whisky, fr\u00e5n juice till gin, vilket g\u00f6r dem till en oumb\u00e4rlig komponent i din <strong>glas<\/strong> samling.<\/p>\n<p>Men det viktigaste \u00e4r deras h\u00e5llbarhet. Glas\u00f6gon med skaft \u00e4r \u00f6k\u00e4nda f\u00f6r sin br\u00e4cklighet; ett falskt drag och du st\u00e5r kvar med en trasig stam eller, v\u00e4rre, en krossad sk\u00e5l. <strong>Staml\u00f6sa vinglas<\/strong>, omv\u00e4nt, \u00e4r robusta och mindre olycksben\u00e4gna, vilket g\u00f6r dem idealiska f\u00f6r b\u00e5de stora soir\u00e9er och intima sammankomster.<\/p>\n<\/div>\n<\/div>\n<\/div>","protected":false},"excerpt":{"rendered":"<p>I riket av <strong>glas<\/strong>, debatten om f\u00f6rdelarna med stammade kontra <strong>staml\u00f6sa vinglas<\/strong> har varit f\u00f6rem\u00e5l f\u00f6r passionerad diskurs bland b\u00e5de finsmakare och tillf\u00e4lliga drinkare. Till\u00e5t mig att klarg\u00f6ra varf\u00f6r det senare inte bara \u00e4r en trend, utan en revolution inom oenologisk njutning.<\/p>","protected":false},"featured_media":4054,"comment_status":"closed","ping_status":"closed","template":"","meta":[],"class_list":["post-1018","product","type-product","status-publish","has-post-thumbnail","hentry","product_cat-branded-glasses","product_cat-wine-glasses","product_tag-branded-glasses","product_tag-decal-process","product_tag-whiskey-glass"],"_links":{"self":[{"href":"https:\/\/lidaglassware.com\/sv\/wp-json\/wp\/v2\/product\/1018","targetHints":{"allow":["GET"]}}],"collection":[{"href":"https:\/\/lidaglassware.com\/sv\/wp-json\/wp\/v2\/product"}],"about":[{"href":"https:\/\/lidaglassware.com\/sv\/wp-json\/wp\/v2\/types\/product"}],"replies":[{"embeddable":true,"href":"https:\/\/lidaglassware.com\/sv\/wp-json\/wp\/v2\/comments?post=1018"}],"wp:featuredmedia":[{"embeddable":true,"href":"https:\/\/lidaglassware.com\/sv\/wp-json\/wp\/v2\/media\/4054"}],"wp:attachment":[{"href":"https:\/\/lidaglassware.com\/sv\/wp-json\/wp\/v2\/media?parent=1018"}],"curies":[{"name":"wp","href":"https:\/\/api.w.org\/{rel}","templated":true}]}}