{"id":1042,"date":"2021-07-15T17:10:14","date_gmt":"2021-07-16T01:10:14","guid":{"rendered":"https:\/\/lidaglassware.com\/?post_type=product&#038;p=1042"},"modified":"2021-07-18T23:47:56","modified_gmt":"2021-07-19T07:47:56","slug":"mason-jar-mug-20oz-580ml","status":"publish","type":"product","link":"https:\/\/lidaglassware.com\/sv\/produkt\/mason-jar-mug-20oz-580ml\/","title":{"rendered":"Mason Jar Mug 20oz \/ 580ml"},"content":{"rendered":"<p>En trevlig p\u00e5minnelse om varma sommardagar, den h\u00e4r murarburkmuggen g\u00e5r tillbaka till den gamla goda tiden. Det \u00e4r bra f\u00f6r dagligt bruk, och det \u00e4r den perfekta basen f\u00f6r s\u00e4songsbetonade presenter och hantverk.<\/p>","protected":false},"excerpt":{"rendered":"<p>En trevlig p\u00e5minnelse om varma sommardagar, den h\u00e4r murarburkmuggen g\u00e5r tillbaka till den gamla goda tiden. Det \u00e4r bra f\u00f6r dagligt bruk, och det \u00e4r den perfekta basen f\u00f6r s\u00e4songsbetonade presenter och hantverk.<\/p>","protected":false},"featured_media":1173,"comment_status":"closed","ping_status":"closed","template":"","meta":[],"class_list":["post-1042","product","type-product","status-publish","has-post-thumbnail","hentry","product_cat-bottles-and-jars","product_tag-mason-jar-mug"],"_links":{"self":[{"href":"https:\/\/lidaglassware.com\/sv\/wp-json\/wp\/v2\/product\/1042","targetHints":{"allow":["GET"]}}],"collection":[{"href":"https:\/\/lidaglassware.com\/sv\/wp-json\/wp\/v2\/product"}],"about":[{"href":"https:\/\/lidaglassware.com\/sv\/wp-json\/wp\/v2\/types\/product"}],"replies":[{"embeddable":true,"href":"https:\/\/lidaglassware.com\/sv\/wp-json\/wp\/v2\/comments?post=1042"}],"wp:featuredmedia":[{"embeddable":true,"href":"https:\/\/lidaglassware.com\/sv\/wp-json\/wp\/v2\/media\/1173"}],"wp:attachment":[{"href":"https:\/\/lidaglassware.com\/sv\/wp-json\/wp\/v2\/media?parent=1042"}],"curies":[{"name":"wp","href":"https:\/\/api.w.org\/{rel}","templated":true}]}}