{"id":1060,"date":"2021-07-15T17:13:25","date_gmt":"2021-07-16T01:13:25","guid":{"rendered":"https:\/\/lidaglassware.com\/?post_type=product&#038;p=1060"},"modified":"2022-09-27T01:29:07","modified_gmt":"2022-09-27T09:29:07","slug":"clear-shot-glasses-3oz-85ml","status":"publish","type":"product","link":"https:\/\/lidaglassware.com\/sv\/produkt\/klara-shot-glasogon-3oz-85ml\/","title":{"rendered":"Klara Shot Glas\u00f6gon 3oz \/ 85ml"},"content":{"rendered":"<h2>Klara Shot Glas\u00f6gon 3oz \/ 85ml<\/h2>\n<h1 id=\"firstHeading\" class=\"firstHeading\" lang=\"en\"><span style=\"color: #333333;\">Snapsglas<\/span><\/h1>\n<div id=\"bodyContent\" class=\"mw-body-content\">\n<div id=\"siteSub\"><span style=\"color: #333333;\">Fr\u00e5n Wikipedia, den fria encyklopedin<\/span><\/div>\n<div id=\"contentSub\"><\/div>\n<div id=\"jump-to-nav\" class=\"mw-jump\"><\/div>\n<div id=\"mw-content-text\" class=\"mw-content-ltr\" dir=\"ltr\" lang=\"en\">\n<div class=\"thumb tright\">\n<div class=\"thumbinner\">\n<p><span style=\"color: #333333;\"><a class=\"image\" style=\"color: #333333;\" href=\"https:\/\/en.wikipedia.org\/wiki\/File:Three_shotglasses.jpg\" target=\"_blank\" rel=\"noopener\"><img decoding=\"async\" class=\"thumbimage\" src=\"https:\/\/upload.wikimedia.org\/wikipedia\/commons\/thumb\/f\/fb\/Three_shotglasses.jpg\/220px-Three_shotglasses.jpg\" srcset=\"\/\/upload.wikimedia.org\/wikipedia\/commons\/thumb\/f\/fb\/Three_shotglasses.jpg\/330px-Three_shotglasses.jpg 1.5x, \/\/upload.wikimedia.org\/wikipedia\/commons\/thumb\/f\/fb\/Three_shotglasses.jpg\/440px-Three_shotglasses.jpg 2x\" alt=\"\" width=\"220\" height=\"174\" data-file-width=\"3136\" data-file-height=\"2480\"><\/a><\/span><\/p>\n<div class=\"thumbcaption\">\n<div class=\"magnify\"><\/div>\n<p><span style=\"color: #333333;\">Tre snapsglas av varierande form och storlek<\/span><\/p>\n<\/div>\n<\/div>\n<\/div>\n<div class=\"thumb tright\">\n<div class=\"thumbinner\">\n<p><span style=\"color: #333333;\"><a class=\"image\" style=\"color: #333333;\" href=\"https:\/\/en.wikipedia.org\/wiki\/File:Novelty_Shot_Glasses.JPG\" target=\"_blank\" rel=\"noopener\"><img decoding=\"async\" class=\"thumbimage\" src=\"https:\/\/upload.wikimedia.org\/wikipedia\/commons\/thumb\/0\/0b\/Novelty_Shot_Glasses.JPG\/220px-Novelty_Shot_Glasses.JPG\" srcset=\"\/\/upload.wikimedia.org\/wikipedia\/commons\/thumb\/0\/0b\/Novelty_Shot_Glasses.JPG\/330px-Novelty_Shot_Glasses.JPG 1.5x, \/\/upload.wikimedia.org\/wikipedia\/commons\/thumb\/0\/0b\/Novelty_Shot_Glasses.JPG\/440px-Novelty_Shot_Glasses.JPG 2x\" alt=\"\" width=\"220\" height=\"121\" data-file-width=\"3048\" data-file-height=\"1683\"><\/a><\/span><\/p>\n<div class=\"thumbcaption\">\n<div class=\"magnify\"><\/div>\n<p><span style=\"color: #333333;\">Shotglas\u00f6gon med en m\u00e4ngd olika utf\u00f6randen. Shotglas som dessa samlas ofta som nyhet.<\/span><\/p>\n<\/div>\n<\/div>\n<\/div>\n<p><span style=\"color: #333333;\">A <b>snapsglas<\/b> \u00e4r en liten <a class=\"mw-redirect\" style=\"color: #333333;\" title=\"Glas (dryck)\" href=\"https:\/\/en.wikipedia.org\/wiki\/Glass_(drinkware)\" target=\"_blank\" rel=\"noopener\">glas<\/a> utformad f\u00f6r att h\u00e5lla eller m\u00e4ta <a style=\"color: #333333;\" title=\"Destillerad dryck\" href=\"https:\/\/en.wikipedia.org\/wiki\/Distilled_beverage\" target=\"_blank\" rel=\"noopener\">sprit eller sprit<\/a>, som antingen dricks direkt ur glaset (&quot;en shot&quot;) eller h\u00e4lls upp i en <a style=\"color: #333333;\" title=\"Cocktail\" href=\"https:\/\/en.wikipedia.org\/wiki\/Cocktail\" target=\"_blank\" rel=\"noopener\">cocktail<\/a>. En &quot;shot&quot; sprit \u00e4r inte detsamma som en &quot;<a style=\"color: #333333;\" title=\"Shooter (dryck)\" href=\"https:\/\/en.wikipedia.org\/wiki\/Shooter_(drink)\" target=\"_blank\" rel=\"noopener\">skytt<\/a>&#8220;.<\/span><\/p>\n<p><span style=\"color: #333333;\">Shotglas dekorerade med ett brett utbud av <a style=\"color: #333333;\" title=\"Rostat br\u00f6d (heder)\" href=\"https:\/\/en.wikipedia.org\/wiki\/Toast_(honor)\" target=\"_blank\" rel=\"noopener\">sk\u00e5lar<\/a>, reklam och humoristiska bilder \u00e4r popul\u00e4ra <a style=\"color: #333333;\" title=\"Souvenir\" href=\"https:\/\/en.wikipedia.org\/wiki\/Souvenir\" target=\"_blank\" rel=\"noopener\">souvenirer<\/a> och <a style=\"color: #333333;\" title=\"Breweriana\" href=\"https:\/\/en.wikipedia.org\/wiki\/Breweriana\" target=\"_blank\" rel=\"noopener\">samlarf\u00f6rem\u00e5l<\/a><\/span>.<\/p>\n<\/div>\n<\/div>","protected":false},"excerpt":{"rendered":"<p>Clear Shot Glasses 3oz \/ 85ml Shot glass From Wikipedia, the free encyclopedia Three shot glasses of varying shape and size Shot glasses with a variety of designs. Shot glasses such as these are often collected as novelty items. A shot glass is a small glass designed to hold or measure spirits or liquor, which [&hellip;]<\/p>","protected":false},"featured_media":1184,"comment_status":"closed","ping_status":"closed","template":"","meta":[],"class_list":["post-1060","product","type-product","status-publish","has-post-thumbnail","hentry","product_cat-shot-glasses","product_tag-branded-glasses","product_tag-custom-glasses","product_tag-decorated-glasses","product_tag-liquor-promoting"],"_links":{"self":[{"href":"https:\/\/lidaglassware.com\/sv\/wp-json\/wp\/v2\/product\/1060","targetHints":{"allow":["GET"]}}],"collection":[{"href":"https:\/\/lidaglassware.com\/sv\/wp-json\/wp\/v2\/product"}],"about":[{"href":"https:\/\/lidaglassware.com\/sv\/wp-json\/wp\/v2\/types\/product"}],"replies":[{"embeddable":true,"href":"https:\/\/lidaglassware.com\/sv\/wp-json\/wp\/v2\/comments?post=1060"}],"wp:featuredmedia":[{"embeddable":true,"href":"https:\/\/lidaglassware.com\/sv\/wp-json\/wp\/v2\/media\/1184"}],"wp:attachment":[{"href":"https:\/\/lidaglassware.com\/sv\/wp-json\/wp\/v2\/media?parent=1060"}],"curies":[{"name":"wp","href":"https:\/\/api.w.org\/{rel}","templated":true}]}}