{"id":1065,"date":"2021-07-15T17:14:16","date_gmt":"2021-07-16T01:14:16","guid":{"rendered":"https:\/\/lidaglassware.com\/?post_type=product&#038;p=1065"},"modified":"2022-09-27T00:19:13","modified_gmt":"2022-09-27T08:19:13","slug":"belly-shot-glasses-1-75oz-50ml","status":"publish","type":"product","link":"https:\/\/lidaglassware.com\/sv\/produkt\/mag-shot-glasogon-1-75oz-50ml\/","title":{"rendered":"Belly Shot-glas\u00f6gon 1,75 oz \/ 50 ml"},"content":{"rendered":"<h2>Belly Shot-glas\u00f6gon 1,75 oz \/ 50 ml<\/h2>\n<p>&nbsp;<\/p>\n<h1 id=\"firstHeading\" class=\"firstHeading\" lang=\"en\"><span style=\"color: #333333;\">Snapsglas<\/span><\/h1>\n<div id=\"bodyContent\" class=\"mw-body-content\">\n<div id=\"siteSub\">Fr\u00e5n Wikipedia, den fria enc<span style=\"color: #333333;\">cyclopedia<\/span><\/div>\n<div id=\"contentSub\"><\/div>\n<div id=\"jump-to-nav\" class=\"mw-jump\"><\/div>\n<div id=\"mw-content-text\" class=\"mw-content-ltr\" dir=\"ltr\" lang=\"en\">\n<div class=\"thumb tright\">\n<div class=\"thumbinner\">\n<p><a class=\"image\" href=\"https:\/\/en.wikipedia.org\/wiki\/File:Three_shotglasses.jpg\" target=\"_blank\" rel=\"noopener\"><img decoding=\"async\" class=\"thumbimage\" src=\"https:\/\/upload.wikimedia.org\/wikipedia\/commons\/thumb\/f\/fb\/Three_shotglasses.jpg\/220px-Three_shotglasses.jpg\" srcset=\"\/\/upload.wikimedia.org\/wikipedia\/commons\/thumb\/f\/fb\/Three_shotglasses.jpg\/330px-Three_shotglasses.jpg 1.5x, \/\/upload.wikimedia.org\/wikipedia\/commons\/thumb\/f\/fb\/Three_shotglasses.jpg\/440px-Three_shotglasses.jpg 2x\" alt=\"\" width=\"220\" height=\"174\" data-file-width=\"3136\" data-file-height=\"2480\"><\/a><\/p>\n<div class=\"thumbcaption\">\n<div class=\"magnify\"><\/div>\n<p>Tre snapsglas av varierande form och storlek<\/p>\n<\/div>\n<\/div>\n<\/div>\n<div class=\"thumb tright\">\n<div class=\"thumbinner\">\n<p><a class=\"image\" href=\"https:\/\/en.wikipedia.org\/wiki\/File:Novelty_Shot_Glasses.JPG\" target=\"_blank\" rel=\"noopener\"><img decoding=\"async\" class=\"thumbimage\" src=\"https:\/\/upload.wikimedia.org\/wikipedia\/commons\/thumb\/0\/0b\/Novelty_Shot_Glasses.JPG\/220px-Novelty_Shot_Glasses.JPG\" srcset=\"\/\/upload.wikimedia.org\/wikipedia\/commons\/thumb\/0\/0b\/Novelty_Shot_Glasses.JPG\/330px-Novelty_Shot_Glasses.JPG 1.5x, \/\/upload.wikimedia.org\/wikipedia\/commons\/thumb\/0\/0b\/Novelty_Shot_Glasses.JPG\/440px-Novelty_Shot_Glasses.JPG 2x\" alt=\"\" width=\"220\" height=\"121\" data-file-width=\"3048\" data-file-height=\"1683\"><\/a><\/p>\n<div class=\"thumbcaption\">\n<div class=\"magnify\"><\/div>\n<p><span style=\"color: #808080;\">Shotglas\u00f6gon med en m\u00e4ngd olika utf\u00f6randen. Shotglas som dessa samlas ofta som nyhet.<\/span><\/p>\n<\/div>\n<\/div>\n<\/div>\n<p><span style=\"color: #808080;\">A <b>snapsglas<\/b> \u00e4r en liten <a class=\"mw-redirect\" style=\"color: #808080;\" title=\"Glas (dryck)\" href=\"https:\/\/en.wikipedia.org\/wiki\/Glass_(drinkware)\" target=\"_blank\" rel=\"noopener\">glas<\/a> utformad f\u00f6r att h\u00e5lla eller m\u00e4ta <a style=\"color: #808080;\" title=\"Destillerad dryck\" href=\"https:\/\/en.wikipedia.org\/wiki\/Distilled_beverage\" target=\"_blank\" rel=\"noopener\">sprit eller sprit<\/a>, som antingen dricks direkt ur glaset (&quot;en shot&quot;) eller h\u00e4lls upp i en <a style=\"color: #808080;\" title=\"Cocktail\" href=\"https:\/\/en.wikipedia.org\/wiki\/Cocktail\" target=\"_blank\" rel=\"noopener\">cocktail<\/a>. En &quot;shot&quot; sprit \u00e4r inte detsamma som en &quot;<a style=\"color: #808080;\" title=\"Shooter (dryck)\" href=\"https:\/\/en.wikipedia.org\/wiki\/Shooter_(drink)\" target=\"_blank\" rel=\"noopener\">skytt<\/a>&#8220;.<\/span><\/p>\n<p><span style=\"color: #808080;\">Shotglas dekorerade med ett brett utbud av <a style=\"color: #808080;\" title=\"Rostat br\u00f6d (heder)\" href=\"https:\/\/en.wikipedia.org\/wiki\/Toast_(honor)\" target=\"_blank\" rel=\"noopener\">sk\u00e5lar<\/a>, reklam och humoristiska bilder \u00e4r popul\u00e4ra <a style=\"color: #808080;\" title=\"Souvenir\" href=\"https:\/\/en.wikipedia.org\/wiki\/Souvenir\" target=\"_blank\" rel=\"noopener\">souvenirer<\/a> och <a style=\"color: #808080;\" title=\"Breweriana\" href=\"https:\/\/en.wikipedia.org\/wiki\/Breweriana\" target=\"_blank\" rel=\"noopener\">samlarf\u00f6rem\u00e5l<\/a>.<\/span><\/p>\n<\/div>\n<\/div>","protected":false},"excerpt":{"rendered":"<p>Belly Shot Glasses 1.75oz \/ 50ml &nbsp; Shot glass From Wikipedia, the free encyclopedia Three shot glasses of varying shape and size Shot glasses with a variety of designs. Shot glasses such as these are often collected as novelty items. A shot glass is a small glass designed to hold or measure spirits or liquor, [&hellip;]<\/p>","protected":false},"featured_media":1188,"comment_status":"closed","ping_status":"closed","template":"","meta":[],"class_list":["post-1065","product","type-product","status-publish","has-post-thumbnail","hentry","product_cat-shot-glasses","product_tag-branded-glasses","product_tag-custom-glasses","product_tag-decorated-glasses","product_tag-liquor-promoting"],"_links":{"self":[{"href":"https:\/\/lidaglassware.com\/sv\/wp-json\/wp\/v2\/product\/1065","targetHints":{"allow":["GET"]}}],"collection":[{"href":"https:\/\/lidaglassware.com\/sv\/wp-json\/wp\/v2\/product"}],"about":[{"href":"https:\/\/lidaglassware.com\/sv\/wp-json\/wp\/v2\/types\/product"}],"replies":[{"embeddable":true,"href":"https:\/\/lidaglassware.com\/sv\/wp-json\/wp\/v2\/comments?post=1065"}],"wp:featuredmedia":[{"embeddable":true,"href":"https:\/\/lidaglassware.com\/sv\/wp-json\/wp\/v2\/media\/1188"}],"wp:attachment":[{"href":"https:\/\/lidaglassware.com\/sv\/wp-json\/wp\/v2\/media?parent=1065"}],"curies":[{"name":"wp","href":"https:\/\/api.w.org\/{rel}","templated":true}]}}