{"id":1084,"date":"2021-07-15T17:17:37","date_gmt":"2021-07-16T01:17:37","guid":{"rendered":"https:\/\/lidaglassware.com\/?post_type=product&#038;p=1084"},"modified":"2021-07-15T22:59:51","modified_gmt":"2021-07-16T06:59:51","slug":"clear-glass-tumbler-table-glass-7oz-200ml","status":"publish","type":"product","link":"https:\/\/lidaglassware.com\/sv\/produkt\/klarglas-tumlare-bord-glas-7oz-200ml\/","title":{"rendered":"Klarglas tumlare, bordsglas 7oz \/ 200ml"},"content":{"rendered":"<h2>Klarglas tumlare, bordsglas 7oz \/ 200ml<\/h2>\n<p>Dessa bordsglas \u00e4r l\u00e4mpliga f\u00f6r kommersiella milj\u00f6er s\u00e5v\u00e4l som hemma, dessa tumlare har gjorts av sodalimeglas. Och de t\u00e5l h\u00e5rd daglig anv\u00e4ndning.<\/p>\n<p>De tillverkas med maskinpressning. Den visar den \u00f6verl\u00e4gsna klarheten och en fin kant. Du kan ha din egen drinkpresentation.<\/p>\n<p>&nbsp;<\/p>\n<div class=\"fusion-li-item-content\">\n<blockquote><p>Bordsglas i glas<\/p><\/blockquote>\n<\/div>\n<blockquote>\n<div class=\"fusion-li-item-content\">\n<p>Material: Soda Lime Glass<\/p>\n<\/div>\n<div class=\"fusion-li-item-content\">\n<p>Klassisk design<\/p>\n<\/div>\n<div class=\"fusion-li-item-content\">\n<p>Presentf\u00f6rpackning finns<\/p>\n<\/div>\n<div class=\"fusion-li-item-content\">\n<p>Kan diskas i diskmaskin<\/p>\n<\/div>\n<div class=\"fusion-li-item-content\">\n<p>Idealisk f\u00f6r att servera korta cocktails och sprit n\u00e4tt eller p\u00e5 klipporna<\/p>\n<\/div>\n<\/blockquote>\n<div class=\"fusion-li-item-content\">\n<blockquote><p>L\u00e4mplig f\u00f6r kommersiellt bruk<\/p><\/blockquote>\n<\/div>\n<p>&nbsp;<\/p>","protected":false},"excerpt":{"rendered":"<p>L\u00e4mplig f\u00f6r anv\u00e4ndning i kommersiella milj\u00f6er som restauranger, pubar, fester, etc. Hoppas du trivs med dessa tumlare.<\/p>","protected":false},"featured_media":1201,"comment_status":"closed","ping_status":"closed","template":"","meta":[],"class_list":["post-1084","product","type-product","status-publish","has-post-thumbnail","hentry","product_cat-tumbler-glasses","product_tag-custom-glasses","product_tag-decorated-glasses","product_tag-glass-tumbler","product_tag-table-glass"],"_links":{"self":[{"href":"https:\/\/lidaglassware.com\/sv\/wp-json\/wp\/v2\/product\/1084","targetHints":{"allow":["GET"]}}],"collection":[{"href":"https:\/\/lidaglassware.com\/sv\/wp-json\/wp\/v2\/product"}],"about":[{"href":"https:\/\/lidaglassware.com\/sv\/wp-json\/wp\/v2\/types\/product"}],"replies":[{"embeddable":true,"href":"https:\/\/lidaglassware.com\/sv\/wp-json\/wp\/v2\/comments?post=1084"}],"wp:featuredmedia":[{"embeddable":true,"href":"https:\/\/lidaglassware.com\/sv\/wp-json\/wp\/v2\/media\/1201"}],"wp:attachment":[{"href":"https:\/\/lidaglassware.com\/sv\/wp-json\/wp\/v2\/media?parent=1084"}],"curies":[{"name":"wp","href":"https:\/\/api.w.org\/{rel}","templated":true}]}}