{"id":1092,"date":"2021-07-15T17:18:47","date_gmt":"2021-07-16T01:18:47","guid":{"rendered":"https:\/\/lidaglassware.com\/?post_type=product&#038;p=1092"},"modified":"2022-09-27T16:27:08","modified_gmt":"2022-09-28T00:27:08","slug":"hiball-tumbler-8-8oz-250ml","status":"publish","type":"product","link":"https:\/\/lidaglassware.com\/sv\/produkt\/hiball-tumlare-8-8oz-250ml\/","title":{"rendered":"Hiball Tumbler 8,8oz \/ 250ml"},"content":{"rendered":"<h2>Hiball Tumbler 8,8oz \/ 250ml<\/h2>\n<p>Dessa bordsglas \u00e4r l\u00e4mpliga f\u00f6r kommersiella milj\u00f6er s\u00e5v\u00e4l som hemma, dessa hiball-tumlare har tillverkats av soda limeglas. Och de t\u00e5l h\u00e5rd daglig anv\u00e4ndning.<\/p>\n<p>De tillverkas med maskinpressning. Den visar den \u00f6verl\u00e4gsna klarheten och en fin kant. Du kan ha din egen drinkpresentation.<\/p>\n<div class=\"fusion-li-item-content\">\n<p>&nbsp;<\/p>\n<p><strong>Funktioner:<\/strong><\/p>\n<p>&nbsp;<\/p>\n<blockquote><p>Bordsglas i glas<\/p><\/blockquote>\n<\/div>\n<blockquote>\n<div class=\"fusion-li-item-content\">\n<p>Material: Soda Lime Glass<\/p>\n<\/div>\n<div class=\"fusion-li-item-content\">\n<p>Klassisk design<\/p>\n<\/div>\n<div class=\"fusion-li-item-content\">\n<p>Presentf\u00f6rpackning finns<\/p>\n<\/div>\n<div class=\"fusion-li-item-content\">\n<p>Kan diskas i diskmaskin<\/p>\n<\/div>\n<div class=\"fusion-li-item-content\">\n<p>Idealisk f\u00f6r att servera korta cocktails och sprit n\u00e4tt eller p\u00e5 klipporna<\/p>\n<\/div>\n<\/blockquote>\n<div class=\"fusion-li-item-content\">\n<blockquote><p>L\u00e4mplig f\u00f6r kommersiellt bruk<\/p><\/blockquote>\n<\/div>\n<p>&nbsp;<\/p>\n<h1 id=\"firstHeading\" class=\"firstHeading\" lang=\"en\"><span style=\"color: #000000;\">Tumlare (glas)<\/span><\/h1>\n<div id=\"bodyContent\" class=\"mw-body-content\">\n<div id=\"siteSub\" class=\"noprint\"><span style=\"color: #000000;\">Fr\u00e5n Wikipedia, den fria encyklopedin<\/span><\/div>\n<div id=\"contentSub\"><\/div>\n<div id=\"jump-to-nav\" class=\"mw-jump\"><\/div>\n<div id=\"mw-content-text\" class=\"mw-content-ltr\" dir=\"ltr\" lang=\"en\">\n<div class=\"mw-parser-output\">\n<div class=\"thumb tright\">\n<div class=\"thumbinner\">\n<p><span style=\"color: #000000;\"><a class=\"image\" style=\"color: #000000;\" href=\"https:\/\/en.wikipedia.org\/wiki\/File:\u0421\u0442\u0430\u043a\u0430\u043d.jpg\" target=\"_blank\" rel=\"noopener\"><img decoding=\"async\" class=\"thumbimage\" src=\"https:\/\/upload.wikimedia.org\/wikipedia\/commons\/thumb\/8\/8a\/\u0421\u0442\u0430\u043a\u0430\u043d.jpg\/170px-\u0421\u0442\u0430\u043a\u0430\u043d.jpg\" srcset=\"\/\/upload.wikimedia.org\/wikipedia\/commons\/thumb\/8\/8a\/\u0421\u0442\u0430\u043a\u0430\u043d.jpg\/255px-\u0421\u0442\u0430\u043a\u0430\u043d.jpg 1.5x, \/\/upload.wikimedia.org\/wikipedia\/commons\/thumb\/8\/8a\/\u0421\u0442\u0430\u043a\u0430\u043d.jpg\/340px-\u0421\u0442\u0430\u043a\u0430\u043d.jpg 2x\" alt=\"\" width=\"170\" height=\"235\" data-file-width=\"2394\" data-file-height=\"3304\"><\/a><\/span><\/p>\n<div class=\"thumbcaption\">\n<div class=\"magnify\"><\/div>\n<p><span style=\"color: #000000;\">En klassisk 20-fasett\u00a0<a style=\"color: #000000;\" title=\"Sovjetunionen\" href=\"https:\/\/en.wikipedia.org\/wiki\/Soviet_Union\" target=\"_blank\" rel=\"noopener\">sovjetisk<\/a>bordsglas, tillverkat i staden\u00a0<a style=\"color: #000000;\" title=\"Gus-Khrustalny (stad)\" href=\"https:\/\/en.wikipedia.org\/wiki\/Gus-Khrustalny_(town)\" target=\"_blank\" rel=\"noopener\">Gus-Khrustalny<\/a>\u00a0sedan 1943.<\/span><\/p>\n<\/div>\n<\/div>\n<\/div>\n<p><span style=\"color: #000000;\">A\u00a0<b>tumlare<\/b>\u00a0\u00e4r en plattbottnad\u00a0<a class=\"mw-redirect\" style=\"color: #000000;\" title=\"Whisky tumlare\" href=\"https:\/\/en.wikipedia.org\/wiki\/Whiskey_tumbler\" target=\"_blank\" rel=\"noopener\">dryckesbeh\u00e5llare<\/a>\u00a0vanligtvis gjorda av plast eller glas.<\/span><\/p>\n<p><span style=\"color: #000000;\">De kallas &quot;tumlare&quot; eftersom s\u00e5dana glas ursprungligen hade en spetsig eller konvex bas och inte kunde st\u00e4llas ner utan att spilla. Detta tvingade den som dricker att avsluta sitt m\u00e5tt.<sup class=\"noprint Inline-Template Template-Fact\">[<i><a style=\"color: #000000;\" title=\"Wikipedia:Citat beh\u00f6vs\" href=\"https:\/\/en.wikipedia.org\/wiki\/Wikipedia:Citation_needed\" target=\"_blank\" rel=\"noopener\"><span title=\"Detta p\u00e5st\u00e5ende kr\u00e4ver referenser till tillf\u00f6rlitliga k\u00e4llor. (december 2017)\">citat beh\u00f6vs<\/span><\/a><\/i>]<\/sup><\/span><\/p>\n<ul>\n<li><span style=\"color: #000000;\"><a style=\"color: #000000;\" title=\"Collins glas\" href=\"https:\/\/en.wikipedia.org\/wiki\/Collins_glass\" target=\"_blank\" rel=\"noopener\">Collins glas<\/a>, f\u00f6r en h\u00f6g blanddryck<sup id=\"cite_ref-1\" class=\"reference\"><a style=\"color: #000000;\" href=\"https:\/\/en.wikipedia.org\/wiki\/Tumbler_(glass)#cite_note-1\" target=\"_blank\" rel=\"noopener\">[1]<\/a><\/sup><\/span><\/li>\n<li><span style=\"color: #000000;\">Dizzy Cocktailglas, ett glas med en bred, grund sk\u00e5l, j\u00e4mf\u00f6rbar med ett vanligt Cocktailglas men utan skaft<\/span><\/li>\n<li><span style=\"color: #000000;\"><a style=\"color: #000000;\" title=\"Highball glas\" href=\"https:\/\/en.wikipedia.org\/wiki\/Highball_glass\" target=\"_blank\" rel=\"noopener\">Highball glas<\/a>, f\u00f6r blandade drycker<sup id=\"cite_ref-Rathbun_2-0\" class=\"reference\"><a style=\"color: #000000;\" href=\"https:\/\/en.wikipedia.org\/wiki\/Tumbler_(glass)#cite_note-Rathbun-2\" target=\"_blank\" rel=\"noopener\">[2]<\/a><\/sup><\/span><\/li>\n<li><span style=\"color: #000000;\">Iced te glas<\/span><\/li>\n<li><span style=\"color: #000000;\">Juiceglas, f\u00f6r fruktjuicer och gr\u00f6nsaksjuicer.<\/span><\/li>\n<li><span style=\"color: #000000;\"><a style=\"color: #000000;\" title=\"Gammaldags glas\" href=\"https:\/\/en.wikipedia.org\/wiki\/Old_Fashioned_glass\" target=\"_blank\" rel=\"noopener\">Gammaldags glas<\/a>, traditionellt, f\u00f6r en enkel cocktail eller sprit\u201d<a style=\"color: #000000;\" title=\"Isbit\" href=\"https:\/\/en.wikipedia.org\/wiki\/Ice_cube\" target=\"_blank\" rel=\"noopener\">p\u00e5 klipporna<\/a>&quot;. Samtida amerikanska &quot;rocks&quot;-glas kan vara mycket st\u00f6rre och anv\u00e4ndas f\u00f6r en m\u00e4ngd olika drycker \u00f6ver is<\/span><\/li>\n<li><span style=\"color: #000000;\"><a style=\"color: #000000;\" title=\"Snapsglas\" href=\"https:\/\/en.wikipedia.org\/wiki\/Shot_glass\" target=\"_blank\" rel=\"noopener\">Snapsglas<\/a>, ett litet glas f\u00f6r upp till fyra uns sprit. Det moderna snapsglaset har en tjockare bas och sidor \u00e4n det \u00e4ldre whiskyglaset<\/span><\/li>\n<li><span style=\"color: #000000;\"><a style=\"color: #000000;\" title=\"Bordsglas\" href=\"https:\/\/en.wikipedia.org\/wiki\/Table-glass\" target=\"_blank\" rel=\"noopener\">Bordsglas<\/a>\u00a0eller\u00a0<i>stakan granyonyi<\/i><\/span><\/li>\n<li><span style=\"color: #000000;\">Vattenglas<\/span><\/li>\n<li><span style=\"color: #000000;\">Whiskyglas, ett litet, tunnv\u00e4ggigt glas f\u00f6r en rak shot sprit<\/span><\/li>\n<\/ul>\n<\/div>\n<\/div>\n<\/div>\n<p>&nbsp;<\/p>","protected":false},"excerpt":{"rendered":"<p>L\u00e4mplig f\u00f6r anv\u00e4ndning i kommersiella milj\u00f6er som restauranger, pubar, fester, etc. Hoppas du trivs med dessa tumlare.<\/p>","protected":false},"featured_media":1208,"comment_status":"closed","ping_status":"closed","template":"","meta":[],"class_list":["post-1092","product","type-product","status-publish","has-post-thumbnail","hentry","product_cat-tumbler-glasses","product_tag-custom-glasses","product_tag-decorated-glasses","product_tag-glass-tumbler","product_tag-table-glass"],"_links":{"self":[{"href":"https:\/\/lidaglassware.com\/sv\/wp-json\/wp\/v2\/product\/1092","targetHints":{"allow":["GET"]}}],"collection":[{"href":"https:\/\/lidaglassware.com\/sv\/wp-json\/wp\/v2\/product"}],"about":[{"href":"https:\/\/lidaglassware.com\/sv\/wp-json\/wp\/v2\/types\/product"}],"replies":[{"embeddable":true,"href":"https:\/\/lidaglassware.com\/sv\/wp-json\/wp\/v2\/comments?post=1092"}],"wp:featuredmedia":[{"embeddable":true,"href":"https:\/\/lidaglassware.com\/sv\/wp-json\/wp\/v2\/media\/1208"}],"wp:attachment":[{"href":"https:\/\/lidaglassware.com\/sv\/wp-json\/wp\/v2\/media?parent=1092"}],"curies":[{"name":"wp","href":"https:\/\/api.w.org\/{rel}","templated":true}]}}