{"id":1097,"date":"2021-07-15T17:19:37","date_gmt":"2021-07-16T01:19:37","guid":{"rendered":"https:\/\/lidaglassware.com\/?post_type=product&#038;p=1097"},"modified":"2021-07-18T23:59:55","modified_gmt":"2021-07-19T07:59:55","slug":"hiball-tumbler-10oz-290ml","status":"publish","type":"product","link":"https:\/\/lidaglassware.com\/sv\/produkt\/hiball-tumlare-10oz-290ml\/","title":{"rendered":"Hiball Tumbler 10oz \/ 290ml"},"content":{"rendered":"<h2>Hiball Tumbler 10oz \/ 290ml<\/h2>\n<p>De tillverkas med maskinpressning. Den visar den \u00f6verl\u00e4gsna klarheten och en fin kant. Du kan ha din egen drinkpresentation.<\/p>\n<p>L\u00e4mplig f\u00f6r anv\u00e4ndning i kommersiella milj\u00f6er som restauranger, pubar, fester, etc. Hoppas du trivs med dessa tumlare.<\/p>\n<p>&nbsp;<\/p>\n<ul>\n<li>Bordsglas i glas<br \/>\nMaterial: Soda Lime Glass<br \/>\nKlassisk design<br \/>\nPresentf\u00f6rpackning finns<br \/>\nKan diskas i diskmaskin<br \/>\nIdealisk f\u00f6r att servera korta cocktails och sprit n\u00e4tt eller p\u00e5 klipporna<br \/>\nL\u00e4mplig f\u00f6r kommersiellt bruk<\/li>\n<\/ul>","protected":false},"excerpt":{"rendered":"<p>Dessa bordsglas \u00e4r l\u00e4mpliga f\u00f6r kommersiella milj\u00f6er s\u00e5v\u00e4l som hemma, dessa hiball-tumlare har tillverkats av soda limeglas. Och de t\u00e5l h\u00e5rd daglig anv\u00e4ndning.<\/p>","protected":false},"featured_media":1211,"comment_status":"closed","ping_status":"closed","template":"","meta":[],"class_list":["post-1097","product","type-product","status-publish","has-post-thumbnail","hentry","product_cat-tumbler-glasses","product_tag-custom-glasses","product_tag-decorated-glasses","product_tag-glass-tumbler","product_tag-table-glass"],"_links":{"self":[{"href":"https:\/\/lidaglassware.com\/sv\/wp-json\/wp\/v2\/product\/1097","targetHints":{"allow":["GET"]}}],"collection":[{"href":"https:\/\/lidaglassware.com\/sv\/wp-json\/wp\/v2\/product"}],"about":[{"href":"https:\/\/lidaglassware.com\/sv\/wp-json\/wp\/v2\/types\/product"}],"replies":[{"embeddable":true,"href":"https:\/\/lidaglassware.com\/sv\/wp-json\/wp\/v2\/comments?post=1097"}],"wp:featuredmedia":[{"embeddable":true,"href":"https:\/\/lidaglassware.com\/sv\/wp-json\/wp\/v2\/media\/1211"}],"wp:attachment":[{"href":"https:\/\/lidaglassware.com\/sv\/wp-json\/wp\/v2\/media?parent=1097"}],"curies":[{"name":"wp","href":"https:\/\/api.w.org\/{rel}","templated":true}]}}