{"id":1114,"date":"2021-07-15T17:22:38","date_gmt":"2021-07-16T01:22:38","guid":{"rendered":"https:\/\/lidaglassware.com\/?post_type=product&#038;p=1114"},"modified":"2021-07-19T00:39:14","modified_gmt":"2021-07-19T08:39:14","slug":"latte-glass-coffee-mug-10oz-300ml","status":"publish","type":"product","link":"https:\/\/lidaglassware.com\/sv\/produkt\/latte-glas-kaffe-mugg-10oz-300ml\/","title":{"rendered":"Latte glas kaffemugg 10oz \/ 300ml"},"content":{"rendered":"<h2>Latte glas kaffemugg 10oz \/ 300ml<\/h2>\n<p>Som specialist p\u00e5 glasvaror, tillhandah\u00e5ller ett brett urval av h\u00e5llbara och eleganta produkter f\u00f6r att passa dina m\u00e5nga behov. I den storslagna traditionen g\u00f6r den h\u00f6gkvalitativa formen och k\u00e4nslan av denna allroundmugg den till ett perfekt komplement till alla kaf\u00e9er eller hotellfrukostbuff\u00e9er. Detta glas erbjuder o\u00f6vertr\u00e4ffad briljans och klarhet och g\u00f6r det omedelbart klart att dina kunder f\u00e5r den b\u00e4sta m\u00f6jliga produkten och servicen.<\/p>\n<p>N\u00e4r b\u00f6rjade en bra historia senast med att n\u00e5gon \u00e5t en sallad? Denna glasmugg \u00e4r den perfekta bunten f\u00f6r att f\u00e5 ig\u00e5ng n\u00e5gon fest!<\/p>\n<p>Du f\u00f6resl\u00e5s g\u00f6ra ditt eget varum\u00e4rke p\u00e5 den! Fyll p\u00e5 nu s\u00e5 att du har glas\u00f6gon redo att g\u00f6ra din kund n\u00f6jd.<\/p>\n<p>Vi har s\u00e5 m\u00e5nga fler kaffeglas f\u00f6r ditt val!<\/p>\n<div class=\"mw-body-content\"><\/div>","protected":false},"excerpt":{"rendered":"<p>Latte Glass Coffee Mug 10oz \/ 300ml As a specialist of glassware, providing a wide selection of durable and elegant products to suit your many needs. In that grand tradition, the high-quality form and feel of this all-purpose mug make it a perfect addition to any coffee shop or hotel breakfast buffet. Offering unparalleled brilliance [&hellip;]<\/p>","protected":false},"featured_media":1223,"comment_status":"closed","ping_status":"closed","template":"","meta":[],"class_list":["post-1114","product","type-product","status-publish","has-post-thumbnail","hentry","product_cat-coffee-glasses","product_tag-branded-glasses","product_tag-custom-glasses","product_tag-decorated-glasses","product_tag-glass-coffee-mug"],"_links":{"self":[{"href":"https:\/\/lidaglassware.com\/sv\/wp-json\/wp\/v2\/product\/1114","targetHints":{"allow":["GET"]}}],"collection":[{"href":"https:\/\/lidaglassware.com\/sv\/wp-json\/wp\/v2\/product"}],"about":[{"href":"https:\/\/lidaglassware.com\/sv\/wp-json\/wp\/v2\/types\/product"}],"replies":[{"embeddable":true,"href":"https:\/\/lidaglassware.com\/sv\/wp-json\/wp\/v2\/comments?post=1114"}],"wp:featuredmedia":[{"embeddable":true,"href":"https:\/\/lidaglassware.com\/sv\/wp-json\/wp\/v2\/media\/1223"}],"wp:attachment":[{"href":"https:\/\/lidaglassware.com\/sv\/wp-json\/wp\/v2\/media?parent=1114"}],"curies":[{"name":"wp","href":"https:\/\/api.w.org\/{rel}","templated":true}]}}