{"id":1118,"date":"2021-07-15T17:23:17","date_gmt":"2021-07-16T01:23:17","guid":{"rendered":"https:\/\/lidaglassware.com\/?post_type=product&#038;p=1118"},"modified":"2024-01-15T21:23:06","modified_gmt":"2024-01-16T05:23:06","slug":"stemless-wine-glasses-18oz-500ml","status":"publish","type":"product","link":"https:\/\/lidaglassware.com\/sv\/produkt\/stamlosa-vinglas-18oz-500ml\/","title":{"rendered":"Staml\u00f6sa vinglas 18oz \/ 500ml"},"content":{"rendered":"<h2>Staml\u00f6sa vinglas 18oz \/ 500ml<\/h2>\n<p>Personliga vinglas ger en unik touch till dina olika anv\u00e4ndningsomr\u00e5den. Dessa skr\u00e4ddarsydda glas\u00f6gon kan anv\u00e4ndas som favoriter eller presenter med ett urval av designs med sammanfl\u00e4tade hj\u00e4rtan. Perfekt f\u00f6r br\u00f6llop, \u00e5rsdagar och speciella f\u00f6delsedagsfirande. K\u00f6p extra att anv\u00e4nda hemma.<\/p>\n<div class=\"mw-body-content\">\n<div id=\"bodyContent\" class=\"mw-body-content\">\n<div id=\"mw-content-text\" class=\"mw-content-ltr\" dir=\"ltr\" lang=\"en\">\n<header class=\"content-header\">\n<h1><span style=\"color: #000000;\">Staml\u00f6sa vinglas<\/span><\/h1>\n<div class=\"author\" data-track-section=\"Author\" data-track-ranker=\"*\">\n<div class=\"byline\"><span style=\"color: #000000;\">F\u00f6rbi\u00a0<a style=\"color: #000000;\" href=\"https:\/\/www.lovetoknow.com\/member\/95~karen-frazier\" target=\"_blank\" rel=\"nofollow noopener\">Karen Frazier<\/a><span class=\"role\">California Wine Appellation Specialist (CWAS)<\/span><\/span><\/div>\n<\/div>\n<\/header>\n<section class=\"content-body text incontent-ads-area\" data-track-section=\"Body\" data-track-ranker=\"*\">\n<figure id=\"image-primary\" class=\"image image-primary\" data-track-section=\"Image - Primary\"><span style=\"color: #000000;\"><a style=\"color: #000000;\" title=\"vin\" href=\"https:\/\/wine.lovetoknow.com\/image\/110655~Cork_and_screw.jpg\" target=\"_blank\" rel=\"noopener\"><img decoding=\"async\" src=\"https:\/\/cf.ltkcdn.net\/wine\/images\/std\/110655-300x199-Cork_and_screw.jpg\" alt=\"vin\" \/><\/a><\/span><\/figure>\n<p><span style=\"color: #000000;\">N\u00e4r staml\u00f6sa vinglas f\u00f6rst kom ut p\u00e5 marknaden var vinentusiaster inte s\u00e4kra p\u00e5 vad de skulle g\u00f6ra av dem. Designen trotsade \u00e5rhundraden av vintradition, en f\u00f6rest\u00e4llning av extrem betydelse i enologisk kultur. Den stora okonventionella glasen matchade dock m\u00e5nga av de sp\u00e4nnande New World-attityderna inom vinframst\u00e4llning, s\u00e5som syntetiska korkar eller skruvkorkar och dj\u00e4rva, ljuvliga, fruktiga New World-viner fr\u00e5n icke-traditionella sorter och blandningar. I takt med att vinframst\u00e4llningen gick in i en ny tid, v\u00e4xte ocks\u00e5 utbudet av k\u00e4rl fr\u00e5n vilka vin\u00e4lskare kunde dricka det.<\/span><\/p>\n<div id=\"afs-top\" class=\"ad ad-afs\"><\/div>\n<h2><span style=\"color: #000000;\">Samma form, ingen stam<\/span><\/h2>\n<p><span style=\"color: #000000;\">Traditionell\u00a0<a style=\"color: #000000;\" title=\"Vinglas\" href=\"https:\/\/wine.lovetoknow.com\/wiki\/Types_of_Wine_Glasses\" target=\"_blank\" rel=\"noopener\">stengods<\/a>\u00a0f\u00f6r vin \u00e4r byggt p\u00e5 m\u00e5nga konventioner som tros f\u00f6rb\u00e4ttra upplevelsen av att dricka vin.<\/span><\/p>\n<ul>\n<li><span style=\"color: #000000;\">Sk\u00e5lformen varierar f\u00f6r olika typer av viner f\u00f6r att placera vinerna i munnen l\u00e4ngs smakl\u00f6karna f\u00f6r att uppfatta vinets unika smaker.<\/span><\/li>\n<li><span style=\"color: #000000;\">Storleken och formen p\u00e5 f\u00e4lgarna styr aromer p\u00e5 det s\u00e4tt som \u00e4r mest tilltalande f\u00f6r den typ av vin du dricker.<\/span><\/li>\n<li><span style=\"color: #000000;\">Materialet som glasen \u00e4r tillverkade med \u00e5terspeglar vinets klarhet och f\u00e4rg.<\/span><\/li>\n<li><span style=\"color: #000000;\">Skaftet g\u00f6r att du kan h\u00e5lla glaset utan att projicera v\u00e4rmen fr\u00e5n din hand genom glasets sk\u00e5l och v\u00e4rma vinet \u00f6ver den idealiska temperaturen.<\/span><\/li>\n<\/ul>\n<p><span style=\"color: #000000;\">Stemless vinglas g\u00f6r alla dessa saker ocks\u00e5, f\u00f6rutom det sista f\u00f6rem\u00e5let. De ser ut som sk\u00e5len med traditionella vinglas, men saknar stj\u00e4lken. Ist\u00e4llet har staml\u00f6sa vinglas en platt fl\u00e4ck l\u00e4ngs botten av sk\u00e5len s\u00e5 att du kan st\u00e4lla dem f\u00f6rsiktigt p\u00e5 en yta. M\u00e5nga varianter av staml\u00f6sa vinglas finns f\u00f6r olika typer av vin, b\u00e5de r\u00f6da och vita.<\/span><\/p>\n<h2><span style=\"color: #000000;\">Det goda och det onda<\/span><\/h2>\n<p><span style=\"color: #000000;\">Det mest bekymmersamma f\u00f6r oenofiler var bristen p\u00e5 en stam. De kunde k\u00e4nna igen glasens unikt formade sk\u00e5lar, men m\u00e5nga tyckte att avsaknaden av en stj\u00e4lk var f\u00f6rvirrande. Utan en stj\u00e4lk att h\u00e5lla i, hur skulle man kunna undvika att v\u00e4rma vinet? Likas\u00e5, hur skulle man effektivt kunna snurra vinet f\u00f6r att observera dess ben och frig\u00f6ra dess aromer utan en stj\u00e4lk att h\u00e5lla glaset vid?<\/span><\/p>\n<h3><span style=\"color: #000000;\">F\u00f6rdelar<\/span><\/h3>\n<p><span style=\"color: #000000;\">Staml\u00f6sa vinglas \u00e4r faktiskt vettiga p\u00e5 m\u00e5nga s\u00e4tt och erbjuder distinkta f\u00f6rdelar j\u00e4mf\u00f6rt med sina stammade kusiner.<\/span><\/p>\n<ul>\n<li><span style=\"color: #000000;\">Avsaknaden av stj\u00e4lkar g\u00f6r att de passar b\u00e4ttre n\u00e4stan var du vill placera dem. Sk\u00e5p h\u00e5ller dem mer effektivt, och det \u00e4r l\u00e4tt att diska dem p\u00e5 det \u00f6versta st\u00e4llet i diskmaskinen.<\/span><\/li>\n<li><span style=\"color: #000000;\">Stammar kan vara \u00f6mt\u00e5liga och l\u00e4tta att bryta. Att ta bort stj\u00e4lkarna g\u00f6r glasen robustare. Utan stj\u00e4lkar \u00e4r de l\u00e4ttare att packa med sig (f\u00f6rsiktigt vadderade f\u00f6rst\u00e5s) f\u00f6r picknick eller att ta med hem till en kompis.<\/span><\/li>\n<li><span style=\"color: #000000;\">Glas\u00f6gonen speglar en stil som \u00e4r mer i linje med dagens avslappnade underh\u00e5llning. Genom att ta bort stj\u00e4lkarna fr\u00e5n glas\u00f6gonen framst\u00e5r de som mycket mindre formella och mer l\u00e4ttillg\u00e4ngliga, inbjudande varje dag och kausal anv\u00e4ndning.<\/span><\/li>\n<li><span style=\"color: #000000;\">\u00c4ven utan stj\u00e4lkar f\u00f6rblir glasen igenk\u00e4nnliga som vinglas.<\/span><\/li>\n<\/ul>\n<\/section>\n<\/div>\n<\/div>\n<\/div>","protected":false},"excerpt":{"rendered":"<p><strong>Staml\u00f6sa vinglas<\/strong> representerar en modern utveckling i v\u00e4rlden av <strong>glas<\/strong>. Dessa innovativa k\u00e4rl, som saknar den traditionella stammen, erbjuder en unik estetisk tilltalande, och sm\u00e4lter s\u00f6ml\u00f6st med moderna dukning. Medan vissa purister kan argumentera f\u00f6r den klassiska skaftdesignen, ger den skaftl\u00f6sa varianten obestridlig praktisk funktion.<\/p>\n<p>Fr\u00e5nvaron av skaft minskar risken f\u00f6r att de g\u00e5r s\u00f6nder, vilket g\u00f6r dessa glas\u00f6gon s\u00e4rskilt l\u00e4mpliga f\u00f6r tillf\u00e4lliga sammankomster och livliga evenemang. Dessutom underl\u00e4ttar deras kompakta natur enklare f\u00f6rvaring, en v\u00e4lsignelse f\u00f6r dem med begr\u00e4nsat sk\u00e5putrymme. Ut\u00f6ver bara funktionalitet, <strong>staml\u00f6sa vinglas<\/strong> utstr\u00e5lar en minimalistisk elegans som h\u00f6jer vinupplevelsen.<\/p>","protected":false},"featured_media":4053,"comment_status":"closed","ping_status":"closed","template":"","meta":[],"class_list":["post-1118","product","type-product","status-publish","has-post-thumbnail","hentry","product_cat-branded-glasses","product_cat-wine-glasses","product_tag-branded-glasses","product_tag-decal-process","product_tag-decorated-glasses","product_tag-whiskey-glass","product_tag-wine-glass"],"_links":{"self":[{"href":"https:\/\/lidaglassware.com\/sv\/wp-json\/wp\/v2\/product\/1118","targetHints":{"allow":["GET"]}}],"collection":[{"href":"https:\/\/lidaglassware.com\/sv\/wp-json\/wp\/v2\/product"}],"about":[{"href":"https:\/\/lidaglassware.com\/sv\/wp-json\/wp\/v2\/types\/product"}],"replies":[{"embeddable":true,"href":"https:\/\/lidaglassware.com\/sv\/wp-json\/wp\/v2\/comments?post=1118"}],"wp:featuredmedia":[{"embeddable":true,"href":"https:\/\/lidaglassware.com\/sv\/wp-json\/wp\/v2\/media\/4053"}],"wp:attachment":[{"href":"https:\/\/lidaglassware.com\/sv\/wp-json\/wp\/v2\/media?parent=1118"}],"curies":[{"name":"wp","href":"https:\/\/api.w.org\/{rel}","templated":true}]}}