{"id":1141,"date":"2021-07-15T17:27:09","date_gmt":"2021-07-16T01:27:09","guid":{"rendered":"https:\/\/lidaglassware.com\/?post_type=product&#038;p=1141"},"modified":"2021-07-20T17:40:36","modified_gmt":"2021-07-21T01:40:36","slug":"green-painted-glass-candle-holder-2-4oz","status":"publish","type":"product","link":"https:\/\/lidaglassware.com\/sv\/produkt\/gront-malat-glas-ljusstake-2-4oz\/","title":{"rendered":"Ljusstake i gr\u00f6nt m\u00e5lat glas 2,4 oz"},"content":{"rendered":"<h2>Ljusstake i gr\u00f6nt m\u00e5lat glas 2,4 oz<\/h2>\n<ul>\n<li>Ljush\u00e5llare i f\u00e4rgat glas<\/li>\n<li>Material: Soda Lime Glass<\/li>\n<li>Tungviktsbas<\/li>\n<li>Presentf\u00f6rpackning finns<\/li>\n<li>Kan diskas i diskmaskin<\/li>\n<li>Idealisk f\u00f6r ljus<\/li>\n<\/ul>\n<p>&nbsp;<\/p>\n<p>&nbsp;<\/p>\n<div id=\"bodyContent\" class=\"mw-body-content\">\n<div id=\"mw-content-text\" class=\"mw-content-ltr\" dir=\"ltr\" lang=\"en\">\n<p>&nbsp;<\/p>\n<p>&nbsp;<\/p>\n<\/div>\n<\/div>","protected":false},"excerpt":{"rendered":"<p>Skr\u00e4ddarsydd ljush\u00e5llare i glas. Finns dekorationer p\u00e5 olika platser, i olika f\u00e4rger.<\/p>\n<p>&nbsp;<\/p>","protected":false},"featured_media":1246,"comment_status":"closed","ping_status":"closed","template":"","meta":[],"class_list":["post-1141","product","type-product","status-publish","has-post-thumbnail","hentry","product_cat-colored-glasses","product_cat-glass-candle-holders","product_tag-colored-glass","product_tag-colored-glass-candle-holder","product_tag-custom-glasses","product_tag-decorated-glasses","product_tag-glass-candle-holder","product_tag-sprayed-glass"],"_links":{"self":[{"href":"https:\/\/lidaglassware.com\/sv\/wp-json\/wp\/v2\/product\/1141","targetHints":{"allow":["GET"]}}],"collection":[{"href":"https:\/\/lidaglassware.com\/sv\/wp-json\/wp\/v2\/product"}],"about":[{"href":"https:\/\/lidaglassware.com\/sv\/wp-json\/wp\/v2\/types\/product"}],"replies":[{"embeddable":true,"href":"https:\/\/lidaglassware.com\/sv\/wp-json\/wp\/v2\/comments?post=1141"}],"wp:featuredmedia":[{"embeddable":true,"href":"https:\/\/lidaglassware.com\/sv\/wp-json\/wp\/v2\/media\/1246"}],"wp:attachment":[{"href":"https:\/\/lidaglassware.com\/sv\/wp-json\/wp\/v2\/media?parent=1141"}],"curies":[{"name":"wp","href":"https:\/\/api.w.org\/{rel}","templated":true}]}}