{"id":1157,"date":"2021-07-15T17:29:25","date_gmt":"2021-07-16T01:29:25","guid":{"rendered":"https:\/\/lidaglassware.com\/?post_type=product&#038;p=1157"},"modified":"2021-07-18T23:38:27","modified_gmt":"2021-07-19T07:38:27","slug":"inside-painted-pint-glass-16oz-453ml","status":"publish","type":"product","link":"https:\/\/lidaglassware.com\/sv\/produkt\/inuti-malat-pint-glas-16oz-453ml\/","title":{"rendered":"Inuti m\u00e5lat pintglas 16oz \/ 453ml"},"content":{"rendered":"<h1><span style=\"color: #333333;\">Inuti m\u00e5lat pintglas 16oz \/ 453ml<\/span><\/h1>\n<p>&nbsp;<\/p>\n<p>Dessa f\u00e4rgade pintglas tj\u00e4nar till \u00f6l och mixerglas f\u00f6r cocktails och andra blandade drycker.<\/p>\n<p>Pantone-f\u00e4rger \u00e4r anv\u00e4ndbara f\u00f6r ditt personliga val. De anv\u00e4nder EP-f\u00e4rg\u00e4mnen och t\u00e5l maskindisk.<\/p>\n<p>Detta \u00e4r mer personligt \u00e4n deras konkurrenter. De fungerar bra som reklamartiklar f\u00f6r br\u00f6llop, f\u00f6retagsevent eller f\u00f6r alla festliga tillf\u00e4llen.<\/p>\n<p>F\u00f6r att ditt varum\u00e4rke ska sticka ut \u00e4r din skr\u00e4ddarsydda logotyp ett m\u00e5ste.<\/p>","protected":false},"excerpt":{"rendered":"<p>Skr\u00e4ddarsydda pintglas visar ett f\u00f6retag som \u00e4r k\u00e4nsligt f\u00f6r att n\u00e5 ut och har en unik syn p\u00e5 aff\u00e4rer.<\/p>","protected":false},"featured_media":1259,"comment_status":"closed","ping_status":"closed","template":"","meta":[],"class_list":["post-1157","product","type-product","status-publish","has-post-thumbnail","hentry","product_cat-beer-glasses","product_cat-colored-glasses","product_tag-colored-glass","product_tag-decorated-glasses","product_tag-glass-tumbler","product_tag-pint-glass","product_tag-sprayed-glass","product_tag-table-glass","product_tag-wine-glass"],"_links":{"self":[{"href":"https:\/\/lidaglassware.com\/sv\/wp-json\/wp\/v2\/product\/1157","targetHints":{"allow":["GET"]}}],"collection":[{"href":"https:\/\/lidaglassware.com\/sv\/wp-json\/wp\/v2\/product"}],"about":[{"href":"https:\/\/lidaglassware.com\/sv\/wp-json\/wp\/v2\/types\/product"}],"replies":[{"embeddable":true,"href":"https:\/\/lidaglassware.com\/sv\/wp-json\/wp\/v2\/comments?post=1157"}],"wp:featuredmedia":[{"embeddable":true,"href":"https:\/\/lidaglassware.com\/sv\/wp-json\/wp\/v2\/media\/1259"}],"wp:attachment":[{"href":"https:\/\/lidaglassware.com\/sv\/wp-json\/wp\/v2\/media?parent=1157"}],"curies":[{"name":"wp","href":"https:\/\/api.w.org\/{rel}","templated":true}]}}