{"id":2069,"date":"2023-08-02T23:18:39","date_gmt":"2023-08-03T07:18:39","guid":{"rendered":"https:\/\/lidaglassware.com\/?post_type=product&#038;p=2069"},"modified":"2023-09-04T04:03:53","modified_gmt":"2023-09-04T12:03:53","slug":"luxurious-drinking-whiskey-glasses-with-mountain-bottom-240ml","status":"publish","type":"product","link":"https:\/\/lidaglassware.com\/sv\/produkt\/lyxiga-drickande-whisky-glasogon-med-bergsbotten-240ml\/","title":{"rendered":"Lyxiga drickswhiskyglas med bergsbotten 240ml"},"content":{"rendered":"<p><em><strong>Avsnitt 1: &quot;Smutta p\u00e5 sofistikeringen&quot;<\/strong><\/em><\/p>\n<p>F\u00f6rh\u00f6j din whiskyupplevelse med v\u00e5ra fantastiska kristallwhiskyglas. Vackert designade f\u00f6r att f\u00e5nga essensen av elegans, dessa glas ger en lyxig touch till din hemmabar. Det fina hantverket s\u00e4kerst\u00e4ller ett bekv\u00e4mt grepp och en sensationell smutsupplevelse, som l\u00e4mnar ett evigt intryck p\u00e5 dina smakl\u00f6kar och dina g\u00e4ster.<\/p>\n<p><em><strong>Avsnitt 2: &quot;Konstn\u00e4r i varje detalj&quot;<\/strong><\/em><\/p>\n<p>Tillverkade med yttersta omsorg och precision visar v\u00e5ra kristallwhiskyglas upp konsten att tillverka glas. Den bl\u00e4ndande gnistan, den harmoniska balansen mellan vikt och estetik, och de intrikata detaljerna g\u00f6r varje glas till ett m\u00e4sterverk. Dessa glas \u00e4r inte bara dryckesartiklar; de \u00e4r en konversationsstartare, en symbol f\u00f6r prestige och ett konstverk.<\/p>\n<p><em><strong>Avsnitt 3: &quot;Fira med kvalitet&quot;<\/strong><\/em><\/p>\n<p>Kvalitet \u00e4r viktigt n\u00e4r det kommer till att njuta av din favoritsprit, och v\u00e5ra kristall-whiskyglas st\u00e5r upp till f\u00f6rv\u00e4ntningarna. Tillverkade av de finaste materialen erbjuder dessa glas en felfri klarhet som f\u00f6rst\u00e4rker din whiskys visuella tilltalande. Rej\u00e4la men \u00e4nd\u00e5 sofistikerade, de \u00e4r byggda f\u00f6r att h\u00e5lla och avsedda att bli dina favoritglas\u00f6gon f\u00f6r b\u00e5de fester och lugna kv\u00e4llar.<\/p>\n<div class=\"mw-body-content\">\n<div id=\"bodyContent\" class=\"mw-body-content\">\n<div id=\"mw-content-text\" class=\"mw-content-ltr\" dir=\"ltr\" lang=\"en\">\n<header class=\"content-header\"><\/header>\n<section class=\"content-body text incontent-ads-area\" data-track-section=\"Body\" data-track-ranker=\"*\">\u00a0<\/section>\n<\/div>\n<\/div>\n<\/div>","protected":false},"excerpt":{"rendered":"<p>Drick whisky med v\u00e5ra eleganta kristallglas. Hantverk, kvalitet och konstn\u00e4rskap kombineras f\u00f6r den ultimata upplevelsen. K\u00f6p idag!<\/p>","protected":false},"featured_media":2054,"comment_status":"closed","ping_status":"closed","template":"","meta":[],"class_list":["post-2069","product","type-product","status-publish","has-post-thumbnail","hentry","product_cat-whiskey-glasses","product_tag-branded-glasses","product_tag-decal-process","product_tag-decorated-glasses","product_tag-whiskey-glass","product_tag-wine-glass"],"_links":{"self":[{"href":"https:\/\/lidaglassware.com\/sv\/wp-json\/wp\/v2\/product\/2069","targetHints":{"allow":["GET"]}}],"collection":[{"href":"https:\/\/lidaglassware.com\/sv\/wp-json\/wp\/v2\/product"}],"about":[{"href":"https:\/\/lidaglassware.com\/sv\/wp-json\/wp\/v2\/types\/product"}],"replies":[{"embeddable":true,"href":"https:\/\/lidaglassware.com\/sv\/wp-json\/wp\/v2\/comments?post=2069"}],"wp:featuredmedia":[{"embeddable":true,"href":"https:\/\/lidaglassware.com\/sv\/wp-json\/wp\/v2\/media\/2054"}],"wp:attachment":[{"href":"https:\/\/lidaglassware.com\/sv\/wp-json\/wp\/v2\/media?parent=2069"}],"curies":[{"name":"wp","href":"https:\/\/api.w.org\/{rel}","templated":true}]}}