{"id":2962,"date":"2023-09-07T00:24:55","date_gmt":"2023-09-07T08:24:55","guid":{"rendered":"https:\/\/lidaglassware.com\/?post_type=product&#038;p=2962"},"modified":"2023-09-07T00:24:55","modified_gmt":"2023-09-07T08:24:55","slug":"vintage-martini-glass-9oz","status":"publish","type":"product","link":"https:\/\/lidaglassware.com\/sv\/produkt\/vintage-martini-glas-9oz\/","title":{"rendered":"Vintage Martini Glas 9oz"},"content":{"rendered":"<p>N\u00e4r du f\u00f6rest\u00e4ller dig ikoniska cocktails sticker tvekl\u00f6st Vintage Martini Glass ut. Och det med r\u00e4tta. Liksom m\u00e5nga cocktailglas \u00e4r dess design inte bara f\u00f6r show.<\/p>\n<p>&quot;Att v\u00e4lja r\u00e4tt glas f\u00f6r varje cocktail \u00e4r avg\u00f6rande. Det h\u00f6jer hela dryckesupplevelsen\u201d, konstaterar mixologen Adam Way. \u201cGlaset du v\u00e4ljer p\u00e5verkar drinkens utseende och k\u00e4nsla. Specifika glas f\u00f6rst\u00e4rker speciella egenskaper hos cocktails, och att v\u00e4lja det r\u00e4tta visar din uppm\u00e4rksamhet p\u00e5 detaljer.&quot;<\/p>\n<p>&nbsp;<\/p>","protected":false},"excerpt":{"rendered":"<p>Varje bar beh\u00f6ver Vintage Martini Glass. De \u00e4r idealiska f\u00f6r drycker som serveras utan is. Den l\u00e5ngstr\u00e4ckta stj\u00e4lken och koniska designen hj\u00e4lper till att h\u00e5lla dryckens temperatur, medan dess breda \u00f6ppning f\u00f6rst\u00e4rker aromen. \u00c4ven om det \u00e4r att v\u00e4lja p\u00e5 f\u00f6r b\u00e5de skakade och r\u00f6rda martinis, \u00e4r den lika l\u00e4mpad f\u00f6r kosmopoliter, citrondroppar och \u00f6verseende choklad espresso martinis.<\/p>","protected":false},"featured_media":2921,"comment_status":"open","ping_status":"closed","template":"","meta":[],"class_list":["post-2962","product","type-product","status-publish","has-post-thumbnail","hentry","product_cat-cocktail-glasses","product_tag-cocktail-glasses"],"_links":{"self":[{"href":"https:\/\/lidaglassware.com\/sv\/wp-json\/wp\/v2\/product\/2962","targetHints":{"allow":["GET"]}}],"collection":[{"href":"https:\/\/lidaglassware.com\/sv\/wp-json\/wp\/v2\/product"}],"about":[{"href":"https:\/\/lidaglassware.com\/sv\/wp-json\/wp\/v2\/types\/product"}],"replies":[{"embeddable":true,"href":"https:\/\/lidaglassware.com\/sv\/wp-json\/wp\/v2\/comments?post=2962"}],"wp:featuredmedia":[{"embeddable":true,"href":"https:\/\/lidaglassware.com\/sv\/wp-json\/wp\/v2\/media\/2921"}],"wp:attachment":[{"href":"https:\/\/lidaglassware.com\/sv\/wp-json\/wp\/v2\/media?parent=2962"}],"curies":[{"name":"wp","href":"https:\/\/api.w.org\/{rel}","templated":true}]}}