{"id":2963,"date":"2023-09-07T00:28:13","date_gmt":"2023-09-07T08:28:13","guid":{"rendered":"https:\/\/lidaglassware.com\/?post_type=product&#038;p=2963"},"modified":"2023-09-07T00:38:42","modified_gmt":"2023-09-07T08:38:42","slug":"cocktail-glasses-coupe-350ml","status":"publish","type":"product","link":"https:\/\/lidaglassware.com\/sv\/produkt\/cocktail-glas-coupe-350ml\/","title":{"rendered":"Cocktailglas\u00f6gon Coupe 350ml"},"content":{"rendered":"<p>Cocktail Glasses Coupe: Dyk in i v\u00e4rlden av sofistikerat drickande med v\u00e5r noggrant utformade Cocktail Glasses Coupe.<\/p>\n<p>Varje cocktailentusiast vet att r\u00e4tt glas kan g\u00f6ra stor skillnad, och v\u00e5ra Coupe-glas \u00e4r designade f\u00f6r att g\u00f6ra just det. Med sin eleganta breda sk\u00e5l presenterar de inte bara din drink vackert utan koncentrerar ocks\u00e5 aromerna, vilket s\u00e4kerst\u00e4ller att varje klunk \u00e4r en sensorisk fr\u00f6jd. Den l\u00e5nga stj\u00e4lken, f\u00f6rutom att l\u00e4gga till dess klassiska tilltalande, s\u00e4kerst\u00e4ller att din drink f\u00f6rblir kyld, or\u00f6rd av handv\u00e4rme. Oavsett om du serverar en tidl\u00f6s martini, en kosmopolitisk eller experimenterar med nya mixologiska skapelser, \u00e4r dessa glas den perfekta f\u00f6ljeslagaren. V\u00e5ra Coupe-glas \u00e4r utformade f\u00f6r b\u00e5de professionella mixologer och hembartenders, och blandar s\u00f6ml\u00f6st form och funktion. F\u00f6rb\u00e4ttra din barsamling, imponera p\u00e5 dina g\u00e4ster och h\u00f6j varje cocktailtimme. Bl\u00e4ddra i v\u00e5r kollektion och investera i ett tidl\u00f6st verk som handlar lika mycket om upplevelse som om presentation.<\/p>","protected":false},"excerpt":{"rendered":"<p>\u201cCocktail Glasses Coupe: F\u00f6rh\u00f6j din cocktailupplevelse med v\u00e5ra premium Coupe-glas. Dessa glas \u00e4r designade f\u00f6r elegans och funktionalitet och \u00e4r perfekta f\u00f6r att visa upp dina favoritdrinkar. Den breda sk\u00e5len f\u00e5ngar aromer, f\u00f6rst\u00e4rker smakprofilen p\u00e5 din cocktail, medan den l\u00e5nga stj\u00e4lken garanterar en sval klunk varje g\u00e5ng. Idealiska f\u00f6r b\u00e5de mixologer och cocktailentusiaster, v\u00e5ra Coupe-glas \u00e4r ett m\u00e5ste f\u00f6r alla sofistikerade barkollektioner. Handla nu och servera med stil!\u201d<\/p>","protected":false},"featured_media":2952,"comment_status":"open","ping_status":"closed","template":"","meta":[],"class_list":["post-2963","product","type-product","status-publish","has-post-thumbnail","hentry","product_cat-cocktail-glasses","product_tag-cocktail-glasses"],"_links":{"self":[{"href":"https:\/\/lidaglassware.com\/sv\/wp-json\/wp\/v2\/product\/2963","targetHints":{"allow":["GET"]}}],"collection":[{"href":"https:\/\/lidaglassware.com\/sv\/wp-json\/wp\/v2\/product"}],"about":[{"href":"https:\/\/lidaglassware.com\/sv\/wp-json\/wp\/v2\/types\/product"}],"replies":[{"embeddable":true,"href":"https:\/\/lidaglassware.com\/sv\/wp-json\/wp\/v2\/comments?post=2963"}],"wp:featuredmedia":[{"embeddable":true,"href":"https:\/\/lidaglassware.com\/sv\/wp-json\/wp\/v2\/media\/2952"}],"wp:attachment":[{"href":"https:\/\/lidaglassware.com\/sv\/wp-json\/wp\/v2\/media?parent=2963"}],"curies":[{"name":"wp","href":"https:\/\/api.w.org\/{rel}","templated":true}]}}