{"id":2966,"date":"2023-09-07T00:48:15","date_gmt":"2023-09-07T08:48:15","guid":{"rendered":"https:\/\/lidaglassware.com\/?post_type=product&#038;p=2966"},"modified":"2023-09-07T00:54:51","modified_gmt":"2023-09-07T08:54:51","slug":"vintage-sour-glass-155ml","status":"publish","type":"product","link":"https:\/\/lidaglassware.com\/sv\/produkt\/vintage-surt-glas-155ml\/","title":{"rendered":"Vintage surt glas 155ml"},"content":{"rendered":"<p>Vintage Sour Glass: Ge dig ut p\u00e5 en nostalgisk resa med v\u00e5r vackert utformade Vintage Sour Glass-kollektion. Designade f\u00f6r att f\u00e5nga essensen av svunna tider, dessa glas \u00e4r ett bevis p\u00e5 cocktailkulturens rika historia. Med sin unika kurvatur och eleganta design \u00e4r de inte bara glas utan ett konstverk som lyfter upp varje drink som h\u00e4lls i dem. Formen \u00e4r noggrant utformad f\u00f6r att f\u00f6rb\u00e4ttra den k\u00e4nsliga balansen mellan de s\u00f6ta och sura komponenterna i klassiska cocktails, vilket s\u00e4kerst\u00e4ller att varje klunk \u00e4r en harmonisk blandning av smaker. Den l\u00e5nga stj\u00e4lken, en signatur av vintagedesign, garanterar att din drink f\u00f6rblir sval, vilket ger en oavbruten smakupplevelse. Oavsett om du \u00e4r en erfaren mixolog, en cocktailentusiast eller n\u00e5gon som uppskattar de finare sakerna i livet, \u00e4r v\u00e5rt Vintage Sour Glass ett m\u00e5ste till din barware-kollektion. Dyk in i den klassiska mixologins v\u00e4rld och l\u00e5t varje drink vara en \u00e5terspegling av elegans och tradition. Utforska v\u00e5rt sortiment och ta hem en touch av tidl\u00f6s sofistikering.<\/p>","protected":false},"excerpt":{"rendered":"<p>Vintage Sour Glass: F\u00f6rh\u00f6j din cocktailupplevelse med v\u00e5rt autentiskt designade Vintage Sour Glass. Perfekt formad f\u00f6r att framh\u00e4va balansen mellan s\u00f6tt och surt i klassiska drycker, dess eleganta kurva och l\u00e5nga skaft blandar tradition med funktionalitet. Ett m\u00e5ste f\u00f6r cocktail\u00e4lskare och de med en f\u00f6rk\u00e4rlek f\u00f6r tidl\u00f6s elegans.<\/p>","protected":false},"featured_media":2947,"comment_status":"open","ping_status":"closed","template":"","meta":[],"class_list":["post-2966","product","type-product","status-publish","has-post-thumbnail","hentry","product_cat-cocktail-glasses","product_tag-cocktail-glasses"],"_links":{"self":[{"href":"https:\/\/lidaglassware.com\/sv\/wp-json\/wp\/v2\/product\/2966","targetHints":{"allow":["GET"]}}],"collection":[{"href":"https:\/\/lidaglassware.com\/sv\/wp-json\/wp\/v2\/product"}],"about":[{"href":"https:\/\/lidaglassware.com\/sv\/wp-json\/wp\/v2\/types\/product"}],"replies":[{"embeddable":true,"href":"https:\/\/lidaglassware.com\/sv\/wp-json\/wp\/v2\/comments?post=2966"}],"wp:featuredmedia":[{"embeddable":true,"href":"https:\/\/lidaglassware.com\/sv\/wp-json\/wp\/v2\/media\/2947"}],"wp:attachment":[{"href":"https:\/\/lidaglassware.com\/sv\/wp-json\/wp\/v2\/media?parent=2966"}],"curies":[{"name":"wp","href":"https:\/\/api.w.org\/{rel}","templated":true}]}}